{"id":1010585,"date":"2024-09-05T09:51:34","date_gmt":"2024-09-05T09:51:34","guid":{"rendered":"https:\/\/store.todsystem.com\/prodotto\/ax-18a-6pcs-bulk\/"},"modified":"2025-06-11T11:59:53","modified_gmt":"2025-06-11T11:59:53","slug":"paquete-de-6-servomotores-dynamixel-ax-18a","status":"publish","type":"product","link":"https:\/\/store.todsystem.com\/es\/producto\/paquete-de-6-servomotores-dynamixel-ax-18a\/","title":{"rendered":"Lote de 6 servomotores Dynamixel AX-18A"},"content":{"rendered":"<div class=\"vgblk-rw-wrapper limit-wrapper\">\n<h2>Servomotor Dynamixel AX-18A: potencia y precisi\u00f3n para sus proyectos de rob\u00f3tica<\/h2>\n<p>Descubre la <strong><a class=\"catalogue\" title=\"Servomotor Dynamixel AX-18A\" href=\"https:\/\/www.generationrobots.com\/it\/401076-servomotore-dynamixel-ax-18-a-robotis.html\" target=\"_self\" rel=\"noreferrer noopener nofollow\">Servomotor Dynamixel AX-18A<\/a><\/strong>el servomotor b\u00e1sico m\u00e1s potente de Robotis. Con un par de 1,83 N.m y una velocidad en vac\u00edo de 97 rpm a 12 V, este servomotor es la elecci\u00f3n ideal para sus proyectos de rob\u00f3tica. <\/p>\n<p>Actualizaci\u00f3n del anterior AX-18F, el AX-18A ofrece las mismas excelentes prestaciones, pero con un dise\u00f1o exterior modernizado. Como cualquier servomotor de la serie Dynamixel, la tecnolog\u00eda integrada incluye un <strong>caja de cambios<\/strong>, a <strong>controlador<\/strong> y un <strong>conductor<\/strong>todos comunic\u00e1ndose a trav\u00e9s de <strong>paquetes digitales<\/strong>. La programaci\u00f3n se simplifica gracias al software RoboPlus.<\/p>\n<p>En particular, la AX-18A se distingue por su potencia superior en comparaci\u00f3n con la <a class=\"catalogue\" title=\"Servomotor Dynamixel AX-12A\" href=\"https:\/\/www.generationrobots.com\/it\/401075-servomotore-dynamixel-ax-12-a-robotis.html\" target=\"_self\" rel=\"noreferrer noopener nofollow\">Dynamixel AX-12A<\/a>. La comunicaci\u00f3n se realiza a trav\u00e9s de un <strong>conexi\u00f3n TTL multipunto<\/strong>lo que lo hace vers\u00e1til para su integraci\u00f3n con otros servomotores. Este modelo est\u00e1 especialmente recomendado para el kit de rob\u00f3tica <strong><a class=\"catalogue\" title=\"Robot humanoide programable Robotis GP\" href=\"https:\/\/www.generationrobots.com\/it\/401070-robot-umanoide-programmabile-bioloide-gp.html\" rel=\"nofollow noopener\" target=\"_blank\">Bioloid GP<\/a><\/strong>el robot de competici\u00f3n de alto nivel.<\/p>\n<p>Tenga en cuenta que para aprovechar al m\u00e1ximo el servomotor Dynamixel AX-18A, es necesario un controlador compatible, como por ejemplo <a class=\"catalogue\" title=\"Controlador Dynamixel\" href=\"https:\/\/www.generationrobots.com\/it\/267-controllori-dynamixel\" rel=\"nofollow noopener\" target=\"_blank\">CM-700<\/a>, <a class=\"catalogue\" title=\"Controlador CM-5\" href=\"https:\/\/www.generationrobots.com\/it\/401991-confezione-da-6-servi-dynamixel-ax-18a.html\" rel=\"nofollow noopener\" target=\"_blank\">CM-5<\/a>, <a class=\"catalogue\" title=\"Controlador CM-510\" href=\"https:\/\/www.generationrobots.com\/it\/401991-confezione-da-6-servi-dynamixel-ax-18a.html\" rel=\"nofollow noopener\" target=\"_blank\">CM-510<\/a> o <a class=\"catalogue\" title=\"Controlador CM-530\" href=\"https:\/\/www.generationrobots.com\/it\/400805-controller-cm-530-robotis.html\" rel=\"nofollow noopener\" target=\"_blank\">CM-530<\/a> para un control eficaz.<\/p>\n<h2>Asequible pack de 6 servomotores Dynamixel AX-18A: ahorre dinero y mejore su proyecto<\/h2>\n<p>Aproveche la <strong>Paquete de 6 servomotores Dynamixel AX-18A<\/strong> \u00a1y ahorre en el coste de un servomotor! Este conjunto es una opci\u00f3n optimizada para aquellos que deseen implementar varios motores sin comprometer el presupuesto, perfecto para proyectos ambiciosos.<\/p>\n<p>Tenga en cuenta que el paquete s\u00f3lo contiene los servomotores, mientras que los accesorios esenciales como tornillos, tuercas y cables deben adquirirse por separado. Sin embargo, este conjunto 902-0044-001 representa una incre\u00edble oportunidad de ahorro, especialmente para los dise\u00f1adores que necesitan estos componentes esenciales. Si a\u00fan no dispone de los materiales necesarios, puede encontrarlos f\u00e1cilmente <a class=\"catalogue\" title=\"Fuente de alimentaci\u00f3n para componentes Dynamixel y servomotores\" href=\"https:\/\/www.generationrobots.com\/it\/134-moduli-e-parti-dynamixel\" rel=\"nofollow noopener\" target=\"_blank\">en nuestro sitio web<\/a>.<\/p>\n<h2>Especificaciones t\u00e9cnicas del servomotor Dynamixel AX-18A<\/h2>\n<ul>\n<li>Protocolo de comunicaci\u00f3n: TTL<\/li>\n<li>Tensi\u00f3n de funcionamiento: de 9 a 12 V (\u00f3ptima: 11,1 V)<\/li>\n<li>Par de bloqueo: 1,83 N.m (a 12 V y 2,2 A)<\/li>\n<li>Gama de temperaturas: de -5\u00b0C a 75\u00b0C<\/li>\n<li>Se\u00f1al de control: paquete digital<\/li>\n<li>Conexi\u00f3n f\u00edsica: TTL multipunto<\/li>\n<li>Velocidad en vac\u00edo: 97 rpm a 12 V<\/li>\n<li>Resoluci\u00f3n angular: aprox. 0,29\u00b0.<\/li>\n<li>\u00c1ngulo m\u00e1ximo de rotaci\u00f3n: 300\u00b0.<\/li>\n<li>Modo de rueda: rotaci\u00f3n continua<\/li>\n<li>Motor central: incluido<\/li>\n<li>Relaci\u00f3n de reducci\u00f3n: 254:1<\/li>\n<li>Peso: 52,9 g<\/li>\n<li>Dimensiones: 32 mm x 50 mm x 40 mm<\/li>\n<\/ul>\n<\/div>\n<p><!-- .vgblk-rw-wrapper --><\/p>","protected":false},"excerpt":{"rendered":"<p>El kit 902-0044-001 consta de 6 servomotores serie inteligentes Dynamixel AX-18A, ideales para aplicaciones rob\u00f3ticas que requieren un par elevado y una mayor velocidad. Descubra la potencia y precisi\u00f3n de estos servomotores de \u00faltima generaci\u00f3n.<\/p>","protected":false},"featured_media":1011951,"template":"","meta":[],"pwb-brand":[],"product_brand":[],"product_cat":[622],"product_tag":[],"class_list":{"0":"post-1010585","1":"product","2":"type-product","3":"status-publish","4":"has-post-thumbnail","6":"product_cat-servomotori","8":"first","9":"instock","10":"shipping-taxable","11":"product-type-simple"},"brands":[],"_links":{"self":[{"href":"https:\/\/store.todsystem.com\/es\/wp-json\/wp\/v2\/product\/1010585","targetHints":{"allow":["GET"]}}],"collection":[{"href":"https:\/\/store.todsystem.com\/es\/wp-json\/wp\/v2\/product"}],"about":[{"href":"https:\/\/store.todsystem.com\/es\/wp-json\/wp\/v2\/types\/product"}],"version-history":[{"count":5,"href":"https:\/\/store.todsystem.com\/es\/wp-json\/wp\/v2\/product\/1010585\/revisions"}],"predecessor-version":[{"id":1015092,"href":"https:\/\/store.todsystem.com\/es\/wp-json\/wp\/v2\/product\/1010585\/revisions\/1015092"}],"wp:featuredmedia":[{"embeddable":true,"href":"https:\/\/store.todsystem.com\/es\/wp-json\/wp\/v2\/media\/1011951"}],"wp:attachment":[{"href":"https:\/\/store.todsystem.com\/es\/wp-json\/wp\/v2\/media?parent=1010585"}],"wp:term":[{"taxonomy":"pwb-brand","embeddable":true,"href":"https:\/\/store.todsystem.com\/es\/wp-json\/wp\/v2\/pwb-brand?post=1010585"},{"taxonomy":"product_brand","embeddable":true,"href":"https:\/\/store.todsystem.com\/es\/wp-json\/wp\/v2\/product_brand?post=1010585"},{"taxonomy":"product_cat","embeddable":true,"href":"https:\/\/store.todsystem.com\/es\/wp-json\/wp\/v2\/product_cat?post=1010585"},{"taxonomy":"product_tag","embeddable":true,"href":"https:\/\/store.todsystem.com\/es\/wp-json\/wp\/v2\/product_tag?post=1010585"}],"curies":[{"name":"wp","href":"https:\/\/api.w.org\/{rel}","templated":true}]}}