{"id":1010574,"date":"2024-09-05T09:51:34","date_gmt":"2024-09-05T09:51:34","guid":{"rendered":"https:\/\/store.todsystem.com\/prodotto\/ax-12a-6pcs-bulk\/"},"modified":"2025-06-11T11:59:53","modified_gmt":"2025-06-11T11:59:53","slug":"paquete-de-6-servomotores-dynamixel-ax-12a","status":"publish","type":"product","link":"https:\/\/store.todsystem.com\/es\/producto\/paquete-de-6-servomotores-dynamixel-ax-12a\/","title":{"rendered":"Lote de 6 servomotores Dynamixel AX-12A"},"content":{"rendered":"<div class=\"vgblk-rw-wrapper limit-wrapper\">\n<h2>Servomotor Dynamixel AX-12A: potencia y precisi\u00f3n para sus robots<\/h2>\n<p>El servomotor Dynamixel <a class=\"catalogue\" title=\"Comprar el servomotor Dynamixel AX-12A\" href=\"https:\/\/www.generationrobots.com\/it\/401075-servomotore-dynamixel-ax-12-a-robotis.html\" rel=\"nofollow noopener\" target=\"_blank\">AX-12A<\/a> es una opci\u00f3n excelente para quienes deseen construir robots de gran rendimiento a bajo coste. Gracias a su robustez y facilidad de uso, es especialmente adecuado para aplicaciones de rob\u00f3tica amateur y proyectos educativos en los que no se requiere una precisi\u00f3n extrema.<\/p>\n<p><strong>Nota importante:<\/strong> Este paquete incluye s\u00f3lo 6 servomotores sin accesorios como tornillos y marcos. Recibir\u00e1s los servomotores desnudos, listos para integrarlos en tu proyecto rob\u00f3tico.<\/p>\n<h3>Especificaciones t\u00e9cnicas del servo Dynamixel AX-12A<\/h3>\n<ul>\n<li><strong>Peso:<\/strong> 54,6 g (AX-12A)<\/li>\n<li><strong>Dimensiones:<\/strong> 32 mm x 50 mm x 40 mm<\/li>\n<li><strong>Resoluci\u00f3n:<\/strong> 0,29\u00b0<\/li>\n<li><strong>\u00cdndice de reducci\u00f3n:<\/strong> 254:1<\/li>\n<li><strong>Par de puestos:<\/strong> 1,52 N.m (a 12,0 V, 1,5 A)<\/li>\n<li><strong>Velocidad de aspiraci\u00f3n:<\/strong> 59rpm (a 12V)<\/li>\n<li><strong>\u00c1ngulo de funcionamiento:<\/strong>\n<ul>\n<li>0\u00b0 ~ 300\u00b0<\/li>\n<li>Rotaci\u00f3n continua<\/li>\n<\/ul>\n<\/li>\n<li><strong>Temperatura de funcionamiento:<\/strong> -5\u00b0 a +70\u00b0C<\/li>\n<li><strong>Tensi\u00f3n de alimentaci\u00f3n:<\/strong> 9 ~ 12V (ideal 11,1V)<\/li>\n<li><strong>Se\u00f1al de control:<\/strong> Paquete digital<\/li>\n<li><strong>Protocolo:<\/strong> Comunicaci\u00f3n serie as\u00edncrona semid\u00faplex (8 bits, 1 parada, sin paridad)<\/li>\n<li><strong>Conexi\u00f3n f\u00edsica:<\/strong> TTL Multi Drop level (conector tipo daisy chain)<\/li>\n<li><strong>ID:<\/strong> 254 (0~253)<\/li>\n<li><strong>Velocidad de comunicaci\u00f3n:<\/strong> 7343bps ~ 1 Mbps<\/li>\n<li><strong>Comentarios:<\/strong> Posici\u00f3n, temperatura, carga, tensi\u00f3n de entrada, etc.<\/li>\n<li><strong>Material:<\/strong> Pl\u00e1sticos t\u00e9cnicos de alta calidad<\/li>\n<\/ul>\n<h2>Comparar servomotores Dynamixel<\/h2>\n<p>Utilice nuestro documento comparativo para explorar r\u00e1pidamente las especificaciones de los distintos servomotores Dynamixel. Esta herramienta le permite evaluar las prestaciones y caracter\u00edsticas de cada modelo, facilit\u00e1ndole la elecci\u00f3n del servomotor m\u00e1s adecuado para su proyecto. Los servomotores tambi\u00e9n se distinguen en funci\u00f3n del tipo de comunicaci\u00f3n: la serie MX ofrece varias opciones que satisfacen incluso los requisitos m\u00e1s avanzados.<\/p><\/div>\n<p><!-- .vgblk-rw-wrapper --><\/p>","protected":false},"excerpt":{"rendered":"<p>Paquete de 6 servomotores Dynamixel AX-12A (s\u00f3lo unidades).<\/p>","protected":false},"featured_media":1011921,"template":"","meta":[],"pwb-brand":[],"product_brand":[],"product_cat":[622],"product_tag":[],"class_list":{"0":"post-1010574","1":"product","2":"type-product","3":"status-publish","4":"has-post-thumbnail","6":"product_cat-servomotori","8":"first","9":"instock","10":"shipping-taxable","11":"product-type-simple"},"brands":[],"_links":{"self":[{"href":"https:\/\/store.todsystem.com\/es\/wp-json\/wp\/v2\/product\/1010574","targetHints":{"allow":["GET"]}}],"collection":[{"href":"https:\/\/store.todsystem.com\/es\/wp-json\/wp\/v2\/product"}],"about":[{"href":"https:\/\/store.todsystem.com\/es\/wp-json\/wp\/v2\/types\/product"}],"version-history":[{"count":6,"href":"https:\/\/store.todsystem.com\/es\/wp-json\/wp\/v2\/product\/1010574\/revisions"}],"predecessor-version":[{"id":1015083,"href":"https:\/\/store.todsystem.com\/es\/wp-json\/wp\/v2\/product\/1010574\/revisions\/1015083"}],"wp:featuredmedia":[{"embeddable":true,"href":"https:\/\/store.todsystem.com\/es\/wp-json\/wp\/v2\/media\/1011921"}],"wp:attachment":[{"href":"https:\/\/store.todsystem.com\/es\/wp-json\/wp\/v2\/media?parent=1010574"}],"wp:term":[{"taxonomy":"pwb-brand","embeddable":true,"href":"https:\/\/store.todsystem.com\/es\/wp-json\/wp\/v2\/pwb-brand?post=1010574"},{"taxonomy":"product_brand","embeddable":true,"href":"https:\/\/store.todsystem.com\/es\/wp-json\/wp\/v2\/product_brand?post=1010574"},{"taxonomy":"product_cat","embeddable":true,"href":"https:\/\/store.todsystem.com\/es\/wp-json\/wp\/v2\/product_cat?post=1010574"},{"taxonomy":"product_tag","embeddable":true,"href":"https:\/\/store.todsystem.com\/es\/wp-json\/wp\/v2\/product_tag?post=1010574"}],"curies":[{"name":"wp","href":"https:\/\/api.w.org\/{rel}","templated":true}]}}