{"id":1010572,"date":"2024-09-05T09:51:34","date_gmt":"2024-09-05T09:51:34","guid":{"rendered":"https:\/\/store.todsystem.com\/prodotto\/ax-12a\/"},"modified":"2025-06-11T11:59:52","modified_gmt":"2025-06-11T11:59:52","slug":"servomotore-dynamixel-ax-12a","status":"publish","type":"product","link":"https:\/\/store.todsystem.com\/es\/producto\/servomotore-dynamixel-ax-12a\/","title":{"rendered":"Servomotor Dynamixel AX-12A"},"content":{"rendered":"<div class=\"vgblk-rw-wrapper limit-wrapper\">\n<h2>Servomotore Dynamixel AX-12A &#8211; Soluzione Entry-Level per Robotica<\/h2>\n<p>Descubre la <strong>servomotore Dynamixel AX-12A<\/strong>, una scelta perfetta per i progetti robotic di livello base. Questo servomotore, noto per la sua convenienza economica, \u00e8 ideale per applicazioni che non richiedono performance elevate ma necessitano di una componentistica affidabile e duratura.<\/p>\n<h3>Contenido del paquete<\/h3>\n<ul>\n<li>1 servomotor AX-12A<\/li>\n<li>1 difusor B01-HORN (ya montado)<\/li>\n<li>1 componente FP04-F2<\/li>\n<li>1 componente FP04-F3<\/li>\n<li>1 juego de BPF WA-BU<\/li>\n<li>1 cable 3P de 200 mm de longitud<\/li>\n<li>16 tornillos PHS M2*6<\/li>\n<li>1 tornillo BHS M3*10<\/li>\n<li>16 tuercas N1 M2<\/li>\n<\/ul>\n<h3>Specifiche tecniche del servomotore Dynamixel AX-12A<\/h3>\n<ul>\n<li><strong>Peso<\/strong>: 54,6 g<\/li>\n<li><strong>Dimensiones<\/strong>32 mm x 50 mm x 40 mm<\/li>\n<li><strong>Resoluci\u00f3n<\/strong>: 0,29\u00b0<\/li>\n<li><strong>Coeficiente de reducci\u00f3n<\/strong>: 254:1<\/li>\n<li><strong>Par de bloqueo<\/strong>1,52 N-m (a 12 V, 1,5 A)<\/li>\n<li><strong>Velocidad sin carga<\/strong>59 rpm (a 12 V)<\/li>\n<li><strong>\u00c1ngulo de funcionamiento<\/strong>0\u00b0 a 300<\/li>\n<li><strong>Rotaci\u00f3n continua<\/strong>: disponible<\/li>\n<li><strong>Temperatura de funcionamiento<\/strong>: -5\u00b0 C<\/li>\n<li><strong>Tensi\u00f3n<\/strong>De 9 a 12 V (tensi\u00f3n recomendada: 11,1 V)<\/li>\n<li><strong>Se\u00f1al de control<\/strong>: paquete digital<\/li>\n<li><strong>Protocolo<\/strong>comunicaci\u00f3n serie as\u00edncrona semid\u00faplex (8 bits, 1 stop, sin paridad)<\/li>\n<li><strong>Conexi\u00f3n f\u00edsica<\/strong>TTL Multi Drop level (conector tipo daisy chain)<\/li>\n<li><strong>ID<\/strong>: 254 ID (variable de 0 a 253)<\/li>\n<li><strong>Velocidad de comunicaci\u00f3n<\/strong>7343 bps a 1 Mbps<\/li>\n<li><strong>Comentarios<\/strong>: incluye posicionamiento, temperatura, carga y tensi\u00f3n de entrada<\/li>\n<li><strong>Material<\/strong>Pl\u00e1sticos t\u00e9cnicos<\/li>\n<\/ul>\n<h3>Risorse aggiuntive per il servomotore Dynamixel AX-12A<\/h3>\n<ul>\n<li>Due progetti di <strong>Rob\u00f3tica<\/strong> sviluppati dal club ESTIA.<\/li>\n<li>Controllo dei servomotori Dynamixel tramite <strong>RoboPlus<\/strong>.<\/li>\n<li>Progetto accademico presso l&#8217;Universit\u00e0 di Rennes: progettazione e costruzione di un <strong>braccio robotico a 6 assi<\/strong> per assistenza personale, basato sull&#8217;AX-12A.<\/li>\n<\/ul>\n<h3>Ulteriori informazioni<\/h3>\n<ul>\n<li><strong>Ficha de datos<\/strong><\/li>\n<li><strong>Software<\/strong><\/li>\n<li><strong>Gu\u00eda de compatibilidad<\/strong><\/li>\n<li><strong>Gu\u00eda de selecci\u00f3n<\/strong><\/li>\n<li><strong>Kit de desarrollo de software (SDK) DYNAMIXEL<\/strong><\/li>\n<\/ul>\n<p><meta name=\"description\" content=\"Acquista il servomotore Dynamixel AX-12A, la soluzione perfetta per la robotica entry-level. Include numerosi accessori e specifiche tecniche eccellenti per robotica.\" \/><\/div>\n<p><!-- .vgblk-rw-wrapper --><\/p>","protected":false},"excerpt":{"rendered":"<p>El servomotor Dynamixel AX-12A es la soluci\u00f3n ideal para aquellos que buscan un servomotor b\u00e1sico ofrecido por Robotis. Gracias a su precio competitivo, se ha convertido en uno de los productos m\u00e1s populares para aplicaciones mec\u00e1nicas no b\u00e1sicas en construcciones rob\u00f3ticas.<\/p>","protected":false},"featured_media":1011904,"template":"","meta":[],"pwb-brand":[],"product_brand":[],"product_cat":[622],"product_tag":[],"class_list":{"0":"post-1010572","1":"product","2":"type-product","3":"status-publish","4":"has-post-thumbnail","6":"product_cat-servomotori","8":"first","9":"instock","10":"shipping-taxable","11":"product-type-simple"},"brands":[],"_links":{"self":[{"href":"https:\/\/store.todsystem.com\/es\/wp-json\/wp\/v2\/product\/1010572","targetHints":{"allow":["GET"]}}],"collection":[{"href":"https:\/\/store.todsystem.com\/es\/wp-json\/wp\/v2\/product"}],"about":[{"href":"https:\/\/store.todsystem.com\/es\/wp-json\/wp\/v2\/types\/product"}],"version-history":[{"count":5,"href":"https:\/\/store.todsystem.com\/es\/wp-json\/wp\/v2\/product\/1010572\/revisions"}],"predecessor-version":[{"id":1015081,"href":"https:\/\/store.todsystem.com\/es\/wp-json\/wp\/v2\/product\/1010572\/revisions\/1015081"}],"wp:featuredmedia":[{"embeddable":true,"href":"https:\/\/store.todsystem.com\/es\/wp-json\/wp\/v2\/media\/1011904"}],"wp:attachment":[{"href":"https:\/\/store.todsystem.com\/es\/wp-json\/wp\/v2\/media?parent=1010572"}],"wp:term":[{"taxonomy":"pwb-brand","embeddable":true,"href":"https:\/\/store.todsystem.com\/es\/wp-json\/wp\/v2\/pwb-brand?post=1010572"},{"taxonomy":"product_brand","embeddable":true,"href":"https:\/\/store.todsystem.com\/es\/wp-json\/wp\/v2\/product_brand?post=1010572"},{"taxonomy":"product_cat","embeddable":true,"href":"https:\/\/store.todsystem.com\/es\/wp-json\/wp\/v2\/product_cat?post=1010572"},{"taxonomy":"product_tag","embeddable":true,"href":"https:\/\/store.todsystem.com\/es\/wp-json\/wp\/v2\/product_tag?post=1010572"}],"curies":[{"name":"wp","href":"https:\/\/api.w.org\/{rel}","templated":true}]}}