{"id":988930,"date":"2024-07-25T10:08:08","date_gmt":"2024-07-25T10:08:08","guid":{"rendered":"https:\/\/store.todsystem.com\/?page_id=988930"},"modified":"2024-09-11T13:55:09","modified_gmt":"2024-09-11T13:55:09","slug":"servizi","status":"publish","type":"page","link":"https:\/\/store.todsystem.com\/es\/servizi\/","title":{"rendered":"Servicios"},"content":{"rendered":"<div data-elementor-type=\"wp-page\" data-elementor-id=\"988930\" class=\"elementor elementor-988930\" data-elementor-post-type=\"page\">\n\t\t\t\t\t\t<section class=\"elementor-section elementor-top-section elementor-element elementor-element-93eb4ac elementor-section-boxed elementor-section-height-default elementor-section-height-default\" data-id=\"93eb4ac\" data-element_type=\"section\">\n\t\t\t\t\t\t<div class=\"elementor-container elementor-column-gap-no\">\n\t\t\t\t\t<div class=\"elementor-column elementor-col-100 elementor-top-column elementor-element elementor-element-14e819d\" data-id=\"14e819d\" data-element_type=\"column\">\n\t\t\t<div class=\"elementor-widget-wrap elementor-element-populated\">\n\t\t\t\t\t\t\t<\/div>\n\t\t<\/div>\n\t\t\t\t\t<\/div>\n\t\t<\/section>\n\t\t\t\t<section class=\"elementor-section elementor-top-section elementor-element elementor-element-6fe589c elementor-reverse-mobile elementor-section-boxed elementor-section-height-default elementor-section-height-default\" data-id=\"6fe589c\" data-element_type=\"section\">\n\t\t\t\t\t\t<div class=\"elementor-container elementor-column-gap-no\">\n\t\t\t\t\t<div class=\"elementor-column elementor-col-100 elementor-top-column elementor-element elementor-element-0a5afe3\" data-id=\"0a5afe3\" data-element_type=\"column\">\n\t\t\t<div class=\"elementor-widget-wrap elementor-element-populated\">\n\t\t\t\t\t\t<div class=\"elementor-element elementor-element-61a205e elementor-widget elementor-widget-heading\" data-id=\"61a205e\" data-element_type=\"widget\" data-widget_type=\"heading.default\">\n\t\t\t\t<div class=\"elementor-widget-container\">\n\t\t\t\t\t<h3 class=\"elementor-heading-title elementor-size-default\">TOD System: innovaci\u00f3n en la integraci\u00f3n de soluciones colaborativas rob\u00f3ticas e IoT industrial <\/h3>\t\t\t\t<\/div>\n\t\t\t\t<\/div>\n\t\t\t\t<div class=\"elementor-element elementor-element-1e55833 elementor-widget elementor-widget-text-editor\" data-id=\"1e55833\" data-element_type=\"widget\" data-widget_type=\"text-editor.default\">\n\t\t\t\t<div class=\"elementor-widget-container\">\n\t\t\t\t\t\t\t\t\t<h4>Consultor\u00eda t\u00e9cnica<\/h4><p>Nuestro equipo le apoya en la realizaci\u00f3n de su proyecto, desde la verificaci\u00f3n y el reconocimiento de la aplicaci\u00f3n colaborativa y no colaborativa, hasta la formaci\u00f3n del equipo y la asistencia t\u00e9cnica.<\/p>\t\t\t\t\t\t\t\t<\/div>\n\t\t\t\t<\/div>\n\t\t\t\t<div class=\"elementor-element elementor-element-cf68503 elementor-widget-divider--view-line elementor-widget elementor-widget-divider\" data-id=\"cf68503\" data-element_type=\"widget\" data-widget_type=\"divider.default\">\n\t\t\t\t<div class=\"elementor-widget-container\">\n\t\t\t\t\t\t\t<div class=\"elementor-divider\">\n\t\t\t<span class=\"elementor-divider-separator\">\n\t\t\t\t\t\t<\/span>\n\t\t<\/div>\n\t\t\t\t\t\t<\/div>\n\t\t\t\t<\/div>\n\t\t\t\t<div class=\"elementor-element elementor-element-841ca6d elementor-widget elementor-widget-text-editor\" data-id=\"841ca6d\" data-element_type=\"widget\" data-widget_type=\"text-editor.default\">\n\t\t\t\t<div class=\"elementor-widget-container\">\n\t\t\t\t\t\t\t\t\t<h4>Asistencia t\u00e9cnica<\/h4><p>Nuestra consultor\u00eda acompa\u00f1a a la direcci\u00f3n de la empresa a todos los niveles: desde el apoyo en la definici\u00f3n de estrategias de desarrollo, hasta la implantaci\u00f3n, tambi\u00e9n operativa, de nuevos sistemas de gesti\u00f3n.<\/p>\t\t\t\t\t\t\t\t<\/div>\n\t\t\t\t<\/div>\n\t\t\t\t<div class=\"elementor-element elementor-element-217ecb5 elementor-widget-divider--view-line elementor-widget elementor-widget-divider\" data-id=\"217ecb5\" data-element_type=\"widget\" data-widget_type=\"divider.default\">\n\t\t\t\t<div class=\"elementor-widget-container\">\n\t\t\t\t\t\t\t<div class=\"elementor-divider\">\n\t\t\t<span class=\"elementor-divider-separator\">\n\t\t\t\t\t\t<\/span>\n\t\t<\/div>\n\t\t\t\t\t\t<\/div>\n\t\t\t\t<\/div>\n\t\t\t\t<div class=\"elementor-element elementor-element-c4d54d5 elementor-widget elementor-widget-text-editor\" data-id=\"c4d54d5\" data-element_type=\"widget\" data-widget_type=\"text-editor.default\">\n\t\t\t\t<div class=\"elementor-widget-container\">\n\t\t\t\t\t\t\t\t\t<h4>Formaci\u00f3n t\u00e9cnica<\/h4><p>Trabajamos para desarrollar competencias en su empresa y colaboramos con los principales fondos interprofesionales para dise\u00f1ar, coordinar y gestionar el curso de acci\u00f3n burocr\u00e1tico y operativo.<\/p>\t\t\t\t\t\t\t\t<\/div>\n\t\t\t\t<\/div>\n\t\t\t\t<div class=\"elementor-element elementor-element-ad47a73 elementor-widget-divider--view-line elementor-widget elementor-widget-divider\" data-id=\"ad47a73\" data-element_type=\"widget\" data-widget_type=\"divider.default\">\n\t\t\t\t<div class=\"elementor-widget-container\">\n\t\t\t\t\t\t\t<div class=\"elementor-divider\">\n\t\t\t<span class=\"elementor-divider-separator\">\n\t\t\t\t\t\t<\/span>\n\t\t<\/div>\n\t\t\t\t\t\t<\/div>\n\t\t\t\t<\/div>\n\t\t\t\t<div class=\"elementor-element elementor-element-dd7c74f elementor-widget elementor-widget-text-editor\" data-id=\"dd7c74f\" data-element_type=\"widget\" data-widget_type=\"text-editor.default\">\n\t\t\t\t<div class=\"elementor-widget-container\">\n\t\t\t\t\t\t\t\t\t<h4>Programaci\u00f3n<\/h4><p>La programaci\u00f3n rob\u00f3tica colaborativa es un enfoque de la rob\u00f3tica que permite a los robots trabajar codo con codo con los humanos en entornos compartidos, sin necesidad de barreras f\u00edsicas o de seguridad. Estos robots colaborativos est\u00e1n dise\u00f1ados para interactuar de forma segura con las personas, adaptando su comportamiento y velocidad en respuesta a la proximidad de los operadores humanos. La programaci\u00f3n de robots colaborativos suele basarse en tecnolog\u00edas avanzadas de sensores, visi\u00f3n por ordenador y control inteligente para hacer posible una cooperaci\u00f3n segura y eficaz entre robots y operadores humanos.<\/p>\t\t\t\t\t\t\t\t<\/div>\n\t\t\t\t<\/div>\n\t\t\t\t\t<\/div>\n\t\t<\/div>\n\t\t\t\t\t<\/div>\n\t\t<\/section>\n\t\t\t\t<\/div>","protected":false},"excerpt":{"rendered":"<p>TOD System: Innovazione nell&#8217;Integrazione di Soluzioni Robotiche Collaborative e Industrial IoT Consulenza Tecnica Il nostro team ti supporta nella realizzazione del tuo progetto, dalla verifica e riconoscimento dell\u2019applicazione collaborativa e non, nella formazione del team e nell\u2019assistenza tecnica. Assistenza Tecnica La nostra consulenza accompagna il management aziendale a tutti i livelli: dal supporto nella definizione&#8230;<\/p>","protected":false},"author":1,"featured_media":0,"parent":0,"menu_order":0,"comment_status":"closed","ping_status":"closed","template":"","meta":{"footnotes":""},"class_list":["post-988930","page","type-page","status-publish","hentry"],"_links":{"self":[{"href":"https:\/\/store.todsystem.com\/es\/wp-json\/wp\/v2\/pages\/988930","targetHints":{"allow":["GET"]}}],"collection":[{"href":"https:\/\/store.todsystem.com\/es\/wp-json\/wp\/v2\/pages"}],"about":[{"href":"https:\/\/store.todsystem.com\/es\/wp-json\/wp\/v2\/types\/page"}],"author":[{"embeddable":true,"href":"https:\/\/store.todsystem.com\/es\/wp-json\/wp\/v2\/users\/1"}],"replies":[{"embeddable":true,"href":"https:\/\/store.todsystem.com\/es\/wp-json\/wp\/v2\/comments?post=988930"}],"version-history":[{"count":6,"href":"https:\/\/store.todsystem.com\/es\/wp-json\/wp\/v2\/pages\/988930\/revisions"}],"predecessor-version":[{"id":1011516,"href":"https:\/\/store.todsystem.com\/es\/wp-json\/wp\/v2\/pages\/988930\/revisions\/1011516"}],"wp:attachment":[{"href":"https:\/\/store.todsystem.com\/es\/wp-json\/wp\/v2\/media?parent=988930"}],"curies":[{"name":"wp","href":"https:\/\/api.w.org\/{rel}","templated":true}]}}