{"id":988875,"date":"2024-07-25T09:07:29","date_gmt":"2024-07-25T09:07:29","guid":{"rendered":"https:\/\/store.todsystem.com\/richiedi-preventivo\/"},"modified":"2025-09-23T15:50:19","modified_gmt":"2025-09-23T15:50:19","slug":"richiedi-preventivo","status":"publish","type":"page","link":"https:\/\/store.todsystem.com\/es\/richiedi-preventivo\/","title":{"rendered":"Solicitar presupuesto"},"content":{"rendered":"<div data-elementor-type=\"wp-page\" data-elementor-id=\"988875\" class=\"elementor elementor-988875\" data-elementor-post-type=\"page\">\n\t\t\t\t<div class=\"elementor-element elementor-element-cba4532 e-flex e-con-boxed e-con e-parent\" data-id=\"cba4532\" data-element_type=\"container\">\n\t\t\t\t\t<div class=\"e-con-inner\">\n\t\t\t\t\t<\/div>\n\t\t\t\t<\/div>\n\t\t<div class=\"elementor-element elementor-element-367c0726 e-flex e-con-boxed e-con e-parent\" data-id=\"367c0726\" data-element_type=\"container\">\n\t\t\t\t\t<div class=\"e-con-inner\">\n\t\t\t\t<div class=\"elementor-element elementor-element-414ddf45 elementor-widget elementor-widget-text-editor\" data-id=\"414ddf45\" data-element_type=\"widget\" data-widget_type=\"text-editor.default\">\n\t\t\t\t<div class=\"elementor-widget-container\">\n\t\t\t\t\t\t\t\t\t\n<div class=\"woocommerce ywraq-wrapper ywraq-empty ywraq-with-form\">\n\t\t\t<div id=\"yith-ywraq-message\"><div class=\"ywraq-question-message\">\n\t<\/div>\n<\/div>\n\t\t\n\t\t\t\t<div class=\"ywraq-form-table-wrapper wide\">\n\t\t\t<div class=\"ywraq-before-form\">\n\t<p class=\"ywraq_list_empty_message\">Tu lista est\u00e1 vac\u00eda, a\u00f1ade productos a la lista para enviar una solicitud<p><p class=\"return-to-shop\"><a class=\"button wc-backward\" href=\"https:\/\/store.todsystem.com\/es\/catalogo\/\">Volver al cat\u00e1logo<\/a><\/p><\/div>\n\t\t\t\t\t\t\t\t\t\t\t\t<div class=\"yith-ywraq-mail-form-wrapper\">\n\t<h3>Enviar solicitud<\/h3>\n\t<form id=\"yith-ywraq-default-form\" name=\"yith-ywraq-default-form\"\n\t\taction=\"https:\/\/store.todsystem.com\/es\/richiedi-preventivo\/\" method=\"post\"\n\t\tenctype=\"multipart\/form-data\" data-trp-original-action=\"https:\/\/store.todsystem.com\/es\/richiedi-preventivo\/\">\n\t\t<input type=\"hidden\" id=\"yith-ywraq-default-form-sent\" name=\"yith-ywraq-default-form-sent\" value=\"1\">\n\t\t\t\t<p class=\"form-row validate-required\" id=\"first_name_field\" data-priority=\"\"><label for=\"first_name\" class=\"required_field\">Nombre&nbsp;<span class=\"required\" aria-hidden=\"true\">*<\/span><\/label><span class=\"woocommerce-input-wrapper\"><input type=\"text\" class=\"input-text\" name=\"first_name\" id=\"first_name\" placeholder=\"\"  value=\"\" aria-required=\"true\" \/><\/span><\/p><p class=\"form-row validate-required\" id=\"last_name_field\" data-priority=\"\"><label for=\"last_name\" class=\"required_field\">Apellido&nbsp;<span class=\"required\" aria-hidden=\"true\">*<\/span><\/label><span class=\"woocommerce-input-wrapper\"><input type=\"text\" class=\"input-text\" name=\"last_name\" id=\"last_name\" placeholder=\"\"  value=\"\" aria-required=\"true\" \/><\/span><\/p><p class=\"form-row validate-required validate-email\" id=\"email_field\" data-priority=\"\"><label for=\"email\" class=\"required_field\">Correo electr\u00f3nico&nbsp;<span class=\"required\" aria-hidden=\"true\">*<\/span><\/label><span class=\"woocommerce-input-wrapper\"><input type=\"email\" class=\"input-text\" name=\"email\" id=\"email\" placeholder=\"\"  value=\"\" aria-required=\"true\" \/><\/span><\/p><p class=\"form-row form-row-wide\" id=\"azienda_field\" data-priority=\"\"><label for=\"azienda\" class=\"\">Empresa&nbsp;<span class=\"optional\">(opcional)<\/span><\/label><span class=\"woocommerce-input-wrapper\"><input type=\"text\" class=\"input-text\" name=\"azienda\" id=\"azienda\" placeholder=\"\"  value=\"\"  \/><\/span><\/p><p class=\"form-row form-row-wide\" id=\"telefono_field\" data-priority=\"\"><label for=\"telefono\" class=\"\">Tel\u00e9fono&nbsp;<span class=\"optional\">(opcional)<\/span><\/label><span class=\"woocommerce-input-wrapper\"><input type=\"tel\" class=\"input-text\" name=\"telefono\" id=\"telefono\" placeholder=\"\"  value=\"\"  \/><\/span><\/p><p class=\"form-row\" id=\"message_field\" data-priority=\"\"><label for=\"message\" class=\"\">Mensaje&nbsp;<span class=\"optional\">(opcional)<\/span><\/label><span class=\"woocommerce-input-wrapper\"><textarea name=\"message\" class=\"input-text\" id=\"message\" placeholder=\"\"  rows=\"2\" cols=\"5\"><\/textarea><\/span><\/p>\n\t\t\n\t\t\n\t\t\n\t\t<p class=\"form-row form-row-wide raq-send-request-row\">\n\t\t\t<input type=\"hidden\" id=\"ywraq-mail-wpnonce\" name=\"ywraq_mail_wpnonce\"\n\t\t\t\tvalue=\"936a7879a0\">\n\t\t\t<input class=\"button raq-send-request last\" type=\"submit\"\n\t\t\t\tvalue=\"Enviar tu solicitud\">\n\t\t<\/p>\n\n\t\t\n\t\t\t<input type=\"hidden\" name=\"trp-form-language\" value=\"es\"\/><\/form>\n<\/div>\n\t\t\t\t\t\t\t\t\t\t\t\t\t\t<\/div>\n\t<\/div>\n\t\t\t\t\t\t\t\t<\/div>\n\t\t\t\t<\/div>\n\t\t\t\t\t<\/div>\n\t\t\t\t<\/div>\n\t\t\t\t<\/div>","protected":false},"excerpt":{"rendered":"","protected":false},"author":1,"featured_media":0,"parent":0,"menu_order":0,"comment_status":"closed","ping_status":"closed","template":"","meta":{"footnotes":""},"class_list":["post-988875","page","type-page","status-publish","hentry"],"_links":{"self":[{"href":"https:\/\/store.todsystem.com\/es\/wp-json\/wp\/v2\/pages\/988875","targetHints":{"allow":["GET"]}}],"collection":[{"href":"https:\/\/store.todsystem.com\/es\/wp-json\/wp\/v2\/pages"}],"about":[{"href":"https:\/\/store.todsystem.com\/es\/wp-json\/wp\/v2\/types\/page"}],"author":[{"embeddable":true,"href":"https:\/\/store.todsystem.com\/es\/wp-json\/wp\/v2\/users\/1"}],"replies":[{"embeddable":true,"href":"https:\/\/store.todsystem.com\/es\/wp-json\/wp\/v2\/comments?post=988875"}],"version-history":[{"count":15,"href":"https:\/\/store.todsystem.com\/es\/wp-json\/wp\/v2\/pages\/988875\/revisions"}],"predecessor-version":[{"id":1018864,"href":"https:\/\/store.todsystem.com\/es\/wp-json\/wp\/v2\/pages\/988875\/revisions\/1018864"}],"wp:attachment":[{"href":"https:\/\/store.todsystem.com\/es\/wp-json\/wp\/v2\/media?parent=988875"}],"curies":[{"name":"wp","href":"https:\/\/api.w.org\/{rel}","templated":true}]}}