{"id":3,"date":"2022-03-22T14:03:16","date_gmt":"2022-03-22T14:03:16","guid":{"rendered":"https:\/\/store.todsystem.com\/privacy-policy\/"},"modified":"2024-07-25T10:24:48","modified_gmt":"2024-07-25T10:24:48","slug":"politica-de-privacidad","status":"publish","type":"page","link":"https:\/\/store.todsystem.com\/es\/politica-de-privacidad\/","title":{"rendered":"Pol\u00edtica de privacidad"},"content":{"rendered":"<div data-elementor-type=\"wp-page\" data-elementor-id=\"3\" class=\"elementor elementor-3\" data-elementor-post-type=\"page\">\n\t\t\t\t\t\t<section class=\"elementor-section elementor-top-section elementor-element elementor-element-d0d5c0f elementor-section-boxed elementor-section-height-default elementor-section-height-default\" data-id=\"d0d5c0f\" data-element_type=\"section\">\n\t\t\t\t\t\t<div class=\"elementor-container elementor-column-gap-no\">\n\t\t\t\t\t<div class=\"elementor-column elementor-col-100 elementor-top-column elementor-element elementor-element-da6f807\" data-id=\"da6f807\" data-element_type=\"column\">\n\t\t\t<div class=\"elementor-widget-wrap elementor-element-populated\">\n\t\t\t\t\t\t\t<\/div>\n\t\t<\/div>\n\t\t\t\t\t<\/div>\n\t\t<\/section>\n\t\t\t\t<section class=\"elementor-section elementor-top-section elementor-element elementor-element-42ad53a elementor-reverse-mobile elementor-section-boxed elementor-section-height-default elementor-section-height-default\" data-id=\"42ad53a\" data-element_type=\"section\">\n\t\t\t\t\t\t<div class=\"elementor-container elementor-column-gap-no\">\n\t\t\t\t\t<div class=\"elementor-column elementor-col-100 elementor-top-column elementor-element elementor-element-bed44a7\" data-id=\"bed44a7\" data-element_type=\"column\">\n\t\t\t<div class=\"elementor-widget-wrap elementor-element-populated\">\n\t\t\t\t\t\t<div class=\"elementor-element elementor-element-6797314 elementor-widget elementor-widget-text-editor\" data-id=\"6797314\" data-element_type=\"widget\" data-widget_type=\"text-editor.default\">\n\t\t\t\t<div class=\"elementor-widget-container\">\n\t\t\t\t\t\t\t\t\t<p><strong>Pr\u00f3logo<\/strong><\/p>\n<p>En virtud del Decreto Legislativo n\u00ba 196 de 30 de junio de 2003 (C\u00f3digo en materia de protecci\u00f3n de los datos personales) y sucesivas modificaciones, TOD System S.r.l, con sede en Davoli (CZ), I trav. Viale Cassiodoro 6, en su calidad de \"titular del tratamiento\", est\u00e1 obligada a proporcionar a las partes interesadas la siguiente informaci\u00f3n relativa al uso de sus datos personales, de conformidad con el art\u00edculo 13. La informaci\u00f3n tambi\u00e9n se basa en la Recomendaci\u00f3n n\u00ba 2\/2001 que las autoridades europeas de protecci\u00f3n de datos personales, reunidas en el Grupo creado por el art. 29 de la Directiva n\u00ba 95\/46\/CE, adoptaron el 17 de mayo de 2001 para determinar determinados requisitos m\u00ednimos para la recogida de datos personales en l\u00ednea y, en particular, los m\u00e9todos, el momento y la naturaleza de la informaci\u00f3n que los responsables del tratamiento de datos deben facilitar a los usuarios cuando se conectan a p\u00e1ginas web, independientemente de la finalidad de la conexi\u00f3n.<\/p>\n<p>\u00a0<\/p>\n<p><strong>Objeto del Decreto Legislativo 196\/2003<\/strong><\/p>\n<p>El C\u00f3digo pretende garantizar que el tratamiento de datos personales se lleve a cabo respetando los derechos y libertades fundamentales y la dignidad del interesado, con especial referencia a la confidencialidad, la identidad personal y el derecho a la protecci\u00f3n de los datos personales. La ley pretende proteger los datos del interesado contra el tratamiento indebido por parte del \"responsable del tratamiento\" y, en particular, contra la comunicaci\u00f3n de datos a terceros sin el consentimiento previo del interesado, de conformidad con el art\u00edculo 23 del Decreto Legislativo 196\/2003, con excepci\u00f3n de los casos previstos en el art\u00edculo 24 siguiente.<\/p>\n<p>\u00a0<\/p>\n<p><strong>Controlador de datos<\/strong><\/p>\n<p>TOD System S.r.l - I trav. Viale Cassiodoro, 6 - 88060 - Davoli (CZ), info@todsystem.com<\/p>\n<p>\u00a0<\/p>\n<p><strong>Tipos de datos recogidos<\/strong><\/p>\n<p>Entre los Datos Personales recogidos por esta Aplicaci\u00f3n, de forma aut\u00f3noma o a trav\u00e9s de terceros, se encuentran: Email, Nombre, Apellidos, Profesi\u00f3n, Cookies y Datos de Uso. Otros Datos Personales recogidos podr\u00e1n ser indicados en otras secciones de esta pol\u00edtica de privacidad o a trav\u00e9s de textos informativos mostrados al mismo tiempo que la recogida de Datos. Los Datos Personales pueden ser introducidos voluntariamente por el Usuario o recogidos autom\u00e1ticamente durante el uso de esta Aplicaci\u00f3n. El posible uso de Cookies -o de otras herramientas de seguimiento- por parte de esta Aplicaci\u00f3n o de los titulares de servicios de terceros utilizados por esta Aplicaci\u00f3n, salvo que se especifique lo contrario, tiene por finalidad identificar al Usuario y registrar sus preferencias para fines estrictamente relacionados con la prestaci\u00f3n del servicio solicitado por el Usuario. El hecho de que el Usuario no facilite determinados Datos de Car\u00e1cter Personal podr\u00e1 impedir que esta Aplicaci\u00f3n preste sus servicios. El Usuario asume la responsabilidad de los Datos Personales de terceros publicados o compartidos a trav\u00e9s de esta Aplicaci\u00f3n y garantiza que tiene derecho a comunicarlos o difundirlos, liberando al Titular de cualquier responsabilidad frente a terceros.<\/p>\n<p>\u00a0<\/p>\n<p><strong>M\u00e9todo y lugar de tratamiento de los datos recogidos<\/strong><\/p>\n<p>\u00a0<\/p>\n<p><strong>Modalidades de tratamiento<\/strong><\/p>\n<p>El Responsable del Tratamiento trata los Datos Personales de los Usuarios adoptando medidas de seguridad apropiadas destinadas a impedir el acceso, la divulgaci\u00f3n, la modificaci\u00f3n o la destrucci\u00f3n no autorizados de los Datos Personales. El tratamiento se lleva a cabo mediante herramientas inform\u00e1ticas y\/o telem\u00e1ticas, con m\u00e9todos organizativos y l\u00f3gicos estrictamente relacionados con los fines indicados. Adem\u00e1s del Responsable del tratamiento, en algunos casos pueden tener acceso a los Datos categor\u00edas de personas implicadas en la organizaci\u00f3n del sitio (administrativos, comerciales, de marketing, jur\u00eddicos, administradores de sistemas) o terceros (como terceros proveedores de servicios t\u00e9cnicos, mensajeros postales, proveedores de hosting, empresas inform\u00e1ticas, agencias de comunicaci\u00f3n) tambi\u00e9n designados, si es necesario, como Encargados del tratamiento por el Responsable del tratamiento. La lista actualizada de Encargados del Tratamiento puede solicitarse siempre al Responsable del Tratamiento.<\/p>\n<p>\u00a0<\/p>\n<p><strong>Lugar<\/strong><\/p>\n<p>Los Datos se tratan en los locales del Responsable del tratamiento y en cualquier otro lugar donde se encuentren las partes implicadas en el tratamiento. Para m\u00e1s informaci\u00f3n, p\u00f3ngase en contacto con el Responsable del Tratamiento.<\/p>\n<p>\u00a0<\/p>\n<p><strong>Times<\/strong><\/p>\n<p>Los Datos son tratados durante el tiempo necesario para realizar el servicio solicitado por el Usuario, o requerido por las finalidades descritas en este documento, pudiendo siempre el Usuario solicitar la interrupci\u00f3n del Tratamiento o la supresi\u00f3n de los Datos.<\/p>\n<p>\u00a0<\/p>\n<p><strong>Finalidad del tratamiento de datos<\/strong><\/p>\n<p>Los Datos de Usuario se recogen para permitir al Responsable del Tratamiento prestar sus servicios, as\u00ed como para las siguientes finalidades: Contactar con el Usuario, Interacci\u00f3n con redes sociales y plataformas externas, Visualizaci\u00f3n de contenidos de plataformas externas y Estad\u00edsticas. Los tipos de Datos Personales utilizados para cada finalidad se indican en las secciones espec\u00edficas de este documento.<\/p>\n<p>\u00a0<\/p>\n<p><strong>Contactar con el usuario<\/strong><\/p>\n<p>\u00a0<\/p>\n<p><strong>Lista de correo o bolet\u00edn (esta solicitud)<\/strong><\/p>\n<p>Al registrarse en la lista de correo o en el bolet\u00edn de noticias, la direcci\u00f3n de correo electr\u00f3nico del Usuario se a\u00f1ade autom\u00e1ticamente a una lista de contactos a los que se pueden enviar mensajes de correo electr\u00f3nico con informaci\u00f3n, incluso de car\u00e1cter comercial y promocional, relacionada con esta Aplicaci\u00f3n. La direcci\u00f3n de correo electr\u00f3nico del Usuario tambi\u00e9n puede a\u00f1adirse a esta lista como resultado de su registro en esta Aplicaci\u00f3n o tras realizar una compra.<\/p>\n<p>\u00a0<\/p>\n<p>Datos personales recogidos: Correo electr\u00f3nico y Nombre.<\/p>\n<p>\u00a0<\/p>\n<p><strong>Formulario de contacto (esta solicitud)<\/strong><\/p>\n<p>El Usuario, al rellenar el formulario de contacto con sus Datos, consiente el uso de los mismos para responder a solicitudes de informaci\u00f3n, presupuestos, o de cualquier otra naturaleza indicada en el encabezamiento del formulario.<\/p>\n<p>\u00a0<\/p>\n<p>Datos personales recogidos: Correo electr\u00f3nico, Nombre, Apellidos y Profesi\u00f3n.<\/p>\n<p>\u00a0<\/p>\n<p><strong>Interacci\u00f3n con redes sociales y plataformas externas<\/strong><\/p>\n<p>Estos servicios permiten interactuar con redes sociales, u otras plataformas externas, directamente desde las p\u00e1ginas de esta Aplicaci\u00f3n. Las interacciones y la informaci\u00f3n adquirida por esta Aplicaci\u00f3n est\u00e1n en todo caso sujetas a la configuraci\u00f3n de privacidad del Usuario relativa a cada red social. Si se instala un servicio de interacci\u00f3n con una red social, es posible que, aunque los Usuarios no utilicen el servicio, \u00e9ste recopile datos de tr\u00e1fico relativos a las p\u00e1ginas en las que est\u00e1 instalado.<\/p>\n<p>Bot\u00f3n \"Me gusta\" de Facebook y widgets sociales (Facebook, Inc.)<\/p>\n<p>El bot\u00f3n \"Me gusta\" de Facebook y los widgets sociales son servicios de interacci\u00f3n con la red social Facebook, prestados por Facebook, Inc.<\/p>\n<p>Datos personales recogidos: cookies y datos de uso.<\/p>\n<p>Lugar de elaboraci\u00f3n : EE.UU. -<a href=\"https:\/\/www.facebook.com\/privacy\/explanation\" rel=\"nofollow noopener\" target=\"_blank\"> Pol\u00edtica de privacidad<\/a><\/p>\n<p>Bot\u00f3n Tweet de Twitter y widgets sociales (Twitter, Inc.)<\/p>\n<p>El bot\u00f3n Tweet y los widgets sociales de Twitter son servicios para interactuar con la red social Twitter, proporcionados por Twitter, Inc.<\/p>\n<p>Datos personales recogidos: cookies y datos de uso.<\/p>\n<p>Lugar de elaboraci\u00f3n : EE.UU. -<a href=\"https:\/\/twitter.com\/privacy?lang=it\" rel=\"nofollow noopener\" target=\"_blank\"> Pol\u00edtica de privacidad<\/a><\/p>\n<p>Bot\u00f3n social y widgets de Linkedin (LinkedIn Corporation)<\/p>\n<p>El bot\u00f3n social Linkedin y los widgets son servicios de interacci\u00f3n con la red social Linkedin, prestados por LinkedIn Corporation.<\/p>\n<p>Datos personales recogidos: cookies y datos de uso.<\/p>\n<p>Lugar de elaboraci\u00f3n : EE.UU. -<a href=\"https:\/\/www.linkedin.com\/legal\/privacy-policy\" rel=\"nofollow noopener\" target=\"_blank\"> Pol\u00edtica de privacidad<\/a><\/p>\n<p>Google Fonts (Google Inc.)<\/p>\n<p>Google Fonts es un servicio de visualizaci\u00f3n de fuentes operado por Google Inc. que permite a esta Aplicaci\u00f3n integrar dicho contenido en sus p\u00e1ginas.<\/p>\n<p>Datos personales recogidos: cookies y datos de uso.<\/p>\n<p>Lugar de elaboraci\u00f3n : EE.UU. -<a href=\"https:\/\/policies.google.com\/privacy?hl=it\" rel=\"nofollow noopener\" target=\"_blank\"> Pol\u00edtica de privacidad<\/a><\/p>\n<p>Widget de Google Maps (Google Inc.)<\/p>\n<p>Google Maps es un servicio de visualizaci\u00f3n de mapas operado por Google Inc. que permite a esta Aplicaci\u00f3n integrar dicho contenido en sus p\u00e1ginas.<\/p>\n<p>Datos personales recogidos: cookies y datos de uso.<\/p>\n<p>Lugar de elaboraci\u00f3n : EE.UU. -<a href=\"https:\/\/policies.google.com\/privacy?hl=it\" rel=\"nofollow noopener\" target=\"_blank\"> Pol\u00edtica de privacidad<\/a><\/p>\n<p>\u00a0<\/p>\n<p><strong>Estad\u00edsticas<\/strong><\/p>\n<p>Los servicios contenidos en esta secci\u00f3n permiten al Responsable del Tratamiento controlar y analizar los datos de tr\u00e1fico y sirven para realizar un seguimiento del comportamiento del Usuario.<\/p>\n<p>\u00a0<\/p>\n<p><strong>Google Analytics (Google Inc.)<\/strong><\/p>\n<p>Google Analytics es un servicio de an\u00e1lisis web prestado por Google Inc. (\"Google\"). Google utiliza los Datos Personales recopilados con el fin de rastrear y examinar el uso de esta Aplicaci\u00f3n, compilar informes y compartirlos con otros servicios desarrollados por Google. Google puede utilizar los Datos Personales para contextualizar y personalizar los anuncios de su red publicitaria.<\/p>\n<p>Datos personales recogidos: cookies y datos de uso.<\/p>\n<p>Lugar de elaboraci\u00f3n : EE.UU. -<a href=\"https:\/\/policies.google.com\/privacy?hl=it\" rel=\"nofollow noopener\" target=\"_blank\"> Pol\u00edtica de privacidad<\/a><a href=\"https:\/\/tools.google.com\/dlpage\/gaoptout?hl=it\" rel=\"nofollow noopener\" target=\"_blank\"> Exclusi\u00f3n voluntaria<\/a><\/p>\n<p>\u00a0<\/p>\n<p><strong>M\u00e1s informaci\u00f3n sobre el tratamiento<\/strong><\/p>\n<p>\u00a0<\/p>\n<p><strong>Defensa ante el tribunal<\/strong><\/p>\n<p>Los Datos Personales del Usuario podr\u00e1n ser utilizados para la defensa por parte del Responsable del Tratamiento en procedimientos judiciales o en las fases preparatorias de los mismos, contra abusos en el uso de los mismos o de servicios relacionados por parte del Usuario. El Usuario declara ser consciente de que el Responsable del Tratamiento puede verse obligado a revelar los Datos a petici\u00f3n de las autoridades p\u00fablicas.<\/p>\n<p>\u00a0<\/p>\n<p><strong>Informaci\u00f3n espec\u00edfica<\/strong><\/p>\n<p>A petici\u00f3n del Usuario, adem\u00e1s de la informaci\u00f3n contenida en esta pol\u00edtica de privacidad, esta Aplicaci\u00f3n puede proporcionar al Usuario informaci\u00f3n adicional y contextual relativa a servicios espec\u00edficos, o a la recogida y tratamiento de Datos Personales.<\/p>\n<p>\u00a0<\/p>\n<p><strong>Registros y mantenimiento del sistema<\/strong><\/p>\n<p>A efectos de funcionamiento y mantenimiento, esta Aplicaci\u00f3n y cualquier servicio de terceros utilizado por ella pueden recopilar Registros del Sistema, es decir, archivos que registran interacciones y que tambi\u00e9n pueden contener Datos Personales, como la direcci\u00f3n IP del Usuario.<\/p>\n<p>\u00a0<\/p>\n<p><strong>Informaci\u00f3n no contenida en este aviso<\/strong><\/p>\n<p>En cualquier momento puede solicitarse m\u00e1s informaci\u00f3n sobre el tratamiento de los datos personales al responsable del tratamiento, utilizando la informaci\u00f3n de contacto.<\/p>\n<p>\u00a0<\/p>\n<p><strong>Ejercicio de derechos por los usuarios<\/strong><\/p>\n<p>Los sujetos a los que se refieren los Datos Personales tienen derecho, en cualquier momento, a obtener del Titular la confirmaci\u00f3n de la existencia o inexistencia de dichos datos, a conocer su contenido y origen, a verificar su exactitud o solicitar su integraci\u00f3n, cancelaci\u00f3n, actualizaci\u00f3n, rectificaci\u00f3n, transformaci\u00f3n en forma an\u00f3nima o el bloqueo de los Datos Personales tratados en violaci\u00f3n de la ley, as\u00ed como a oponerse en cualquier caso, por motivos leg\u00edtimos, a su tratamiento. Las solicitudes deber\u00e1n dirigirse al Responsable del Tratamiento. Esta Aplicaci\u00f3n no admite solicitudes \"Do Not Track\". Para saber si los servicios de terceros utilizados las admiten, consulte sus pol\u00edticas de privacidad.<\/p>\n<p>\u00a0<\/p>\n<p><strong>Modificaciones del presente anuncio<\/strong><\/p>\n<p>El Responsable del Tratamiento se reserva el derecho a realizar cambios en esta pol\u00edtica de privacidad en cualquier momento, haci\u00e9ndolos p\u00fablicos a los Usuarios en esta p\u00e1gina. Por lo tanto, le rogamos que consulte esta p\u00e1gina con frecuencia, tomando como referencia la fecha de la \u00faltima modificaci\u00f3n indicada en la parte inferior. Si no acepta los cambios introducidos en esta pol\u00edtica, deber\u00e1 dejar de utilizar esta Aplicaci\u00f3n y podr\u00e1 solicitar al Responsable del Tratamiento que elimine sus Datos Personales. Salvo que se especifique lo contrario, la pol\u00edtica de privacidad anterior seguir\u00e1 aplic\u00e1ndose a los Datos Personales recogidos hasta ese momento.<\/p>\t\t\t\t\t\t\t\t<\/div>\n\t\t\t\t<\/div>\n\t\t\t\t\t<\/div>\n\t\t<\/div>\n\t\t\t\t\t<\/div>\n\t\t<\/section>\n\t\t\t\t<\/div>","protected":false},"excerpt":{"rendered":"<p>Premessa In conformit\u00e0 al decreto legislativo 30 giugno 2003 n. 196 (Codice in materia di protezione dei dati personali) e successive modifiche, TOD System S.r.l, con sede in Davoli (CZ), I trav. Viale Cassiodoro 6, in qualit\u00e0 di \u201ctitolare\u201d del trattamento, \u00e8 tenuta a fornire ai soggetti interessati, ai sensi dell\u2019art. 13, le seguenti informazioni&#8230;<\/p>","protected":false},"author":1,"featured_media":0,"parent":0,"menu_order":0,"comment_status":"closed","ping_status":"open","template":"","meta":{"footnotes":""},"class_list":["post-3","page","type-page","status-publish","hentry"],"_links":{"self":[{"href":"https:\/\/store.todsystem.com\/es\/wp-json\/wp\/v2\/pages\/3","targetHints":{"allow":["GET"]}}],"collection":[{"href":"https:\/\/store.todsystem.com\/es\/wp-json\/wp\/v2\/pages"}],"about":[{"href":"https:\/\/store.todsystem.com\/es\/wp-json\/wp\/v2\/types\/page"}],"author":[{"embeddable":true,"href":"https:\/\/store.todsystem.com\/es\/wp-json\/wp\/v2\/users\/1"}],"replies":[{"embeddable":true,"href":"https:\/\/store.todsystem.com\/es\/wp-json\/wp\/v2\/comments?post=3"}],"version-history":[{"count":0,"href":"https:\/\/store.todsystem.com\/es\/wp-json\/wp\/v2\/pages\/3\/revisions"}],"wp:attachment":[{"href":"https:\/\/store.todsystem.com\/es\/wp-json\/wp\/v2\/media?parent=3"}],"curies":[{"name":"wp","href":"https:\/\/api.w.org\/{rel}","templated":true}]}}