{"id":988264,"date":"2024-07-22T14:51:52","date_gmt":"2024-07-22T14:51:52","guid":{"rendered":"https:\/\/store.todsystem.com\/?post_type=product&#038;p=988264"},"modified":"2025-11-25T09:58:07","modified_gmt":"2025-11-25T09:58:07","slug":"mir-100","status":"publish","type":"product","link":"https:\/\/store.todsystem.com\/en\/product\/mir-100\/","title":{"rendered":"MiR100"},"content":{"rendered":"<div class=\"vgblk-rw-wrapper limit-wrapper\"><strong>MiR 100: Autonomous Mobile Robot for the Automation of Internal Logistics.<\/strong><\/p>\n<p>Discover the <strong>MiR100<\/strong>, a <strong>autonomous mobile robot (AMR)<\/strong> all\u2019avanguardia, progettato per revolutionare la movimentazione dei materiali e ottimizzare l&#8217;efficienza nei flussi di lavoro di ambienti industriali e commerciali. Grazie alla sua tecnologia di navigazione avanzata, il <strong>MiR100<\/strong> si muove in sicurezza e con precisione, senza necessit\u00e0 di modifiche all&#8217;infrastruttura esistente. Questa soluzione \u00e8 ideale per le aziende che desiderano ridurre i tempi di trasporto interni e aumentare la produttivit\u00e0 complessiva.<\/p>\n<p><strong>MiR100 Technical Specifications<\/strong><\/p>\n<ul>\n<li>Capacit\u00e0 di Carico: fino a 100 kg<\/li>\n<li>Dimensioni: Lunghezza 900 mm, Larghezza 600 mm, Altezza 358 mm<\/li>\n<li>Peso: 70 kg<\/li>\n<li>Velocit\u00e0 Massima: 1,2 m\/s<\/li>\n<li>Autonomia della Batteria: fino a 10 ore di funzionamento continuo<\/li>\n<li>Tempo di Ricarica: circa 2 ore<\/li>\n<li>Sensori e Visione: copertura a 360\u00b0 con laser scanner, sensori a ultrasuoni e telecamere 3D per il rilevamento di ostacoli e persone<\/li>\n<\/ul>\n<p>The <strong>MiR100<\/strong> non \u00e8 solo un robot, ma un sistema flessibile che supporta module superiori come rulliere, nastri trasportatori e bracci robotici, adattandosi perfettamente alle specifiche esigenze operative della tua azienda. Inoltre, \u00e8 compatibile con il sistema <strong>MiR Fleet<\/strong>, consentendo la gestione coordinata di pi\u00f9 robot all\u2019interno della stessa struttura. Equipaggiato con sensori avanzati e software di navigazione di ultima generazione, il <strong>MiR100<\/strong> \u00e8 in grado di mappare l&#8217;ambiente circostante, identificare percorsi ottimali e rispondere dinamicamente a cambiamenti o ostacoli imprevisti. La copertura sensoriale a 360\u00b0 e le telecamere 3D assicurano operazioni sicure anche nelle aree condivise con il personale.<\/p>\n<p>The <strong>MiR100<\/strong> offre un&#8217;interfaccia utente accessibile tramite browser web, rendendo la programmazione intuitiva anche per chi non ha competenze tecniche avanzate. Il robot pu\u00f2 essere monitorato e controllato comodamente da dispositivi mobili o desktop, garantendo flessibilit\u00e0 e facilit\u00e0 d&#8217;uso.<\/p>\n<p>La capacit\u00e0 di integrarsi senza soluzione di continuit\u00e0 con i sistemi ERP esistenti rende il <strong>MiR100<\/strong> una risorsa fondamentale per automatizzare i processi logistici e aumentare l\u2019efficienza operativa. La batteria ad alta capacit\u00e0 garantisce un&#8217;autonomia prolungata, mentre il rapido tempo di ricarica e la possibilit\u00e0 di sostituzione veloce della batteria minimizzano i tempi di inattivit\u00e0. Investire nel <strong>MiR100<\/strong> significa scegliere un&#8217;innovativa soluzione per l&#8217;automazione della logistica interna, contribuendo a ridurre i costi operativi e migliorare l\u2019efficienza complessiva dei processi aziendali.<\/div>\n<p><!-- .vgblk-rw-wrapper --><\/p>","protected":false},"excerpt":{"rendered":"<p class=\"\" data-start=\"61\" data-end=\"283\">The MiR100 is a safe and cost-effective mobile robot that automates the internal transport of small parts. It improves workflows, increases productivity and reduces costs by autonomously transporting up to 100 kg. It can be equipped with customized modules such as containers, racks or robotic arms, which are easily interchangeable to suit different tasks.<\/p>","protected":false},"featured_media":988294,"template":"","meta":[],"pwb-brand":[583],"product_brand":[],"product_cat":[614],"product_tag":[],"class_list":{"0":"post-988264","1":"product","2":"type-product","3":"status-publish","4":"has-post-thumbnail","6":"pwb-brand-mir","7":"product_cat-robot-mobili-amr-agv","9":"first","10":"instock","11":"featured","12":"shipping-taxable","13":"product-type-simple"},"brands":[{"id":583,"name":"MiR Mobile Industrial Robots","slug":"mir-101"}],"_links":{"self":[{"href":"https:\/\/store.todsystem.com\/en\/wp-json\/wp\/v2\/product\/988264","targetHints":{"allow":["GET"]}}],"collection":[{"href":"https:\/\/store.todsystem.com\/en\/wp-json\/wp\/v2\/product"}],"about":[{"href":"https:\/\/store.todsystem.com\/en\/wp-json\/wp\/v2\/types\/product"}],"version-history":[{"count":16,"href":"https:\/\/store.todsystem.com\/en\/wp-json\/wp\/v2\/product\/988264\/revisions"}],"predecessor-version":[{"id":1015135,"href":"https:\/\/store.todsystem.com\/en\/wp-json\/wp\/v2\/product\/988264\/revisions\/1015135"}],"wp:featuredmedia":[{"embeddable":true,"href":"https:\/\/store.todsystem.com\/en\/wp-json\/wp\/v2\/media\/988294"}],"wp:attachment":[{"href":"https:\/\/store.todsystem.com\/en\/wp-json\/wp\/v2\/media?parent=988264"}],"wp:term":[{"taxonomy":"pwb-brand","embeddable":true,"href":"https:\/\/store.todsystem.com\/en\/wp-json\/wp\/v2\/pwb-brand?post=988264"},{"taxonomy":"product_brand","embeddable":true,"href":"https:\/\/store.todsystem.com\/en\/wp-json\/wp\/v2\/product_brand?post=988264"},{"taxonomy":"product_cat","embeddable":true,"href":"https:\/\/store.todsystem.com\/en\/wp-json\/wp\/v2\/product_cat?post=988264"},{"taxonomy":"product_tag","embeddable":true,"href":"https:\/\/store.todsystem.com\/en\/wp-json\/wp\/v2\/product_tag?post=988264"}],"curies":[{"name":"wp","href":"https:\/\/api.w.org\/{rel}","templated":true}]}}