{"id":1018264,"date":"2025-07-04T17:37:55","date_gmt":"2025-07-04T17:37:55","guid":{"rendered":"https:\/\/store.todsystem.com\/?post_type=product&#038;p=1018264"},"modified":"2025-07-04T17:45:06","modified_gmt":"2025-07-04T17:45:06","slug":"direct-drive-diablo-self-balancing-robotic-platform","status":"publish","type":"product","link":"https:\/\/store.todsystem.com\/en\/product\/direct-drive-diablo-self-balancing-robotic-platform\/","title":{"rendered":"Direct Drive Diablo Self-balancing robotic platform"},"content":{"rendered":"<div class=\"vgblk-rw-wrapper limit-wrapper\">DIABLO \u00e8 un robot a due ruote versatile che funge anche da piattaforma di sviluppo aperta. Il suo ecosistema aperto fornisce interfacce complete per un&#8217;ampia variet\u00e0 di applicazioni. Alimentato da sei giunti robotici a trasmissione diretta M1502A, il robot si muove con facilit\u00e0 e agilit\u00e0, migliorando notevolmente le prestazioni.<\/div>\n<p><!-- .vgblk-rw-wrapper --><\/p>","protected":false},"excerpt":{"rendered":"<p><a href=\"https:\/\/store.todsystem.com\/en\/brand\/direct-drive\/\">Direct Drive<\/a> Diablo Robot bipede intelligente con capacit\u00e0 decisionali<\/p>\n<ul>\n<li>Evitamento intelligente degli ostacoli<\/li>\n<li>Controllo preciso dei movimenti<\/li>\n<li>Adattabilit\u00e0 a tutti i tipi di terreno<\/li>\n<li>Funzione di dialogo con intelligenza artificiale integrata<\/li>\n<\/ul>","protected":false},"featured_media":1018265,"template":"","meta":[],"pwb-brand":[673],"product_brand":[],"product_cat":[614],"product_tag":[],"class_list":{"0":"post-1018264","1":"product","2":"type-product","3":"status-publish","4":"has-post-thumbnail","6":"pwb-brand-direct-drive","7":"product_cat-robot-mobili-amr-agv","9":"first","10":"instock","11":"shipping-taxable","12":"product-type-simple"},"brands":[{"id":673,"name":"Direct Drive Tech","slug":"direct-drive"}],"_links":{"self":[{"href":"https:\/\/store.todsystem.com\/en\/wp-json\/wp\/v2\/product\/1018264","targetHints":{"allow":["GET"]}}],"collection":[{"href":"https:\/\/store.todsystem.com\/en\/wp-json\/wp\/v2\/product"}],"about":[{"href":"https:\/\/store.todsystem.com\/en\/wp-json\/wp\/v2\/types\/product"}],"version-history":[{"count":1,"href":"https:\/\/store.todsystem.com\/en\/wp-json\/wp\/v2\/product\/1018264\/revisions"}],"predecessor-version":[{"id":1018267,"href":"https:\/\/store.todsystem.com\/en\/wp-json\/wp\/v2\/product\/1018264\/revisions\/1018267"}],"wp:featuredmedia":[{"embeddable":true,"href":"https:\/\/store.todsystem.com\/en\/wp-json\/wp\/v2\/media\/1018265"}],"wp:attachment":[{"href":"https:\/\/store.todsystem.com\/en\/wp-json\/wp\/v2\/media?parent=1018264"}],"wp:term":[{"taxonomy":"pwb-brand","embeddable":true,"href":"https:\/\/store.todsystem.com\/en\/wp-json\/wp\/v2\/pwb-brand?post=1018264"},{"taxonomy":"product_brand","embeddable":true,"href":"https:\/\/store.todsystem.com\/en\/wp-json\/wp\/v2\/product_brand?post=1018264"},{"taxonomy":"product_cat","embeddable":true,"href":"https:\/\/store.todsystem.com\/en\/wp-json\/wp\/v2\/product_cat?post=1018264"},{"taxonomy":"product_tag","embeddable":true,"href":"https:\/\/store.todsystem.com\/en\/wp-json\/wp\/v2\/product_tag?post=1018264"}],"curies":[{"name":"wp","href":"https:\/\/api.w.org\/{rel}","templated":true}]}}