{"id":1016798,"date":"2025-05-30T07:54:23","date_gmt":"2025-05-30T07:54:23","guid":{"rendered":"https:\/\/store.todsystem.com\/?post_type=product&#038;p=1016798"},"modified":"2025-06-11T10:33:14","modified_gmt":"2025-06-11T10:33:14","slug":"hikrobot-ctu-tp5-50dcw-50dcwt","status":"publish","type":"product","link":"https:\/\/store.todsystem.com\/en\/product\/hikrobot-ctu-tp5-50dcw-50dcwt\/","title":{"rendered":"Hikrobot CTU TP5-50DCW\/50DCW(T)"},"content":{"rendered":"<div class=\"vgblk-rw-wrapper limit-wrapper\">\n<h4>Technical specifications.<\/h4>\n<p>Dimensioni L x l x h: 2050 x 1150 x 6445 mm \/ 2240 x 1150 x 6560 mm<br \/>\nPortata nominale: 2300 Kg<br \/>\nNavigazione: V-SLAM \/ 2D barcode \/ L-SLAM<\/p><\/div>\n<p><!-- .vgblk-rw-wrapper --><\/p>","protected":false},"excerpt":{"rendered":"<p><strong>TP5-50DCW\/50DCW(T)<\/strong> \u00e8 un&#8217;unit\u00e0 di trasferimento cartoni di grande capacit\u00e0, progettata per la movimentazione di carichi molto pesanti in contesti di magazzino ad alta densit\u00e0. Con una notevole <strong>portata nominale di 2300 Kg<\/strong>, \u00e8 una soluzione robusta. Questo modello \u00e8 disponibile con due set di dimensioni: <strong>2050 x 1150 x 6445 mm<\/strong> o <strong>2240 x 1150 x 6560 mm<\/strong> (L x l x h), offrendo flessibilit\u00e0 di integrazione. La navigazione \u00e8 garantita da <strong>V-SLAM, 2D barcode e L-SLAM<\/strong>, assicurando precisione e affidabilit\u00e0 nelle operazioni pi\u00f9 esigenti.<\/p>","protected":false},"featured_media":1016799,"template":"","meta":[],"pwb-brand":[607],"product_brand":[],"product_cat":[614],"product_tag":[],"class_list":{"0":"post-1016798","1":"product","2":"type-product","3":"status-publish","4":"has-post-thumbnail","6":"pwb-brand-hikrobot","7":"product_cat-robot-mobili-amr-agv","9":"first","10":"instock","11":"shipping-taxable","12":"product-type-simple"},"brands":[{"id":607,"name":"Hikrobot","slug":"hikrobot"}],"_links":{"self":[{"href":"https:\/\/store.todsystem.com\/en\/wp-json\/wp\/v2\/product\/1016798","targetHints":{"allow":["GET"]}}],"collection":[{"href":"https:\/\/store.todsystem.com\/en\/wp-json\/wp\/v2\/product"}],"about":[{"href":"https:\/\/store.todsystem.com\/en\/wp-json\/wp\/v2\/types\/product"}],"version-history":[{"count":3,"href":"https:\/\/store.todsystem.com\/en\/wp-json\/wp\/v2\/product\/1016798\/revisions"}],"predecessor-version":[{"id":1016803,"href":"https:\/\/store.todsystem.com\/en\/wp-json\/wp\/v2\/product\/1016798\/revisions\/1016803"}],"wp:featuredmedia":[{"embeddable":true,"href":"https:\/\/store.todsystem.com\/en\/wp-json\/wp\/v2\/media\/1016799"}],"wp:attachment":[{"href":"https:\/\/store.todsystem.com\/en\/wp-json\/wp\/v2\/media?parent=1016798"}],"wp:term":[{"taxonomy":"pwb-brand","embeddable":true,"href":"https:\/\/store.todsystem.com\/en\/wp-json\/wp\/v2\/pwb-brand?post=1016798"},{"taxonomy":"product_brand","embeddable":true,"href":"https:\/\/store.todsystem.com\/en\/wp-json\/wp\/v2\/product_brand?post=1016798"},{"taxonomy":"product_cat","embeddable":true,"href":"https:\/\/store.todsystem.com\/en\/wp-json\/wp\/v2\/product_cat?post=1016798"},{"taxonomy":"product_tag","embeddable":true,"href":"https:\/\/store.todsystem.com\/en\/wp-json\/wp\/v2\/product_tag?post=1016798"}],"curies":[{"name":"wp","href":"https:\/\/api.w.org\/{rel}","templated":true}]}}