{"id":1016740,"date":"2025-05-29T09:50:33","date_gmt":"2025-05-29T09:50:33","guid":{"rendered":"https:\/\/store.todsystem.com\/?post_type=product&#038;p=1016740"},"modified":"2025-06-11T10:33:15","modified_gmt":"2025-06-11T10:33:15","slug":"hikrobot-fmr-f4-3000","status":"publish","type":"product","link":"https:\/\/store.todsystem.com\/en\/product\/hikrobot-fmr-f4-3000\/","title":{"rendered":"Hikrobot FMR F4-3000"},"content":{"rendered":"<div class=\"vgblk-rw-wrapper limit-wrapper\">\n<h4>Technical specifications.<\/h4>\n<p>Dimensioni L x l x h: 2378 x 1170 x 1983 mm<br \/>\nPortata nominale: 3000 Kg<br \/>\nNavigazione: L-SLAM\/ 3D L-SLAM (Customizable<\/p><\/div>\n<p><!-- .vgblk-rw-wrapper --><\/p>","protected":false},"excerpt":{"rendered":"<p data-sourcepos=\"70:1-70:549\"><strong>F4-3000<\/strong> \u00e8 un robot mobile a forche di elevatissima capacit\u00e0, ideale per gestire i carichi pi\u00f9 pesanti in un&#8217;ampia gamma di applicazioni industriali e di magazzino. Con una <strong>portata nominale di 3000 Kg<\/strong>, \u00e8 una soluzione affidabile per le operazioni di movimentazione pi\u00f9 gravose. Le sue dimensioni di <strong>2378 x 1170 x 1983 mm<\/strong> (L x l x h) sono ottimizzate per la sua capacit\u00e0. Sfrutta la navigazione <strong>L-SLAM\/3D L-SLAM (personalizzabile)<\/strong> per un posizionamento ultra-preciso (fino a 5 mm), garantendo automazione ed efficienza.<\/p>","protected":false},"featured_media":1016741,"template":"","meta":[],"pwb-brand":[607],"product_brand":[],"product_cat":[614],"product_tag":[],"class_list":{"0":"post-1016740","1":"product","2":"type-product","3":"status-publish","4":"has-post-thumbnail","6":"pwb-brand-hikrobot","7":"product_cat-robot-mobili-amr-agv","9":"first","10":"instock","11":"shipping-taxable","12":"product-type-simple"},"brands":[{"id":607,"name":"Hikrobot","slug":"hikrobot"}],"_links":{"self":[{"href":"https:\/\/store.todsystem.com\/en\/wp-json\/wp\/v2\/product\/1016740","targetHints":{"allow":["GET"]}}],"collection":[{"href":"https:\/\/store.todsystem.com\/en\/wp-json\/wp\/v2\/product"}],"about":[{"href":"https:\/\/store.todsystem.com\/en\/wp-json\/wp\/v2\/types\/product"}],"version-history":[{"count":1,"href":"https:\/\/store.todsystem.com\/en\/wp-json\/wp\/v2\/product\/1016740\/revisions"}],"predecessor-version":[{"id":1016742,"href":"https:\/\/store.todsystem.com\/en\/wp-json\/wp\/v2\/product\/1016740\/revisions\/1016742"}],"wp:featuredmedia":[{"embeddable":true,"href":"https:\/\/store.todsystem.com\/en\/wp-json\/wp\/v2\/media\/1016741"}],"wp:attachment":[{"href":"https:\/\/store.todsystem.com\/en\/wp-json\/wp\/v2\/media?parent=1016740"}],"wp:term":[{"taxonomy":"pwb-brand","embeddable":true,"href":"https:\/\/store.todsystem.com\/en\/wp-json\/wp\/v2\/pwb-brand?post=1016740"},{"taxonomy":"product_brand","embeddable":true,"href":"https:\/\/store.todsystem.com\/en\/wp-json\/wp\/v2\/product_brand?post=1016740"},{"taxonomy":"product_cat","embeddable":true,"href":"https:\/\/store.todsystem.com\/en\/wp-json\/wp\/v2\/product_cat?post=1016740"},{"taxonomy":"product_tag","embeddable":true,"href":"https:\/\/store.todsystem.com\/en\/wp-json\/wp\/v2\/product_tag?post=1016740"}],"curies":[{"name":"wp","href":"https:\/\/api.w.org\/{rel}","templated":true}]}}