{"id":1016623,"date":"2025-05-21T09:14:52","date_gmt":"2025-05-21T09:14:52","guid":{"rendered":"https:\/\/store.todsystem.com\/?post_type=product&#038;p=1016623"},"modified":"2025-06-11T12:34:04","modified_gmt":"2025-06-11T12:34:04","slug":"auxivo-deltasuit","status":"publish","type":"product","link":"https:\/\/store.todsystem.com\/en\/product\/auxivo-deltasuit\/","title":{"rendered":"AUXIVO DeltaSuit"},"content":{"rendered":"<div class=\"vgblk-rw-wrapper limit-wrapper\">\n<p data-sourcepos=\"5:1-5:31\"><strong>Main Features:<\/strong><\/p>\n<ul data-sourcepos=\"7:1-12:0\">\n<li data-sourcepos=\"7:1-7:118\"><strong>Design Ibrido Innovativo:<\/strong> Combina sapientemente componenti meccanici e tessili per un&#8217;esperienza d&#8217;uso ottimale.<\/li>\n<li data-sourcepos=\"8:1-8:153\"><strong>Approccio Antropomorfo:<\/strong> Il design segue le linee naturali del corpo umano, garantendo un adattamento confortevole e un movimento senza restrizioni.<\/li>\n<li data-sourcepos=\"9:1-9:140\"><strong>Leggero e Compatto:<\/strong> La sua struttura leggera e il profilo ridotto lo rendono adatto all&#8217;uso in ambienti di lavoro stretti e complessi.<\/li>\n<li data-sourcepos=\"10:1-10:111\"><strong>Facile da Indossare:<\/strong> Progettato per essere indossato rapidamente con regolazioni minime delle dimensioni.<\/li>\n<li data-sourcepos=\"11:1-12:0\"><strong>Supporto Regolabile:<\/strong> Offre due livelli di supporto regolabile, permettendo all&#8217;utente di adattare l&#8217;assistenza in base alle proprie necessit\u00e0.<\/li>\n<\/ul>\n<p data-sourcepos=\"13:1-13:15\"><strong>Tecnologia:<\/strong><\/p>\n<ul data-sourcepos=\"15:1-18:0\">\n<li data-sourcepos=\"15:1-15:121\"><strong>Telaio Ibrido:<\/strong> La struttura dell&#8217;esoscheletro combina componenti rigidi e morbidi per fornire un supporto efficace.<\/li>\n<li data-sourcepos=\"16:1-16:173\"><strong>Materiali Avanzati:<\/strong> Utilizza materiali all&#8217;avanguardia, tra cui leghe di alluminio di grado aerospaziale, polimeri tecnici e un mix di tessuti come Cordura\u00ae e mesh 3D.<\/li>\n<li data-sourcepos=\"17:1-18:0\"><strong>EES (Elastic Energy Storages):<\/strong> Elementi elastici per l&#8217;accumulo di energia sono integrati nella struttura delle spalle, agendo come &#8220;muscoli artificiali&#8221; per alleggerire lo sforzo durante i movimenti sopra la testa.<\/li>\n<\/ul>\n<p data-sourcepos=\"19:1-19:13\"><strong>Advantages:<\/strong><\/p>\n<ul data-sourcepos=\"21:1-25:0\">\n<li data-sourcepos=\"21:1-21:125\"><strong>Riduzione della Fatica Muscolare:<\/strong> Diminuisce l&#8217;attivit\u00e0 muscolare delle spalle e del collo, ritardando l&#8217;affaticamento.<\/li>\n<li data-sourcepos=\"22:1-22:152\"><strong>Maggiore Durata nell&#8217;Esecuzione dei Compiti:<\/strong> Consente agli utenti di svolgere compiti che richiedono sforzo sopra la testa per periodi pi\u00f9 lunghi.<\/li>\n<li data-sourcepos=\"23:1-23:137\"><strong>Supporto Dinamico e Naturale:<\/strong> Reagisce in modo naturale a ogni movimento, fornendo un supporto che non limita la libert\u00e0 di azione.<\/li>\n<li data-sourcepos=\"24:1-25:0\"><strong>Elevato Livello di Supporto con Movimenti Illimitati:<\/strong> Offre un notevole alleggerimento dello sforzo senza compromettere l&#8217;ampiezza e la naturalezza dei movimenti.<\/li>\n<\/ul>\n<\/div>\n<p><!-- .vgblk-rw-wrapper --><\/p>","protected":false},"excerpt":{"rendered":"<p>The <strong>DeltaSuit di AUXIVO<\/strong> \u00e8 un esoscheletro progettato per fornire supporto dinamico alle spalle e al collo durante le attivit\u00e0 svolte sopra la testa. \u00c8 un dispositivo che mira a migliorare l&#8217;ergonomia e le prestazioni, riducendo l&#8217;affaticamento e lo sforzo muscolare in ambienti di lavoro esigenti.<\/p>","protected":false},"featured_media":1016626,"template":"","meta":[],"pwb-brand":[605],"product_brand":[],"product_cat":[644],"product_tag":[],"class_list":{"0":"post-1016623","1":"product","2":"type-product","3":"status-publish","4":"has-post-thumbnail","6":"pwb-brand-auxivo","7":"product_cat-wearable-robotics","9":"first","10":"instock","11":"shipping-taxable","12":"purchasable","13":"product-type-simple"},"brands":[{"id":605,"name":"Auxivo","slug":"auxivo"}],"_links":{"self":[{"href":"https:\/\/store.todsystem.com\/en\/wp-json\/wp\/v2\/product\/1016623","targetHints":{"allow":["GET"]}}],"collection":[{"href":"https:\/\/store.todsystem.com\/en\/wp-json\/wp\/v2\/product"}],"about":[{"href":"https:\/\/store.todsystem.com\/en\/wp-json\/wp\/v2\/types\/product"}],"version-history":[{"count":2,"href":"https:\/\/store.todsystem.com\/en\/wp-json\/wp\/v2\/product\/1016623\/revisions"}],"predecessor-version":[{"id":1016633,"href":"https:\/\/store.todsystem.com\/en\/wp-json\/wp\/v2\/product\/1016623\/revisions\/1016633"}],"wp:featuredmedia":[{"embeddable":true,"href":"https:\/\/store.todsystem.com\/en\/wp-json\/wp\/v2\/media\/1016626"}],"wp:attachment":[{"href":"https:\/\/store.todsystem.com\/en\/wp-json\/wp\/v2\/media?parent=1016623"}],"wp:term":[{"taxonomy":"pwb-brand","embeddable":true,"href":"https:\/\/store.todsystem.com\/en\/wp-json\/wp\/v2\/pwb-brand?post=1016623"},{"taxonomy":"product_brand","embeddable":true,"href":"https:\/\/store.todsystem.com\/en\/wp-json\/wp\/v2\/product_brand?post=1016623"},{"taxonomy":"product_cat","embeddable":true,"href":"https:\/\/store.todsystem.com\/en\/wp-json\/wp\/v2\/product_cat?post=1016623"},{"taxonomy":"product_tag","embeddable":true,"href":"https:\/\/store.todsystem.com\/en\/wp-json\/wp\/v2\/product_tag?post=1016623"}],"curies":[{"name":"wp","href":"https:\/\/api.w.org\/{rel}","templated":true}]}}