{"id":1016587,"date":"2025-05-19T11:41:20","date_gmt":"2025-05-19T11:41:20","guid":{"rendered":"https:\/\/store.todsystem.com\/?post_type=product&#038;p=1016587"},"modified":"2025-07-16T16:52:41","modified_gmt":"2025-07-16T16:52:41","slug":"braccio-robotico-gen3-lite-kinova","status":"publish","type":"product","link":"https:\/\/store.todsystem.com\/en\/product\/braccio-robotico-gen3-lite-kinova\/","title":{"rendered":"Gen3 Lite Kinova Robotic Arm"},"content":{"rendered":"<div class=\"vgblk-rw-wrapper limit-wrapper\">\n<p data-start=\"45\" data-end=\"569\">The <strong data-start=\"48\" data-end=\"63\">Kinova Gen3<\/strong> \u00e8 un robot ultraleggero, progettato per essere efficiente e facilmente trasportabile grazie al suo peso ridotto. L\u2019unit\u00e0 di controllo \u00e8 integrata direttamente nel braccio robotico, eliminando cos\u00ec la necessit\u00e0 di un ingombrante e pesante box di controllo esterno. L\u2019installazione richiede meno di 30 minuti, rendendolo una soluzione estremamente versatile per l\u2019uso da parte di diversi team. Questa caratteristica lo rende particolarmente adatto a contesti come universit\u00e0, startup e anche grandi aziende.<\/p>\n<p data-start=\"571\" data-end=\"1195\">Thanks to the software <strong data-start=\"590\" data-end=\"611\">Kinova Kortex API<\/strong>, il Gen3 pu\u00f2 essere integrato facilmente con tecnologie gi\u00e0 esistenti. Il robot \u00e8 accessibile da qualsiasi dispositivo desktop o mobile tramite l\u2019applicazione web <strong data-start=\"775\" data-end=\"793\">Kortex Web App<\/strong>. Con quest\u2019ultima \u00e8 possibile facilitare l\u2019inserimento di nuovi utenti, trasferire codice sull\u2019hardware tramite l\u2019interfaccia <strong data-start=\"920\" data-end=\"939\">Matlab Simulink<\/strong>, implementare manipolazioni mobili utilizzando i driver <strong data-start=\"996\" data-end=\"1003\">ROS<\/strong>, oppure sviluppare applicazioni completamente personalizzate sfruttando le API Kortex disponibili in <strong data-start=\"1105\" data-end=\"1115\">Python<\/strong> e <strong data-start=\"1118\" data-end=\"1125\">C++<\/strong>. Hai la libert\u00e0 di lavorare nell\u2019ambiente di sviluppo che preferisci.<\/p>\n<p data-start=\"1197\" data-end=\"1318\" data-is-last-node=\"\" data-is-only-node=\"\">\u00c8 disponibile anche un <strong data-start=\"1220\" data-end=\"1237\">modulo Vision<\/strong> opzionale, che consente l\u2019elaborazione di compiti dinamici basati su telecamera.<\/p>\n<p data-sourcepos=\"7:1-7:27\"><strong>Caratteristiche Chiave:<\/strong><\/p>\n<ul data-sourcepos=\"9:1-19:0\">\n<li data-sourcepos=\"9:1-9:209\"><strong>Leggero e Compatto:<\/strong> Con un peso contenuto, il Gen3 Lite \u00e8 facile da trasportare, installare e integrare in diversi ambienti di lavoro. La sua struttura compatta lo rende ideale anche per spazi ristretti.<\/li>\n<li data-sourcepos=\"10:1-10:269\"><strong>Intuitivo da Usare:<\/strong> L&#8217;interfaccia utente basata su browser e le diverse opzioni di controllo (joystick, teach pendant, programmazione Python) rendono la programmazione e l&#8217;utilizzo del braccio accessibili anche a chi non ha una profonda conoscenza della robotica.<\/li>\n<li data-sourcepos=\"11:1-11:162\"><strong>6 Gradi di Libert\u00e0 (DOF):<\/strong> Offre una flessibilit\u00e0 di movimento eccezionale, permettendo di raggiungere punti complessi nello spazio di lavoro con precisione.<\/li>\n<li data-sourcepos=\"12:1-12:197\"><strong>Sensori Integrati:<\/strong> Ogni giunto \u00e8 dotato di sensori di coppia ad alta risoluzione, che permettono al braccio di percepire l&#8217;ambiente circostante, rilevare collisioni e applicare forze precise.<\/li>\n<li data-sourcepos=\"13:1-13:207\"><strong>Visione Integrata (Opzionale):<\/strong> Alcune configurazioni includono una telecamera integrata nell&#8217;end-effector, che semplifica le attivit\u00e0 di ispezione, riconoscimento oggetti e manipolazione visuo-motoria.<\/li>\n<li data-sourcepos=\"14:1-14:143\"><strong>End-Effector Versatile:<\/strong> Compatibile con un&#8217;ampia gamma di pinze, ventose e altri strumenti di presa per adattarsi a diverse applicazioni.<\/li>\n<li data-sourcepos=\"15:1-15:187\"><strong>Sicurezza Intrinseca:<\/strong> Grazie ai sensori di coppia e alle funzionalit\u00e0 di rilevamento delle collisioni, il Gen3 Lite \u00e8 progettato per operare in modo sicuro in prossimit\u00e0 di persone.<\/li>\n<li data-sourcepos=\"16:1-16:213\"><strong>Programmazione Flessibile:<\/strong> Supporta diversi metodi di programmazione, tra cui la programmazione guidata, la programmazione basata su task e la programmazione tramite API Python per applicazioni pi\u00f9 avanzate.<\/li>\n<li data-sourcepos=\"17:1-17:105\"><strong>Open Architecture:<\/strong> La sua architettura aperta facilita l&#8217;integrazione con altri sistemi e software.<\/li>\n<li data-sourcepos=\"18:1-19:0\"><strong>Alimentazione Semplice:<\/strong> Richiede una singola connessione di alimentazione standard.<\/li>\n<\/ul>\n<\/div>\n<p><!-- .vgblk-rw-wrapper --><\/p>","protected":false},"excerpt":{"rendered":"<p>Il braccio robotico Gen3 Lite di <a href=\"https:\/\/store.todsystem.com\/en\/brand\/kinova\/\">Kinova<\/a> \u00e8 un concentrato di tecnologia avanzata racchiuso in un design leggero e intuitivo. Progettato per democratizzare la robotica, il Gen3 Lite offre prestazioni elevate e una flessibilit\u00e0 senza precedenti, rendendolo ideale per un&#8217;ampia gamma di applicazioni, dall&#8217;istruzione e la ricerca all&#8217;automazione leggera e all&#8217;assistenza.<\/p>","protected":false},"featured_media":1016589,"template":"","meta":[],"pwb-brand":[604],"product_brand":[],"product_cat":[280],"product_tag":[],"class_list":{"0":"post-1016587","1":"product","2":"type-product","3":"status-publish","4":"has-post-thumbnail","6":"pwb-brand-kinova","7":"product_cat-robot-collaborativi","9":"first","10":"instock","11":"shipping-taxable","12":"product-type-simple"},"brands":[{"id":604,"name":"Kinova","slug":"kinova"}],"_links":{"self":[{"href":"https:\/\/store.todsystem.com\/en\/wp-json\/wp\/v2\/product\/1016587","targetHints":{"allow":["GET"]}}],"collection":[{"href":"https:\/\/store.todsystem.com\/en\/wp-json\/wp\/v2\/product"}],"about":[{"href":"https:\/\/store.todsystem.com\/en\/wp-json\/wp\/v2\/types\/product"}],"version-history":[{"count":4,"href":"https:\/\/store.todsystem.com\/en\/wp-json\/wp\/v2\/product\/1016587\/revisions"}],"predecessor-version":[{"id":1018409,"href":"https:\/\/store.todsystem.com\/en\/wp-json\/wp\/v2\/product\/1016587\/revisions\/1018409"}],"wp:featuredmedia":[{"embeddable":true,"href":"https:\/\/store.todsystem.com\/en\/wp-json\/wp\/v2\/media\/1016589"}],"wp:attachment":[{"href":"https:\/\/store.todsystem.com\/en\/wp-json\/wp\/v2\/media?parent=1016587"}],"wp:term":[{"taxonomy":"pwb-brand","embeddable":true,"href":"https:\/\/store.todsystem.com\/en\/wp-json\/wp\/v2\/pwb-brand?post=1016587"},{"taxonomy":"product_brand","embeddable":true,"href":"https:\/\/store.todsystem.com\/en\/wp-json\/wp\/v2\/product_brand?post=1016587"},{"taxonomy":"product_cat","embeddable":true,"href":"https:\/\/store.todsystem.com\/en\/wp-json\/wp\/v2\/product_cat?post=1016587"},{"taxonomy":"product_tag","embeddable":true,"href":"https:\/\/store.todsystem.com\/en\/wp-json\/wp\/v2\/product_tag?post=1016587"}],"curies":[{"name":"wp","href":"https:\/\/api.w.org\/{rel}","templated":true}]}}