{"id":1014109,"date":"2024-11-05T09:41:49","date_gmt":"2024-11-05T09:41:49","guid":{"rendered":"https:\/\/store.todsystem.com\/?post_type=product&#038;p=1014109"},"modified":"2025-07-11T10:49:42","modified_gmt":"2025-07-11T10:49:42","slug":"photoneo-motioncam-3d-m","status":"publish","type":"product","link":"https:\/\/store.todsystem.com\/en\/product\/photoneo-motioncam-3d-m\/","title":{"rendered":"Photoneo MotionCam-3D M"},"content":{"rendered":"<div class=\"vgblk-rw-wrapper limit-wrapper\">La <strong>MotionCam 3D M<\/strong> di Photoneo \u00e8 una telecamera 3D avanzata progettata per la scansione precisa di oggetti e scene di medie dimensioni. Rispetto al modello della serie S, offre un range di scansione ampliato, mantenendo elevati standard di accuratezza. Con una risoluzione di 1680 x 1200 e una capacit\u00e0 di acquisire fino a 15 milioni di punti 3D al secondo, \u00e8 ideale per applicazioni di automazione e controllo qualit\u00e0. La MotionCam 3D M garantisce scansioni rapide e dettagliate, anche per oggetti in movimento fino a 40 m\/s, risultando perfetta per esigenze industriali di medio raggio.<\/p>\n<p>Technical Specifications<\/p>\n<ul>\n<li><strong>Scanning range<\/strong>: 497-939 mm<\/li>\n<li><strong>Depth map resolution<\/strong>:\n<ul>\n<li>Static mode: 1680 x 1200<\/li>\n<li>Dynamic mode: up to 1680 x 1200<\/li>\n<\/ul>\n<\/li>\n<li><strong>Maximum speed of the object\/camera<\/strong>: up to 40 m\/s<\/li>\n<li><strong>Camera mode<\/strong>:\n<ul>\n<li><strong>Point size<\/strong>: 0.55 mm a 0.9 MP, 0.37 mm a 2 MP<\/li>\n<li><strong>Accuracy<\/strong>: &lt; 0.500 mm<\/li>\n<li><strong>Temporal noise<\/strong>: &lt; 0.100 mm<\/li>\n<\/ul>\n<\/li>\n<li><strong>Scanner mode<\/strong>:\n<ul>\n<li><strong>Point size<\/strong>: 0.37 mm a z = 650 mm<\/li>\n<li><strong>Accuracy<\/strong>: &lt; 0.250 mm<\/li>\n<li><strong>Temporal noise<\/strong>: &lt; 0.050 mm<\/li>\n<\/ul>\n<\/li>\n<li><strong>Maximum frame rate<\/strong>: up to 20 fps<\/li>\n<li><strong>Data acquisition time<\/strong>: 10 ms<\/li>\n<li><strong>Processing capacity<\/strong>: 15 million 3D points per second<\/li>\n<li><strong>Graphics processor (GPU)<\/strong>: NVIDIA Pascal\u2122 Architecture with 256 CUDA cores<\/li>\n<li><strong>Dimensions<\/strong>: 86 x 68 x 428 mm<\/li>\n<li><strong>Baseline<\/strong>: 350 mm<\/li>\n<li><strong>Weight<\/strong>: 1050 g<\/li>\n<\/ul>\n<p>Distinctive Features<\/p>\n<ul>\n<li><strong>Maggiore range di scansione<\/strong>: La serie M offre un range esteso ideale per la scansione di oggetti di dimensioni medie, ampliando le possibilit\u00e0 rispetto alla serie S.<\/li>\n<li><strong>Precisione e velocit\u00e0 per oggetti in movimento<\/strong>: Con una capacit\u00e0 di acquisizione di 15 milioni di punti al secondo e una velocit\u00e0 di scansione fino a 40 m\/s, \u00e8 ottimale per oggetti in rapido movimento.<\/li>\n<li><strong>Prestazioni avanzate<\/strong>: Dotata di GPU NVIDIA Pascal\u2122, supporta elaborazioni ad alta velocit\u00e0 in ambienti complessi, rendendola perfetta per progetti industriali di medio raggio e applicazioni di robotica di precisione.<\/li>\n<\/ul>\n<\/div>\n<p><!-- .vgblk-rw-wrapper --><\/p>","protected":false},"excerpt":{"rendered":"<p>Photoneo's MotionCam 3D M is a high-precision 3D camera designed to capture medium-sized objects and scenes with a wider scanning range than the S series. This version is optimized for industrial automation, robotics and quality control applications, offering a combination of accuracy, speed and flexibility for 3D detections in dynamic environments.<\/p>","protected":false},"featured_media":1014154,"template":"","meta":[],"pwb-brand":[593],"product_brand":[],"product_cat":[617],"product_tag":[],"class_list":{"0":"post-1014109","1":"product","2":"type-product","3":"status-publish","4":"has-post-thumbnail","6":"pwb-brand-photoneo","7":"product_cat-camere-industriali","9":"first","10":"instock","11":"shipping-taxable","12":"product-type-simple"},"brands":[{"id":593,"name":"Photone","slug":"photone"}],"_links":{"self":[{"href":"https:\/\/store.todsystem.com\/en\/wp-json\/wp\/v2\/product\/1014109","targetHints":{"allow":["GET"]}}],"collection":[{"href":"https:\/\/store.todsystem.com\/en\/wp-json\/wp\/v2\/product"}],"about":[{"href":"https:\/\/store.todsystem.com\/en\/wp-json\/wp\/v2\/types\/product"}],"version-history":[{"count":3,"href":"https:\/\/store.todsystem.com\/en\/wp-json\/wp\/v2\/product\/1014109\/revisions"}],"predecessor-version":[{"id":1018334,"href":"https:\/\/store.todsystem.com\/en\/wp-json\/wp\/v2\/product\/1014109\/revisions\/1018334"}],"wp:featuredmedia":[{"embeddable":true,"href":"https:\/\/store.todsystem.com\/en\/wp-json\/wp\/v2\/media\/1014154"}],"wp:attachment":[{"href":"https:\/\/store.todsystem.com\/en\/wp-json\/wp\/v2\/media?parent=1014109"}],"wp:term":[{"taxonomy":"pwb-brand","embeddable":true,"href":"https:\/\/store.todsystem.com\/en\/wp-json\/wp\/v2\/pwb-brand?post=1014109"},{"taxonomy":"product_brand","embeddable":true,"href":"https:\/\/store.todsystem.com\/en\/wp-json\/wp\/v2\/product_brand?post=1014109"},{"taxonomy":"product_cat","embeddable":true,"href":"https:\/\/store.todsystem.com\/en\/wp-json\/wp\/v2\/product_cat?post=1014109"},{"taxonomy":"product_tag","embeddable":true,"href":"https:\/\/store.todsystem.com\/en\/wp-json\/wp\/v2\/product_tag?post=1014109"}],"curies":[{"name":"wp","href":"https:\/\/api.w.org\/{rel}","templated":true}]}}