{"id":1014046,"date":"2024-11-04T14:56:54","date_gmt":"2024-11-04T14:56:54","guid":{"rendered":"https:\/\/store.todsystem.com\/?post_type=product&#038;p=1014046"},"modified":"2025-05-06T15:05:54","modified_gmt":"2025-05-06T15:05:54","slug":"onrobot-2fgp20","status":"publish","type":"product","link":"https:\/\/store.todsystem.com\/en\/product\/onrobot-2fgp20\/","title":{"rendered":"OnRobot 2FGP20"},"content":{"rendered":"<div class=\"vgblk-rw-wrapper limit-wrapper\"><strong>2FGP20<\/strong> di OnRobot \u00e8 una pinza elettrica avanzata, progettata per rispondere alle necessit\u00e0 delle operazioni di pallettizzazione con una gestione flessibile e veloce di vari tipi di carichi. Dotata di bracci personalizzabili e di una corsa ampia, la pinza permette di movimentare scatole aperte, display e altri contenitori che richiedono una presa diversa rispetto ai metodi tradizionali a vuoto. La pinza integra una presa a vuoto ideale per il posizionamento dei fogli di scorrimento, eliminando la necessit\u00e0 di sostituire o aggiungere attrezzature, riducendo cos\u00ec tempi e costi. Grazie alla sua capacit\u00e0 di carico fino a <strong>20 kg<\/strong>, <strong>2FGP20<\/strong> \u00e8 perfetta per la movimentazione di scatole pesanti e di articoli FMCG come cosmetici, prodotti farmaceutici e cibi confezionati in tetrapack.<\/p>\n<h2>Main technical specifications:<\/h2>\n<ul>\n<li>\n<h3><strong>Maximum payload<\/strong>: 20 kg, adatto per scatole pesanti e applicazioni di movimentazione di grandi dimensioni<\/h3>\n<\/li>\n<li>\n<h3><strong>Ampia corsa e bracci personalizzabili<\/strong>: consente una flessibilit\u00e0 elevata per adattarsi a diversi tipi di imballaggi e contenitori<\/h3>\n<\/li>\n<li>\n<h3><strong>Presa a vuoto integrata<\/strong>: la funzione a vuoto permette di gestire i fogli di scorrimento senza necessit\u00e0 di accessori aggiuntivi<\/h3>\n<\/li>\n<li>\n<h3><strong>Ideale per contenitori non gestibili con il vuoto<\/strong>: grazie alla presa parallela che si adatta a materiali di varia porosit\u00e0<\/h3>\n<\/li>\n<li>\n<h3><strong>Implementazione veloce<\/strong>: il design elettrico elimina la complessit\u00e0 e i costi dell\u2019alimentazione ad aria esterna, rendendola una soluzione pratica e pronta all&#8217;uso<\/h3>\n<\/li>\n<li>\n<h3><strong>Efficienza operativa<\/strong>: la configurazione plug-and-produce riduce il tempo di integrazione e richiede un minimo intervento tecnico<\/h3>\n<\/li>\n<\/ul>\n<p>&nbsp;<\/p>\n<p>Questa pinza \u00e8 progettata per un\u2019operativit\u00e0 rapida e senza complicazioni, aumentando l\u2019efficienza delle operazioni di pallettizzazione e riducendo i tempi di ciclo, con vantaggi economici e un ROI rapido.<\/p><\/div>\n<p><!-- .vgblk-rw-wrapper --><\/p>","protected":false},"excerpt":{"rendered":"<p>The pliers <strong>2FGP20<\/strong> \u00e8 una soluzione di presa elettrica flessibile per operazioni di pallettizzazione e manipolazione di fogli di scorrimento. Con un&#8217;ampia corsa e bracci personalizzabili, questa pinza offre un\u2019alta versatilit\u00e0, rendendola ideale per scatole pesanti, contenitori aperti e prodotti non gestibili con pinze a vuoto. Grazie all&#8217;integrazione di una funzione a vuoto, \u00e8 possibile manipolare i fogli di scorrimento senza bisogno di cambiare utensile.<\/p>","protected":false},"featured_media":1014050,"template":"","meta":[],"pwb-brand":[586],"product_brand":[],"product_cat":[272],"product_tag":[],"class_list":{"0":"post-1014046","1":"product","2":"type-product","3":"status-publish","4":"has-post-thumbnail","6":"pwb-brand-onrobot","7":"product_cat-sistemi-di-presa","9":"first","10":"instock","11":"shipping-taxable","12":"product-type-simple"},"brands":[{"id":586,"name":"OnRobot","slug":"onrobot"}],"_links":{"self":[{"href":"https:\/\/store.todsystem.com\/en\/wp-json\/wp\/v2\/product\/1014046","targetHints":{"allow":["GET"]}}],"collection":[{"href":"https:\/\/store.todsystem.com\/en\/wp-json\/wp\/v2\/product"}],"about":[{"href":"https:\/\/store.todsystem.com\/en\/wp-json\/wp\/v2\/types\/product"}],"version-history":[{"count":4,"href":"https:\/\/store.todsystem.com\/en\/wp-json\/wp\/v2\/product\/1014046\/revisions"}],"predecessor-version":[{"id":1016099,"href":"https:\/\/store.todsystem.com\/en\/wp-json\/wp\/v2\/product\/1014046\/revisions\/1016099"}],"wp:featuredmedia":[{"embeddable":true,"href":"https:\/\/store.todsystem.com\/en\/wp-json\/wp\/v2\/media\/1014050"}],"wp:attachment":[{"href":"https:\/\/store.todsystem.com\/en\/wp-json\/wp\/v2\/media?parent=1014046"}],"wp:term":[{"taxonomy":"pwb-brand","embeddable":true,"href":"https:\/\/store.todsystem.com\/en\/wp-json\/wp\/v2\/pwb-brand?post=1014046"},{"taxonomy":"product_brand","embeddable":true,"href":"https:\/\/store.todsystem.com\/en\/wp-json\/wp\/v2\/product_brand?post=1014046"},{"taxonomy":"product_cat","embeddable":true,"href":"https:\/\/store.todsystem.com\/en\/wp-json\/wp\/v2\/product_cat?post=1014046"},{"taxonomy":"product_tag","embeddable":true,"href":"https:\/\/store.todsystem.com\/en\/wp-json\/wp\/v2\/product_tag?post=1014046"}],"curies":[{"name":"wp","href":"https:\/\/api.w.org\/{rel}","templated":true}]}}