{"id":1013998,"date":"2024-11-04T14:03:26","date_gmt":"2024-11-04T14:03:26","guid":{"rendered":"https:\/\/store.todsystem.com\/?post_type=product&#038;p=1013998"},"modified":"2025-05-06T15:39:16","modified_gmt":"2025-05-06T15:39:16","slug":"robotiq-2f-140-pinza-a-2-dita","status":"publish","type":"product","link":"https:\/\/store.todsystem.com\/en\/product\/robotiq-2f-140-pinza-a-2-dita\/","title":{"rendered":"Robotiq 2F-140 2-finger pliers"},"content":{"rendered":"<div class=\"vgblk-rw-wrapper limit-wrapper\">Le pinze a 2 dita Robotiq sono progettate per soddisfare le esigenze di automazione moderna, combinando versatilit\u00e0 e prestazioni elevate. Grazie alla loro capacit\u00e0 di programmare corsa, velocit\u00e0 e forza, queste pinze possono essere adattate per una variet\u00e0 di compiti, rendendole ideali per ambienti di lavoro dinamici. La loro configurazione consente sia la presa avvolgente che quella a pizzico, offrendo una gestione ottimale degli oggetti.<\/p>\n<p>Technical Specifications<\/p>\n<ul>\n<li>Carico utile: 2,5 kg (5,5 lb)<\/li>\n<li>Tool weight: 1 kg (2 lb)<\/li>\n<li>Power source: Electricity, connected to the robot wrist (24 V, 2 A)<\/li>\n<li>Control parameters: Object detection, position, speed and force<\/li>\n<li>Lifespan: 2,000,000 cycles<\/li>\n<li>Diametro: 140 mm (5,5 pollici)<\/li>\n<li>Forza di presa: Da 10 a 125 N (da 2 a 25 lbf)<\/li>\n<li>Velocit\u00e0 di chiusura: Da 30 a 250 mm\/s (da 1,2 a 9,8 in.\/s)<\/li>\n<li>Ripetibilit\u00e0: 0,03 mm (0,1 pollici)<\/li>\n<li>Ingress protection rating (IP): IP40<\/li>\n<li>Operating temperature: -10 to 50 \u00b0C (14 to 122 \u00b0F)<\/li>\n<\/ul>\n<p>Strengths<\/p>\n<p>Programmazione Semplice: Le pinze possono essere facilmente programmate per regolare corsa, velocit\u00e0 e forza tramite un&#8217;unica interfaccia, rendendo il processo di integrazione rapido e intuitivo.<\/p>\n<p>Grande Adattabilit\u00e0: I polpastrelli sostituibili consentono una personalizzazione in base al tipo di oggetto da afferrare, ottimizzando la presa in vari contesti.<\/p>\n<p>Configurazione a Doppia Pinza: \u00c8 possibile utilizzare due pinze sullo stesso robot, il che consente di ridurre significativamente i tempi di ciclo e migliorare l&#8217;efficienza del lavoro.<\/p>\n<p>Versatilit\u00e0 nelle Modalit\u00e0 di Presa: Le pinze sono in grado di eseguire sia prese avvolgenti che a pizzico, rendendole adatte a una vasta gamma di applicazioni industriali.<\/p>\n<p>Robustezza e Affidabilit\u00e0: Con una durata di vita di 2.000.000 cicli, queste pinze sono progettate per resistere a condizioni operative impegnative e garantire un funzionamento duraturo.<\/p>\n<p>Precisione e Controllo: I parametri di controllo avanzati permettono di monitorare con accuratezza la posizione, la velocit\u00e0 e la forza, assicurando una presa sicura e affidabile.<\/p><\/div>\n<p><!-- .vgblk-rw-wrapper --><\/p>","protected":false},"excerpt":{"rendered":"<p>Robotiq 2-finger grippers offer an advanced solution for object manipulation due to their programmability and versatility. Designed to work synergistically with collaborative robots, these grippers can handle a wide range of objects with precision and force.<\/p>","protected":false},"featured_media":1014002,"template":"","meta":[],"pwb-brand":[588],"product_brand":[],"product_cat":[272],"product_tag":[],"class_list":{"0":"post-1013998","1":"product","2":"type-product","3":"status-publish","4":"has-post-thumbnail","6":"pwb-brand-robotiq","7":"product_cat-sistemi-di-presa","9":"first","10":"instock","11":"shipping-taxable","12":"product-type-simple"},"brands":[{"id":588,"name":"Robotiq","slug":"robotiq"}],"_links":{"self":[{"href":"https:\/\/store.todsystem.com\/en\/wp-json\/wp\/v2\/product\/1013998","targetHints":{"allow":["GET"]}}],"collection":[{"href":"https:\/\/store.todsystem.com\/en\/wp-json\/wp\/v2\/product"}],"about":[{"href":"https:\/\/store.todsystem.com\/en\/wp-json\/wp\/v2\/types\/product"}],"version-history":[{"count":6,"href":"https:\/\/store.todsystem.com\/en\/wp-json\/wp\/v2\/product\/1013998\/revisions"}],"predecessor-version":[{"id":1016121,"href":"https:\/\/store.todsystem.com\/en\/wp-json\/wp\/v2\/product\/1013998\/revisions\/1016121"}],"wp:featuredmedia":[{"embeddable":true,"href":"https:\/\/store.todsystem.com\/en\/wp-json\/wp\/v2\/media\/1014002"}],"wp:attachment":[{"href":"https:\/\/store.todsystem.com\/en\/wp-json\/wp\/v2\/media?parent=1013998"}],"wp:term":[{"taxonomy":"pwb-brand","embeddable":true,"href":"https:\/\/store.todsystem.com\/en\/wp-json\/wp\/v2\/pwb-brand?post=1013998"},{"taxonomy":"product_brand","embeddable":true,"href":"https:\/\/store.todsystem.com\/en\/wp-json\/wp\/v2\/product_brand?post=1013998"},{"taxonomy":"product_cat","embeddable":true,"href":"https:\/\/store.todsystem.com\/en\/wp-json\/wp\/v2\/product_cat?post=1013998"},{"taxonomy":"product_tag","embeddable":true,"href":"https:\/\/store.todsystem.com\/en\/wp-json\/wp\/v2\/product_tag?post=1013998"}],"curies":[{"name":"wp","href":"https:\/\/api.w.org\/{rel}","templated":true}]}}