{"id":1013716,"date":"2024-10-30T10:23:52","date_gmt":"2024-10-30T10:23:52","guid":{"rendered":"https:\/\/store.todsystem.com\/?post_type=product&#038;p=1013716"},"modified":"2025-09-09T12:14:16","modified_gmt":"2025-09-09T12:14:16","slug":"deep-robotics-x30","status":"publish","type":"product","link":"https:\/\/store.todsystem.com\/en\/product\/deep-robotics-x30\/","title":{"rendered":"Deep Robotics X30 Quadrupedal Robot"},"content":{"rendered":"<div class=\"vgblk-rw-wrapper limit-wrapper\">Progettato come prodotto di punta per l&#8217;automazione industriale, il Robot quadrupede X30 di <a href=\"https:\/\/store.todsystem.com\/en\/brand\/deep-robotics\/\">Deep Robotics<\/a> is built to meet the demands of industries that need safe, autonomous operations in difficult, unmonitored scenarios. With advanced sensing technology and improved resilience, X30 handles the most demanding applications, from inspections to emergency response.<\/p>\n<p>Key technical features<\/p>\n<ul>\n<li><strong>Dimensioni complessive<\/strong>: 1000 mm x 585 mm x 470 mm<\/li>\n<li><strong>Weight<\/strong>: 56 kg (batteria inclusa)<\/li>\n<li><strong>IP rating<\/strong>: IP67 (resistente alla polvere e all\u2019acqua)<\/li>\n<li><strong>Maximum speed<\/strong>: \u22654 m\/s<\/li>\n<li><strong>Autonomia batteria<\/strong>: 2,5-4 ore<\/li>\n<li><strong>Chilometraggio per carica<\/strong>: \u226510 km<\/li>\n<li><strong>Intervallo di temperatura operativa<\/strong>: -20\u00b0 C ~ 55\u00b0 C<\/li>\n<li><strong>Capacit\u00e0 di inclinazione<\/strong>: fino a 45\u00b0<\/li>\n<li><strong>Superamento ostacoli<\/strong>: gradino\/ostacolo di almeno 20 cm<\/li>\n<li><strong>Power supply<\/strong>: batteria con durata fino a 4 ore e sostituzione rapida<\/li>\n<li><strong>Communication<\/strong>: Alimentazione in uscita tramite Ethernet (72V BAT)<\/li>\n<\/ul>\n<p>The <strong>Deep Robotics X30<\/strong> \u00e8 progettato per affrontare agevolmente terreni irregolari e ostacoli significativi, potendo superare pendenze fino a 45\u00b0 e ostacoli di almeno 20 cm.<\/p>\n<p>Questa capacit\u00e0 consente al robot di salire e scendere scale con angolazioni elevate e attraversare rapidamente scenari industriali impegnativi senza compromettere la stabilit\u00e0. Equipaggiato con un sistema di percezione della fusione avanzato, X30 si muove agilmente in ambienti con illuminazione variabile o scarsa, navigando in oscurit\u00e0 completa, in presenza di forti sfarfallii luminosi o in situazioni con luce intensa. Ideale per monitoraggi notturni o ambienti con visibilit\u00e0 ridotta, X30 garantisce precisione operativa continua.<\/p>\n<p>The X30's power system is optimized for prolonged 25% life compared to previous models, with battery life allowing operations of up to 4 hours. The battery is easily replaceable, thus ensuring uninterrupted service even in the most critical situations, offering uninterrupted emergency operations.<\/p>\n<p>Il Robot quadrupede Deep Robotics X30 \u00e8 progettato per le applicazioni industriali pi\u00f9 avanzate, con un design robusto e prestazioni potenti anche in condizioni atmosferiche avverse. Le sue capacit\u00e0 di navigazione autonoma e la lunga durata della batteria garantiscono operazioni sicure e affidabili, rendendolo una risorsa strategica per qualsiasi azienda che richieda un robot versatile e autonomo in ambienti complessi.<\/p><\/div>\n<p><!-- .vgblk-rw-wrapper --><\/p>","protected":false},"excerpt":{"rendered":"<p>The <strong>X30 quadruped robot<\/strong> is the ideal solution for advanced industrial needs such as inspection, security and mapping, operating even under extreme conditions. Equipped with IP67 protection, X30 tackles complex environments and harsh weather conditions with consistent and reliable performance.<\/p>\n<h3><\/h3>","protected":false},"featured_media":1016918,"template":"","meta":[],"pwb-brand":[591],"product_brand":[],"product_cat":[276],"product_tag":[],"class_list":{"0":"post-1013716","1":"product","2":"type-product","3":"status-publish","4":"has-post-thumbnail","6":"pwb-brand-deep-robotics","7":"product_cat-robot-quadrupedi","9":"first","10":"instock","11":"featured","12":"shipping-taxable","13":"product-type-simple"},"brands":[{"id":591,"name":"Deep Robotics","slug":"deep-robotics"}],"_links":{"self":[{"href":"https:\/\/store.todsystem.com\/en\/wp-json\/wp\/v2\/product\/1013716","targetHints":{"allow":["GET"]}}],"collection":[{"href":"https:\/\/store.todsystem.com\/en\/wp-json\/wp\/v2\/product"}],"about":[{"href":"https:\/\/store.todsystem.com\/en\/wp-json\/wp\/v2\/types\/product"}],"version-history":[{"count":8,"href":"https:\/\/store.todsystem.com\/en\/wp-json\/wp\/v2\/product\/1013716\/revisions"}],"predecessor-version":[{"id":1018706,"href":"https:\/\/store.todsystem.com\/en\/wp-json\/wp\/v2\/product\/1013716\/revisions\/1018706"}],"wp:featuredmedia":[{"embeddable":true,"href":"https:\/\/store.todsystem.com\/en\/wp-json\/wp\/v2\/media\/1016918"}],"wp:attachment":[{"href":"https:\/\/store.todsystem.com\/en\/wp-json\/wp\/v2\/media?parent=1013716"}],"wp:term":[{"taxonomy":"pwb-brand","embeddable":true,"href":"https:\/\/store.todsystem.com\/en\/wp-json\/wp\/v2\/pwb-brand?post=1013716"},{"taxonomy":"product_brand","embeddable":true,"href":"https:\/\/store.todsystem.com\/en\/wp-json\/wp\/v2\/product_brand?post=1013716"},{"taxonomy":"product_cat","embeddable":true,"href":"https:\/\/store.todsystem.com\/en\/wp-json\/wp\/v2\/product_cat?post=1013716"},{"taxonomy":"product_tag","embeddable":true,"href":"https:\/\/store.todsystem.com\/en\/wp-json\/wp\/v2\/product_tag?post=1013716"}],"curies":[{"name":"wp","href":"https:\/\/api.w.org\/{rel}","templated":true}]}}