{"id":1013635,"date":"2024-10-29T11:47:18","date_gmt":"2024-10-29T11:47:18","guid":{"rendered":"https:\/\/store.todsystem.com\/?post_type=product&#038;p=1013635"},"modified":"2025-06-18T10:36:50","modified_gmt":"2025-06-18T10:36:50","slug":"dobot-cr16a","status":"publish","type":"product","link":"https:\/\/store.todsystem.com\/en\/product\/dobot-cr16a\/","title":{"rendered":"Dobot CR16A"},"content":{"rendered":"<div class=\"vgblk-rw-wrapper limit-wrapper\">\n<h2><em><strong>Dobot CR16A: Il Cobot di Grande Capacit\u00e0 per le Sfide di Automazione Industriale<\/strong><\/em><\/h2>\n<p>The <strong data-start=\"89\" data-end=\"104\">Dobot CR16A<\/strong> \u00e8 un robot collaborativo di alta capacit\u00e0 progettato per affrontare le applicazioni industriali pi\u00f9 impegnative. Con una capacit\u00e0 di carico di <strong>16 kg<\/strong> and a working radius of <strong>1.000 mm<\/strong>, the <strong>CR16A<\/strong> \u00e8 ideale per operazioni come assemblaggio pesante, manipolazione di materiali, pallettizzazione e altre attivit\u00e0 che richiedono una combinazione di forza, precisione e versatilit\u00e0. Grazie alla sua robustezza, sicurezza avanzata e facilit\u00e0 di integrazione, Il <strong data-start=\"89\" data-end=\"104\">Dobot CR16A<\/strong> \u00e8 una soluzione perfetta per ottimizzare la produttivit\u00e0 in ambienti di produzione ad alta intensit\u00e0.<\/p>\n<h2 data-start=\"667\" data-end=\"707\"><strong data-start=\"667\" data-end=\"707\">Main technical features:<\/strong><\/h2>\n<ul>\n<li data-start=\"708\" data-end=\"725\"><strong data-start=\"710\" data-end=\"719\">Weight:<\/strong> 40 kg<\/li>\n<li data-start=\"726\" data-end=\"752\"><strong data-start=\"728\" data-end=\"747\">Maximum Load:<\/strong> 16 kg<\/li>\n<li data-start=\"753\" data-end=\"783\"><strong data-start=\"755\" data-end=\"776\">Working Radius:<\/strong> 1000 mm<\/li>\n<li data-start=\"784\" data-end=\"823\"><strong data-start=\"786\" data-end=\"815\">Maximum Linear Speed:<\/strong>\u00a02 m\/s<\/li>\n<li data-start=\"824\" data-end=\"966\"><strong data-start=\"826\" data-end=\"856\">Joint hikes:\u00a0<\/strong>J3: \u00b1 160\u00b0 (other joints: \u00b1 360\u00b0)<\/li>\n<li><strong>Maximum speed of Joints:\u00a0<\/strong><\/li>\n<\/ul>\n<ol>\n<li>J1\/J2: 150\u00b0\/s<\/li>\n<li>J3: 180\u00b0\/s<\/li>\n<li>J4\/J5\/J6: 223\u00b0\/s<\/li>\n<\/ol>\n<h2><strong data-start=\"1016\" data-end=\"1032\">Performance:<\/strong><\/h2>\n<p>The <strong data-start=\"1036\" data-end=\"1051\">Dobot CR16A<\/strong> si distingue per la sua elevata capacit\u00e0 di carico, offrendo prestazioni eccezionali in applicazioni che richiedono una combinazione di alta forza e precisione. La velocit\u00e0 lineare massima di <strong>2 m\/s<\/strong> e la velocit\u00e0 massima delle giunture di<strong> 223\u00b0\/s<\/strong> allow the <strong>CR16A<\/strong> di eseguire movimenti rapidi e precisi, ottimizzando i tempi di ciclo e migliorando l&#8217;efficienza complessiva delle operazioni industriali. Il suo ampio raggio di lavoro di <strong>1.000 mm<\/strong> lo rende ideale per coprire grandi aree di produzione senza necessit\u00e0 di frequenti ri-posizionamenti.<\/p>\n<h2><strong data-start=\"1633\" data-end=\"1663\">Maneuverability and Stability:<\/strong><\/h2>\n<p>Nonostante il peso di <strong>40 kg<\/strong>, the <strong data-start=\"1696\" data-end=\"1711\">Dobot CR16A<\/strong> \u00e8 progettato per garantire stabilit\u00e0 durante l\u2019esecuzione di compiti pesanti e complessi. La sua struttura robusta e la capacit\u00e0 di movimento fluido permettono di operare senza compromettere la precisione, anche in ambienti di produzione ad alta intensit\u00e0. La velocit\u00e0 delle giunture e il controllo avanzato delle traiettorie assicurano che il robot possa affrontare operazioni dinamiche e complesse senza perdere stabilit\u00e0 o accuratezza.<\/p>\n<h2><strong data-start=\"2152\" data-end=\"2179\">Technology and Security:<\/strong><\/h2>\n<p>The <strong data-start=\"2183\" data-end=\"2198\">Dobot CR16A<\/strong> \u00e8 dotato di sensori avanzati che garantiscono la sicurezza degli operatori durante le operazioni di lavoro fianco a fianco. La protezione contro collisioni, l\u2019adattamento dinamico della velocit\u00e0 e la capacit\u00e0 di rilevazione automatica delle situazioni di pericolo fanno del <strong>CR16A<\/strong> una soluzione sicura per l\u2019ambiente di lavoro. Inoltre, la programmazione intuitiva e l&#8217;interfaccia <strong>user-friendly<\/strong> permettono una facile integrazione nel flusso di lavoro produttivo, riducendo i tempi di set-up e massimizzando l\u2019efficienza operativa.<\/p>\n<h2><strong data-start=\"3010\" data-end=\"3032\">Why choose it.<\/strong><\/h2>\n<p>Choose the <strong data-start=\"3046\" data-end=\"3061\">Dobot CR16A<\/strong> significa dotarsi di un robot collaborativo ad alte prestazioni, progettato per gestire operazioni complesse che richiedono sia forza che precisione. Con una capacit\u00e0 di carico di <strong>16 kg<\/strong>, a working radius of <strong>1.000 mm<\/strong> and advanced security, the <strong>CR16A<\/strong> \u00e8 la soluzione ideale per le aziende che desiderano migliorare la produttivit\u00e0 e l\u2019efficienza operativa. Il robot \u00e8 perfetto per le applicazioni industriali pi\u00f9 impegnative, offrendo versatilit\u00e0, affidabilit\u00e0 e facilit\u00e0 di integrazione.<\/div>\n<p><!-- .vgblk-rw-wrapper --><\/p>","protected":false},"excerpt":{"rendered":"<p>The <strong>CR16A<\/strong> represents a breakthrough in collaborative robotics, combining high payload performance with advanced functionality and intuitive design. With a capacity of 16 kg, this robot can tackle a variety of complex applications, helping to improve operational efficiency and work safety.<\/p>\n<h3><\/h3>","protected":false},"featured_media":1013906,"template":"","meta":[],"pwb-brand":[579],"product_brand":[],"product_cat":[280],"product_tag":[],"class_list":{"0":"post-1013635","1":"product","2":"type-product","3":"status-publish","4":"has-post-thumbnail","6":"pwb-brand-dobot","7":"product_cat-robot-collaborativi","9":"first","10":"instock","11":"shipping-taxable","12":"product-type-simple"},"brands":[{"id":579,"name":"Dobot","slug":"dobot"}],"_links":{"self":[{"href":"https:\/\/store.todsystem.com\/en\/wp-json\/wp\/v2\/product\/1013635","targetHints":{"allow":["GET"]}}],"collection":[{"href":"https:\/\/store.todsystem.com\/en\/wp-json\/wp\/v2\/product"}],"about":[{"href":"https:\/\/store.todsystem.com\/en\/wp-json\/wp\/v2\/types\/product"}],"version-history":[{"count":6,"href":"https:\/\/store.todsystem.com\/en\/wp-json\/wp\/v2\/product\/1013635\/revisions"}],"predecessor-version":[{"id":1016029,"href":"https:\/\/store.todsystem.com\/en\/wp-json\/wp\/v2\/product\/1013635\/revisions\/1016029"}],"wp:featuredmedia":[{"embeddable":true,"href":"https:\/\/store.todsystem.com\/en\/wp-json\/wp\/v2\/media\/1013906"}],"wp:attachment":[{"href":"https:\/\/store.todsystem.com\/en\/wp-json\/wp\/v2\/media?parent=1013635"}],"wp:term":[{"taxonomy":"pwb-brand","embeddable":true,"href":"https:\/\/store.todsystem.com\/en\/wp-json\/wp\/v2\/pwb-brand?post=1013635"},{"taxonomy":"product_brand","embeddable":true,"href":"https:\/\/store.todsystem.com\/en\/wp-json\/wp\/v2\/product_brand?post=1013635"},{"taxonomy":"product_cat","embeddable":true,"href":"https:\/\/store.todsystem.com\/en\/wp-json\/wp\/v2\/product_cat?post=1013635"},{"taxonomy":"product_tag","embeddable":true,"href":"https:\/\/store.todsystem.com\/en\/wp-json\/wp\/v2\/product_tag?post=1013635"}],"curies":[{"name":"wp","href":"https:\/\/api.w.org\/{rel}","templated":true}]}}