{"id":1013630,"date":"2024-10-29T11:31:08","date_gmt":"2024-10-29T11:31:08","guid":{"rendered":"https:\/\/store.todsystem.com\/?post_type=product&#038;p=1013630"},"modified":"2025-06-18T10:34:42","modified_gmt":"2025-06-18T10:34:42","slug":"dobot-cr12a","status":"publish","type":"product","link":"https:\/\/store.todsystem.com\/en\/product\/dobot-cr12a\/","title":{"rendered":"Dobot CR12A"},"content":{"rendered":"<div class=\"vgblk-rw-wrapper limit-wrapper\">\n<h2><em><strong>Dobot CR12A: Il Cobot di Alta Capacit\u00e0 per Applicazioni Industriali Complesse<\/strong><\/em><\/h2>\n<p>The <strong data-start=\"86\" data-end=\"101\">Dobot CR12A<\/strong> \u00e8 un robot collaborativo di ultima generazione progettato per soddisfare le esigenze delle applicazioni industriali che richiedono una grande capacit\u00e0 di carico e un ampio raggio di lavoro. Con una capacit\u00e0 di carico di <strong>12 kg<\/strong> and a working radius of <strong>1,200 mm<\/strong>, the <strong>CR12A<\/strong> \u00e8 ideale per applicazioni come pallettizzazione, manipolazione di materiali pesanti, assemblaggio e operazioni di test avanzate. Grazie alla sua robustezza, flessibilit\u00e0 e sicurezza avanzata, il <strong>CR12A<\/strong> \u00e8 la soluzione perfetta per ottimizzare la produttivit\u00e0 e ridurre i tempi di ciclo nelle industrie moderne.<\/p>\n<h2 data-start=\"667\" data-end=\"707\"><strong data-start=\"667\" data-end=\"707\">Main technical features:<\/strong><\/h2>\n<ul>\n<li data-start=\"708\" data-end=\"725\"><strong data-start=\"710\" data-end=\"719\">Weight:<\/strong> 39,5 kg<\/li>\n<li data-start=\"726\" data-end=\"752\"><strong data-start=\"728\" data-end=\"747\">Maximum Load:<\/strong> 12 kg<\/li>\n<li data-start=\"753\" data-end=\"783\"><strong data-start=\"755\" data-end=\"776\">Working Radius:<\/strong> 1200 mm<\/li>\n<li data-start=\"784\" data-end=\"823\"><strong data-start=\"786\" data-end=\"815\">Maximum Linear Speed:<\/strong>\u00a02 m\/s<\/li>\n<li data-start=\"824\" data-end=\"966\"><strong data-start=\"826\" data-end=\"856\">Joint hikes:\u00a0<\/strong>J3: \u00b1 160\u00b0 (other joints: \u00b1 360\u00b0)<\/li>\n<li><strong>Maximum speed of Joints:\u00a0<\/strong><\/li>\n<\/ul>\n<ol>\n<li>J1\/J2: 150\u00b0\/s<\/li>\n<li>J3: 180\u00b0\/s<\/li>\n<li>J4\/J5\/J6: 223\u00b0\/s<\/li>\n<\/ol>\n<h2><strong data-start=\"1032\" data-end=\"1048\">Performance:<\/strong><\/h2>\n<p>The <strong data-start=\"1052\" data-end=\"1067\">Dobot CR12A<\/strong> offre prestazioni elevate grazie alla sua capacit\u00e0 di gestire carichi fino a <strong>12 kg<\/strong>, garantendo grande versatilit\u00e0 in operazioni di assemblaggio e movimentazione di componenti ingombranti o pesanti. Con una ripetibilit\u00e0 di <strong>\u00b10.05 mm<\/strong> e una velocit\u00e0 lineare massima di <strong>2 m\/s<\/strong>, the <strong>CR12A<\/strong> \u00e8 perfetto per operazioni che richiedono sia alta precisione che velocit\u00e0. La sua velocit\u00e0 massima delle giunture di <strong>223\u00b0\/s<\/strong> assicura che possa eseguire i movimenti necessari in modo rapido ed efficiente, ottimizzando i tempi di produzione.<\/p>\n<h2><strong data-start=\"1592\" data-end=\"1622\">Maneuverability and Stability:<\/strong><\/h2>\n<p>Nonostante il peso di <strong>39,5 kg<\/strong>, the <strong data-start=\"1655\" data-end=\"1670\">Dobot CR12A<\/strong> \u00e8 progettato per offrire stabilit\u00e0 e precisione in ogni movimento. Il suo raggio di lavoro di <strong>1,200 mm<\/strong> consente di coprire ampie aree di produzione, mentre la velocit\u00e0 massima delle giunture di <strong>223\u00b0\/s<\/strong> gli consente di completare rapidamente anche operazioni pi\u00f9 complesse. La struttura robusta e la stabilit\u00e0 elevata garantiscono che il <strong>CR12A<\/strong> possa operare in modo continuo e sicuro, anche in ambienti industriali ad alta intensit\u00e0.<\/p>\n<h2><strong data-start=\"2104\" data-end=\"2131\">Technology and Security:<\/strong><\/h2>\n<p>The <strong data-start=\"2135\" data-end=\"2150\">Dobot CR12A<\/strong> \u00e8 dotato di sensori avanzati che garantiscono la sicurezza del robot durante l\u2019interazione con gli operatori. Grazie alla rilevazione automatica delle collisioni e alla capacit\u00e0 di adattare la velocit\u00e0 in base all\u2019ambiente circostante, il <strong>CR12A<\/strong> lavora in sicurezza senza la necessit\u00e0 di barriere fisiche. La sua facilit\u00e0 di programmazione, attraverso un&#8217;interfaccia intuitiva, permette una rapida integrazione nelle linee di produzione, riducendo al minimo il tempo di setup e aumentando la produttivit\u00e0.<\/p>\n<h2><strong data-start=\"2935\" data-end=\"2957\">Why choose it.<\/strong><\/h2>\n<p>Choose the <strong data-start=\"2971\" data-end=\"2986\">Dobot CR12A<\/strong> significa optare per un robot collaborativo potente e versatile, in grado di gestire carichi fino a <strong>12 kg<\/strong> con un\u2019alta precisione e una rapida velocit\u00e0. Con un\u2019elevata capacit\u00e0 di carico, ampio raggio di lavoro e sicurezza avanzata, il <strong>CR12A<\/strong> \u00e8 perfetto per ottimizzare la produttivit\u00e0 e ridurre i costi operativi nelle applicazioni industriali complesse. Ideale per le aziende che cercano una soluzione robusta, sicura e ad alte prestazioni per migliorare la loro efficienza produttiva.<\/div>\n<p><!-- .vgblk-rw-wrapper --><\/p>","protected":false},"excerpt":{"rendered":"<p>The\u00a0<strong>CR12A<\/strong>\u00a0represents an innovative solution in the field of collaborative robots, combining safety, flexibility and ease of use. It is designed to meet the load and versatility needs required in the automotive, home appliance, logistics and metal processing industries, taking automation to a new level.<\/p>","protected":false},"featured_media":1013904,"template":"","meta":[],"pwb-brand":[579],"product_brand":[],"product_cat":[280],"product_tag":[],"class_list":{"0":"post-1013630","1":"product","2":"type-product","3":"status-publish","4":"has-post-thumbnail","6":"pwb-brand-dobot","7":"product_cat-robot-collaborativi","9":"first","10":"instock","11":"shipping-taxable","12":"product-type-simple"},"brands":[{"id":579,"name":"Dobot","slug":"dobot"}],"_links":{"self":[{"href":"https:\/\/store.todsystem.com\/en\/wp-json\/wp\/v2\/product\/1013630","targetHints":{"allow":["GET"]}}],"collection":[{"href":"https:\/\/store.todsystem.com\/en\/wp-json\/wp\/v2\/product"}],"about":[{"href":"https:\/\/store.todsystem.com\/en\/wp-json\/wp\/v2\/types\/product"}],"version-history":[{"count":4,"href":"https:\/\/store.todsystem.com\/en\/wp-json\/wp\/v2\/product\/1013630\/revisions"}],"predecessor-version":[{"id":1014748,"href":"https:\/\/store.todsystem.com\/en\/wp-json\/wp\/v2\/product\/1013630\/revisions\/1014748"}],"wp:featuredmedia":[{"embeddable":true,"href":"https:\/\/store.todsystem.com\/en\/wp-json\/wp\/v2\/media\/1013904"}],"wp:attachment":[{"href":"https:\/\/store.todsystem.com\/en\/wp-json\/wp\/v2\/media?parent=1013630"}],"wp:term":[{"taxonomy":"pwb-brand","embeddable":true,"href":"https:\/\/store.todsystem.com\/en\/wp-json\/wp\/v2\/pwb-brand?post=1013630"},{"taxonomy":"product_brand","embeddable":true,"href":"https:\/\/store.todsystem.com\/en\/wp-json\/wp\/v2\/product_brand?post=1013630"},{"taxonomy":"product_cat","embeddable":true,"href":"https:\/\/store.todsystem.com\/en\/wp-json\/wp\/v2\/product_cat?post=1013630"},{"taxonomy":"product_tag","embeddable":true,"href":"https:\/\/store.todsystem.com\/en\/wp-json\/wp\/v2\/product_tag?post=1013630"}],"curies":[{"name":"wp","href":"https:\/\/api.w.org\/{rel}","templated":true}]}}