{"id":1013624,"date":"2024-10-29T11:20:20","date_gmt":"2024-10-29T11:20:20","guid":{"rendered":"https:\/\/store.todsystem.com\/?post_type=product&#038;p=1013624"},"modified":"2025-09-30T14:58:06","modified_gmt":"2025-09-30T14:58:06","slug":"dobot-cr10a","status":"publish","type":"product","link":"https:\/\/store.todsystem.com\/en\/product\/dobot-cr10a\/","title":{"rendered":"Dobot CR10A \u2013 Braccio robotico collaborativo 6 assi 10 kg"},"content":{"rendered":"<div class=\"vgblk-rw-wrapper limit-wrapper\">The <strong>Dobot CR10A<\/strong> is a collaborative robot designed to tackle the most demanding industrial automation needs. With a load capacity of <strong>10 kg<\/strong> and a working radius of <strong>1,300 mm<\/strong>, the <strong>CR10A<\/strong> is ideal for applications requiring strength and precision, such as loading\/unloading, heavy assembly, material handling and quality control operations. Due to its strength, flexibility and advanced safety, the <strong>CR10A<\/strong> is the perfect solution for optimizing productivity in modern industries.<\/p>\n<h2>Applicazioni del Dobot CR10A<\/h2>\n<ul>\n<li><strong data-start=\"5314\" data-end=\"5345\">Pallettizzazione automatica<\/strong><\/li>\n<li><strong data-start=\"5353\" data-end=\"5369\">Pick &amp; Place<\/strong><\/li>\n<li><strong data-start=\"5377\" data-end=\"5404\">Assemblaggio componenti<\/strong><\/li>\n<li><strong data-start=\"5412\" data-end=\"5439\">Saldatura automatizzata<\/strong><\/li>\n<li><strong data-start=\"5412\" data-end=\"5439\">Integrazione in celle robotizzate<\/strong><\/li>\n<\/ul>\n<h2 data-start=\"5590\" data-end=\"5620\">Technical specifications.<\/h2>\n<div class=\"_tableContainer_1rjym_1\">\n<div class=\"group _tableWrapper_1rjym_13 flex w-fit flex-col-reverse\" tabindex=\"-1\">\n<table class=\"w-fit min-w-(--thread-content-width)\" data-start=\"5621\" data-end=\"5876\">\n<thead data-start=\"5621\" data-end=\"5643\">\n<tr data-start=\"5621\" data-end=\"5643\">\n<th data-start=\"5621\" data-end=\"5633\" data-col-size=\"sm\">Parametro<\/th>\n<th data-start=\"5633\" data-end=\"5643\" data-col-size=\"sm\">Valore<\/th>\n<\/tr>\n<\/thead>\n<tbody data-start=\"5668\" data-end=\"5876\">\n<tr data-start=\"5668\" data-end=\"5687\">\n<td data-start=\"5668\" data-end=\"5678\" data-col-size=\"sm\">Payload<\/td>\n<td data-start=\"5678\" data-end=\"5687\" data-col-size=\"sm\">10 kg<\/td>\n<\/tr>\n<tr data-start=\"5688\" data-end=\"5717\">\n<td data-start=\"5688\" data-end=\"5706\" data-col-size=\"sm\">Maximum flow rate<\/td>\n<td data-start=\"5706\" data-end=\"5717\" data-col-size=\"sm\">1300 mm<\/td>\n<\/tr>\n<tr data-start=\"5718\" data-end=\"5730\">\n<td data-start=\"5718\" data-end=\"5725\" data-col-size=\"sm\">Assi<\/td>\n<td data-start=\"5725\" data-end=\"5730\" data-col-size=\"sm\">6<\/td>\n<\/tr>\n<tr data-start=\"5731\" data-end=\"5758\">\n<td data-start=\"5731\" data-end=\"5746\" data-col-size=\"sm\">Repeatability<\/td>\n<td data-start=\"5746\" data-end=\"5758\" data-col-size=\"sm\">\u00b10.03 mm<\/td>\n<\/tr>\n<tr data-start=\"5759\" data-end=\"5786\">\n<td data-start=\"5759\" data-end=\"5775\" data-col-size=\"sm\">Power supply<\/td>\n<td data-start=\"5775\" data-end=\"5786\" data-col-size=\"sm\">48 V DC<\/td>\n<\/tr>\n<tr data-start=\"5787\" data-end=\"5817\">\n<td data-start=\"5787\" data-end=\"5809\" data-col-size=\"sm\">Degree of protection<\/td>\n<td data-start=\"5809\" data-end=\"5817\" data-col-size=\"sm\">IP54<\/td>\n<\/tr>\n<tr data-start=\"5818\" data-end=\"5834\">\n<td data-start=\"5818\" data-end=\"5825\" data-col-size=\"sm\">Weight<\/td>\n<td data-start=\"5825\" data-end=\"5834\" data-col-size=\"sm\">40 kg<\/td>\n<\/tr>\n<tr data-start=\"5835\" data-end=\"5876\">\n<td data-start=\"5835\" data-end=\"5848\" data-col-size=\"sm\">Interfaces<\/td>\n<td data-start=\"5848\" data-end=\"5876\" data-col-size=\"sm\">Modbus, Ethernet, TCP\/IP<\/td>\n<\/tr>\n<\/tbody>\n<\/table>\n<\/div>\n<\/div>\n<h2>Performance<\/h2>\n<p>With a carrying capacity of <strong>10 kg<\/strong> and a working radius of <strong>1,200 mm<\/strong>, the <strong>Dobot CR10A<\/strong> is perfect for applications requiring both force and precision, such as assembly, palletizing and handling of bulky components. The maximum linear speed of <strong>2 m\/s<\/strong> and the joint velocity of <strong>223\u00b0\/s<\/strong> ensure fast and efficient operation, helping to optimize production cycles and reduce downtime.<\/p>\n<h2>Maneuverability and Stability<\/h2>\n<p>With a weight of <strong>40 kg<\/strong>, the <strong data-start=\"1602\" data-end=\"1617\">Dobot CR10A<\/strong> is a robust robot that offers great stability even in the heaviest operations. Its ability to move with great precision and 180\u00b0\/s joint speed make it ideal for applications requiring both speed and accuracy, while its large working radius allows it to cover large production areas.<\/p>\n<h2>Technology and Security<\/h2>\n<p>The <strong data-start=\"1987\" data-end=\"2002\">Dobot CR10A<\/strong> is equipped with advanced safety sensors that enable the robot to operate safely alongside operators, without the need for physical barriers. Collision detection and automatic speed adaptation ensure that the robot behaves safely even during the most complex operations. In addition, intuitive programming makes it easy to integrate the <strong>CR10A<\/strong> in any production process, reducing setup time and increasing productivity.<\/p>\n<h2>Why choose it.<\/h2>\n<p>Choose the <strong data-start=\"2813\" data-end=\"2828\">Dobot CR10A<\/strong> means getting a powerful, precise and safe collaborative robot designed to handle heavy loads and high-intensity industrial applications. With its easy programming, advanced safety, and outstanding performance, the <strong>CR10A<\/strong> is the ideal choice for companies looking to optimize productivity, reduce costs and ensure a safe and highly efficient work environment.<\/p>\n<h2 data-start=\"6281\" data-end=\"6318\">Scopri altri modelli Dobot<\/h2>\n<ul>\n<li data-start=\"6321\" data-end=\"6377\"><a href=\"https:\/\/store.todsystem.com\/en\/product\/dobot-cr5a\/\">Dobot Cr5<\/a><\/li>\n<li data-start=\"6321\" data-end=\"6377\"><a href=\"https:\/\/store.todsystem.com\/en\/product\/dobot-cr20a\/\">Dobot Cr20<\/a><\/li>\n<li data-start=\"6321\" data-end=\"6377\"><a href=\"https:\/\/store.todsystem.com\/en\/brand\/dobot\/\">Tutti i modelli Dobot<\/a><\/li>\n<\/ul>\n<h2>FAQ<\/h2>\n<p data-start=\"6624\" data-end=\"6794\"><strong data-start=\"6624\" data-end=\"6678\">Q1: Il Dobot CR10A \u00e8 adatto alla pallettizzazione?<\/strong><br data-start=\"6678\" data-end=\"6681\" \/>S\u00ec, grazie alla sua portata e capacit\u00e0 di carico, \u00e8 ideale per automazioni di fine linea e movimentazione pallet.<\/p>\n<p data-start=\"6796\" data-end=\"6962\"><strong data-start=\"6796\" data-end=\"6842\">Q2: Serve formazione per utilizzare CR10A?<\/strong><br data-start=\"6842\" data-end=\"6845\" \/>No, l\u2019interfaccia user-friendly consente una rapida configurazione anche senza competenze di programmazione avanzata.<\/p>\n<\/div>\n<p><!-- .vgblk-rw-wrapper --><\/p>","protected":false},"excerpt":{"rendered":"<p data-start=\"4452\" data-end=\"4771\">The <strong data-start=\"4455\" data-end=\"4470\"><a href=\"https:\/\/store.todsystem.com\/en\/brand\/dobot\/\">Dobot<\/a> CR10A<\/strong> is a <strong data-start=\"4476\" data-end=\"4492\">cobot 6 assi<\/strong> progettato per applicazioni di automazione industriale, con una capacit\u00e0 di carico di <strong data-start=\"4579\" data-end=\"4588\">10 kg<\/strong> e una portata di <strong data-start=\"4606\" data-end=\"4617\">1300 mm<\/strong>. Facile da integrare e programmare, rappresenta una soluzione versatile per operazioni di <strong data-start=\"4708\" data-end=\"4768\">pallettizzazione, pick &amp; place, assemblaggio e saldatura<\/strong>.<\/p>\n<p data-start=\"4773\" data-end=\"4900\">Thanks to the <strong data-start=\"4785\" data-end=\"4813\">ripetibilit\u00e0 di \u00b10,03 mm<\/strong>, il CR10A garantisce precisione, affidabilit\u00e0 e sicurezza in ogni contesto produttivo.<\/p>","protected":false},"featured_media":1013881,"template":"","meta":[],"pwb-brand":[579],"product_brand":[],"product_cat":[280],"product_tag":[],"class_list":{"0":"post-1013624","1":"product","2":"type-product","3":"status-publish","4":"has-post-thumbnail","6":"pwb-brand-dobot","7":"product_cat-robot-collaborativi","9":"first","10":"instock","11":"featured","12":"shipping-taxable","13":"product-type-simple"},"brands":[{"id":579,"name":"Dobot","slug":"dobot"}],"_links":{"self":[{"href":"https:\/\/store.todsystem.com\/en\/wp-json\/wp\/v2\/product\/1013624","targetHints":{"allow":["GET"]}}],"collection":[{"href":"https:\/\/store.todsystem.com\/en\/wp-json\/wp\/v2\/product"}],"about":[{"href":"https:\/\/store.todsystem.com\/en\/wp-json\/wp\/v2\/types\/product"}],"version-history":[{"count":11,"href":"https:\/\/store.todsystem.com\/en\/wp-json\/wp\/v2\/product\/1013624\/revisions"}],"predecessor-version":[{"id":1019167,"href":"https:\/\/store.todsystem.com\/en\/wp-json\/wp\/v2\/product\/1013624\/revisions\/1019167"}],"wp:featuredmedia":[{"embeddable":true,"href":"https:\/\/store.todsystem.com\/en\/wp-json\/wp\/v2\/media\/1013881"}],"wp:attachment":[{"href":"https:\/\/store.todsystem.com\/en\/wp-json\/wp\/v2\/media?parent=1013624"}],"wp:term":[{"taxonomy":"pwb-brand","embeddable":true,"href":"https:\/\/store.todsystem.com\/en\/wp-json\/wp\/v2\/pwb-brand?post=1013624"},{"taxonomy":"product_brand","embeddable":true,"href":"https:\/\/store.todsystem.com\/en\/wp-json\/wp\/v2\/product_brand?post=1013624"},{"taxonomy":"product_cat","embeddable":true,"href":"https:\/\/store.todsystem.com\/en\/wp-json\/wp\/v2\/product_cat?post=1013624"},{"taxonomy":"product_tag","embeddable":true,"href":"https:\/\/store.todsystem.com\/en\/wp-json\/wp\/v2\/product_tag?post=1013624"}],"curies":[{"name":"wp","href":"https:\/\/api.w.org\/{rel}","templated":true}]}}