{"id":1013612,"date":"2024-10-29T10:46:55","date_gmt":"2024-10-29T10:46:55","guid":{"rendered":"https:\/\/store.todsystem.com\/?post_type=product&#038;p=1013612"},"modified":"2025-06-18T09:14:25","modified_gmt":"2025-06-18T09:14:25","slug":"dobot-cr5a","status":"publish","type":"product","link":"https:\/\/store.todsystem.com\/en\/product\/dobot-cr5a\/","title":{"rendered":"Dobot CR5A"},"content":{"rendered":"<div class=\"vgblk-rw-wrapper limit-wrapper\">\n<h2><strong><em>Dobot CR5A: Il Robot Collaborativo per Automazione Industriale<\/em><\/strong><\/h2>\n<p>The <strong data-start=\"71\" data-end=\"85\">Dobot CR5A<\/strong> \u00e8 un robot collaborativo progettato per ottimizzare l\u2019automazione in ambienti industriali, in particolare nelle piccole e medie imprese. Con una capacit\u00e0 di carico maggiore rispetto ai modelli precedenti, il <strong>CR5A<\/strong> \u00e8 ideale per una vasta gamma di applicazioni come assemblaggio, pick-and-place, controllo qualit\u00e0 e operazioni di test. Grazie alla sua sicurezza integrata e alla facilit\u00e0 di programmazione, il <strong>CR5A<\/strong> \u00e8 la soluzione perfetta per aumentare l\u2019efficienza produttiva mantenendo un ambiente di lavoro sicuro e collaborativo.<\/p>\n<h2><strong>Main technical features:<\/strong><\/h2>\n<ul>\n<li data-start=\"575\" data-end=\"592\"><strong data-start=\"577\" data-end=\"586\">Weight:<\/strong> 25 kg<\/li>\n<li data-start=\"593\" data-end=\"619\"><strong data-start=\"595\" data-end=\"614\">Maximum Load:<\/strong> 5 kg<\/li>\n<li data-start=\"620\" data-end=\"650\"><strong data-start=\"622\" data-end=\"643\">Working Radius:<\/strong> 900 mm<\/li>\n<li data-start=\"651\" data-end=\"690\"><strong data-start=\"653\" data-end=\"682\">Maximum Linear Speed:<\/strong>\u00a02 m\/s<\/li>\n<li data-start=\"691\" data-end=\"834\"><strong data-start=\"693\" data-end=\"723\">Joint hikes:\u00a0<\/strong>J3: \u00b1 160\u00b0 (other joints: \u00b1 360\u00b0)<\/li>\n<li><strong data-start=\"837\" data-end=\"873\">Maximum joint speed:\u00a0<\/strong><\/li>\n<\/ul>\n<ol>\n<li>J1\/J2: 180\u00b0\/s<\/li>\n<li>J3: 180\u00b0\/s<\/li>\n<li>J4\/J5\/J6: 223\u00b0\/s<\/li>\n<\/ol>\n<h2><strong>Performance:<\/strong><\/h2>\n<p>The\u00a0<strong>Dobot CR5A<\/strong> \u00e8 dotato di un algoritmo di controllo del movimento avanzato che garantisce stabilit\u00e0 e precisione anche durante operazioni ad alta velocit\u00e0. Con una capacit\u00e0 di carico di <strong>5 kg<\/strong> and a working radius of <strong>900 mm<\/strong>, \u00e8 ideale per compiti che richiedono maggiore portata e forza, come il carico\/scarico di componenti pesanti o l\u2019esecuzione di operazioni di controllo qualit\u00e0. La velocit\u00e0 lineare massima di <strong>2 m\/s<\/strong> permette di ottimizzare i tempi di ciclo, rendendo il <strong>CR5A<\/strong> adatto anche a produzioni pi\u00f9 rapide.<\/p>\n<h2><strong data-start=\"1513\" data-end=\"1543\">Maneuverability and Stability:<\/strong><\/h2>\n<p>The <strong data-start=\"1547\" data-end=\"1561\">Dobot CR5A<\/strong> si distingue per la sua grande manovrabilit\u00e0, combinata con una struttura robusta. Con un peso di <strong>25 kg<\/strong>, \u00e8 abbastanza compatto da adattarsi a spazi di lavoro pi\u00f9 ristretti, pur mantenendo una stabilit\u00e0 eccellente durante il funzionamento. Il robot \u00e8 capace di eseguire movimenti precisi e veloci grazie alla velocit\u00e0 massima delle giunture di <strong>223\u00b0\/s<\/strong>, garantendo fluidit\u00e0 anche nelle operazioni che richiedono alta dinamica e flessibilit\u00e0.<\/p>\n<h2><strong data-start=\"2002\" data-end=\"2029\">Technology and Security:<\/strong><\/h2>\n<p>The <strong data-start=\"2033\" data-end=\"2047\">Dobot CR5A<\/strong> integra sensori di sicurezza avanzati che lo rendono adatto a lavorare fianco a fianco con gli operatori senza la necessit\u00e0 di barriere fisiche, pur garantendo un ambiente sicuro. La capacit\u00e0 di rilevare collisioni e adattare automaticamente la velocit\u00e0 e il movimento assicura una protezione completa. Il robot \u00e8 facilmente programmabile tramite un\u2019interfaccia intuitiva, che lo rende accessibile anche a utenti senza esperienza di programmazione robotica, accelerando l\u2019integrazione nei processi produttivi.<\/p>\n<h2><strong data-start=\"2814\" data-end=\"2836\">Why choose it.<\/strong><\/h2>\n<p>Choose the <strong data-start=\"2850\" data-end=\"2864\">Dobot CR5A<\/strong> significa optare per un robot collaborativo potente e versatile che pu\u00f2 gestire carichi fino a <strong>5 kg<\/strong>, con un\u2019elevata precisione nelle operazioni. La sua facilit\u00e0 di programmazione, l\u2019adattabilit\u00e0 e le avanzate caratteristiche di sicurezza lo rendono ideale per le aziende che desiderano migliorare l\u2019efficienza produttiva e ridurre i costi operativi, mantenendo un ambiente di lavoro sicuro e collaborativo.<\/div>\n<p><!-- .vgblk-rw-wrapper --><\/p>","protected":false},"excerpt":{"rendered":"<p>The\u00a0<strong>Dobot CR5A<\/strong>\u00a0rappresenta l&#8217;eccellenza nell&#8217;automazione industriale. Progettato per affrontare operazioni di imballaggio, pallettizzazione, e saldatura pesanti, questo robot collaborativo combina un design innovativo con tecnologie avanzate per ottimizzare le performance in diversi contesti industriali.<\/p>","protected":false},"featured_media":1016013,"template":"","meta":[],"pwb-brand":[579],"product_brand":[],"product_cat":[280],"product_tag":[],"class_list":{"0":"post-1013612","1":"product","2":"type-product","3":"status-publish","4":"has-post-thumbnail","6":"pwb-brand-dobot","7":"product_cat-robot-collaborativi","9":"first","10":"instock","11":"shipping-taxable","12":"product-type-simple"},"brands":[{"id":579,"name":"Dobot","slug":"dobot"}],"_links":{"self":[{"href":"https:\/\/store.todsystem.com\/en\/wp-json\/wp\/v2\/product\/1013612","targetHints":{"allow":["GET"]}}],"collection":[{"href":"https:\/\/store.todsystem.com\/en\/wp-json\/wp\/v2\/product"}],"about":[{"href":"https:\/\/store.todsystem.com\/en\/wp-json\/wp\/v2\/types\/product"}],"version-history":[{"count":6,"href":"https:\/\/store.todsystem.com\/en\/wp-json\/wp\/v2\/product\/1013612\/revisions"}],"predecessor-version":[{"id":1014742,"href":"https:\/\/store.todsystem.com\/en\/wp-json\/wp\/v2\/product\/1013612\/revisions\/1014742"}],"wp:featuredmedia":[{"embeddable":true,"href":"https:\/\/store.todsystem.com\/en\/wp-json\/wp\/v2\/media\/1016013"}],"wp:attachment":[{"href":"https:\/\/store.todsystem.com\/en\/wp-json\/wp\/v2\/media?parent=1013612"}],"wp:term":[{"taxonomy":"pwb-brand","embeddable":true,"href":"https:\/\/store.todsystem.com\/en\/wp-json\/wp\/v2\/pwb-brand?post=1013612"},{"taxonomy":"product_brand","embeddable":true,"href":"https:\/\/store.todsystem.com\/en\/wp-json\/wp\/v2\/product_brand?post=1013612"},{"taxonomy":"product_cat","embeddable":true,"href":"https:\/\/store.todsystem.com\/en\/wp-json\/wp\/v2\/product_cat?post=1013612"},{"taxonomy":"product_tag","embeddable":true,"href":"https:\/\/store.todsystem.com\/en\/wp-json\/wp\/v2\/product_tag?post=1013612"}],"curies":[{"name":"wp","href":"https:\/\/api.w.org\/{rel}","templated":true}]}}