{"id":1013607,"date":"2024-10-29T10:32:57","date_gmt":"2024-10-29T10:32:57","guid":{"rendered":"https:\/\/store.todsystem.com\/?post_type=product&#038;p=1013607"},"modified":"2025-06-18T09:11:46","modified_gmt":"2025-06-18T09:11:46","slug":"dobot-cr3a","status":"publish","type":"product","link":"https:\/\/store.todsystem.com\/en\/product\/dobot-cr3a\/","title":{"rendered":"Dobot CR3A"},"content":{"rendered":"<div class=\"vgblk-rw-wrapper limit-wrapper\">\n<h2><em><strong>Dobot CR3A: Il Robot Collaborativo per Piccole e Medie Imprese<\/strong><\/em><\/h2>\n<p>The\u00a0<strong>Dobot CR3A<\/strong>\u00a0rappresenta l&#8217;eccellenza nella robotica collaborativa, rompendo le barriere di carico utile con un massimo di <strong>3 kg<\/strong>. Progettato per ambienti industriali, questo robot \u00e8 perfetto per applicazioni nel settore automobilistico, degli elettrodomestici, della logistica e della lavorazione dei metalli. La sua flessibilit\u00e0 e design innovativo lo rendono una soluzione ideale per migliorare l&#8217;efficienza operativa.<\/p>\n<h2 data-start=\"534\" data-end=\"574\"><strong data-start=\"534\" data-end=\"574\">Main technical features:<\/strong><\/h2>\n<ul>\n<li data-start=\"575\" data-end=\"592\"><strong data-start=\"577\" data-end=\"586\">Weight:<\/strong> 16,5 kg<\/li>\n<li data-start=\"593\" data-end=\"619\"><strong data-start=\"595\" data-end=\"614\">Maximum Load:<\/strong> 3 kg<\/li>\n<li data-start=\"620\" data-end=\"650\"><strong data-start=\"622\" data-end=\"643\">Working Radius:<\/strong> 620 mm<\/li>\n<li data-start=\"651\" data-end=\"690\"><strong data-start=\"653\" data-end=\"682\">Maximum Linear Speed:<\/strong> 2 m\/s<\/li>\n<li data-start=\"691\" data-end=\"834\"><strong data-start=\"693\" data-end=\"723\">Joint hikes:\u00a0<\/strong>J3: \u00b1 155\u00b0 (altre giunture: \u00b1 360\u00b0)<\/li>\n<li><strong data-start=\"837\" data-end=\"873\"><strong data-start=\"837\" data-end=\"873\"><strong data-start=\"837\" data-end=\"873\"><strong data-start=\"837\" data-end=\"873\">Maximum joint speed:\u00a0<\/strong><\/strong><\/strong><\/strong><\/li>\n<\/ul>\n<ol>\n<li>J1\/J2: 180\u00b0\/s<\/li>\n<li>J3: 223\u00b0\/s<\/li>\n<li>J4\/J5\/J6: 223\u00b0\/s<\/li>\n<\/ol>\n<p>&nbsp;<\/p>\n<h2><strong data-start=\"882\" data-end=\"898\">Performance:<\/strong><\/h2>\n<p>The <strong data-start=\"902\" data-end=\"916\">Dobot CR3A<\/strong> \u00e8 progettato per eseguire operazioni precise e rapide, grazie alla sua velocit\u00e0 lineare massima di <strong>2 m\/s<\/strong> e alla capacit\u00e0 di raggiungere un elevato livello di ripetibilit\u00e0 nelle sue azioni. Questo lo rende ideale per compiti di pick-and-place, test automatici e operazioni di assemblaggio che richiedono alta precisione. Il robot offre inoltre una configurazione semplice e una programmazione intuitiva, facilitando l&#8217;integrazione nelle linee di produzione.<\/p>\n<h2><strong data-start=\"1377\" data-end=\"1407\">Maneuverability and Stability:<\/strong><\/h2>\n<p>Con un peso di 16,5 kg, il <strong>Dobot CR3A<\/strong> \u00e8 leggero e compatto, facilmente adattabile a spazi di lavoro ridotti. Il suo raggio di lavoro di <strong>620 mm<\/strong> e le escursioni delle giunture lo rendono estremamente versatile, capace di operare in una vasta gamma di posizioni. La velocit\u00e0 massima delle giunture di <strong>180\u00b0\/s<\/strong> garantisce che il robot possa eseguire i movimenti in tempi rapidi e con grande precisione, assicurando stabilit\u00e0 e affidabilit\u00e0 anche nelle operazioni pi\u00f9 dinamiche.<\/p>\n<h2><strong data-start=\"1883\" data-end=\"1910\">Technology and Security:<\/strong><\/h2>\n<p>The <strong data-start=\"1914\" data-end=\"1928\">Dobot CR3A<\/strong> \u00e8 equipaggiato con avanzati sensori di sicurezza che consentono di lavorare in totale sicurezza fianco a fianco con gli operatori senza la necessit\u00e0 di barriere fisiche. Inoltre, il robot \u00e8 facile da programmare grazie all\u2019interfaccia <strong>user-friendly<\/strong>, che consente a chiunque di integrarlo rapidamente nei processi di produzione. Le sue capacit\u00e0 di rilevamento e la protezione contro il sovraccarico rendono il <strong>CR3A<\/strong> un\u2019opzione sicura ed efficace per un ampio range di applicazioni.<\/p>\n<h2><strong data-start=\"2664\" data-end=\"2686\">Why choose it.<\/strong><\/h2>\n<p>Choose the <strong data-start=\"2700\" data-end=\"2714\">Dobot CR3A<\/strong> significa investire in un robot collaborativo altamente versatile, sicuro ed economico. Con una facile integrazione e un\u2019elevata capacit\u00e0 di adattamento a diverse applicazioni industriali, il <strong>CR3A<\/strong> rappresenta la soluzione ideale per le imprese che desiderano migliorare l\u2019efficienza e ridurre i costi senza compromettere la sicurezza e la qualit\u00e0.<\/div>\n<p><!-- .vgblk-rw-wrapper --><\/p>","protected":false},"excerpt":{"rendered":"<p>The <strong data-start=\"71\" data-end=\"85\">Dobot CR3A<\/strong> \u00e8 un robot collaborativo di nuova generazione progettato per ottimizzare le operazioni industriali nelle piccole e medie imprese. Con la sua versatilit\u00e0, precisione e facilit\u00e0 di programmazione, il <strong>CR3A<\/strong> \u00e8 ideale per applicazioni come assemblaggio, pick-and-place, test e controllo qualit\u00e0. Questo cobot \u00e8 in grado di operare in sicurezza a fianco degli esseri umani, migliorando l\u2019efficienza dei processi produttivi e riducendo i costi operativi.<\/p>","protected":false},"featured_media":1013609,"template":"","meta":[],"pwb-brand":[579],"product_brand":[],"product_cat":[280],"product_tag":[],"class_list":{"0":"post-1013607","1":"product","2":"type-product","3":"status-publish","4":"has-post-thumbnail","6":"pwb-brand-dobot","7":"product_cat-robot-collaborativi","9":"first","10":"instock","11":"shipping-taxable","12":"product-type-simple"},"brands":[{"id":579,"name":"Dobot","slug":"dobot"}],"_links":{"self":[{"href":"https:\/\/store.todsystem.com\/en\/wp-json\/wp\/v2\/product\/1013607","targetHints":{"allow":["GET"]}}],"collection":[{"href":"https:\/\/store.todsystem.com\/en\/wp-json\/wp\/v2\/product"}],"about":[{"href":"https:\/\/store.todsystem.com\/en\/wp-json\/wp\/v2\/types\/product"}],"version-history":[{"count":11,"href":"https:\/\/store.todsystem.com\/en\/wp-json\/wp\/v2\/product\/1013607\/revisions"}],"predecessor-version":[{"id":1016031,"href":"https:\/\/store.todsystem.com\/en\/wp-json\/wp\/v2\/product\/1013607\/revisions\/1016031"}],"wp:featuredmedia":[{"embeddable":true,"href":"https:\/\/store.todsystem.com\/en\/wp-json\/wp\/v2\/media\/1013609"}],"wp:attachment":[{"href":"https:\/\/store.todsystem.com\/en\/wp-json\/wp\/v2\/media?parent=1013607"}],"wp:term":[{"taxonomy":"pwb-brand","embeddable":true,"href":"https:\/\/store.todsystem.com\/en\/wp-json\/wp\/v2\/pwb-brand?post=1013607"},{"taxonomy":"product_brand","embeddable":true,"href":"https:\/\/store.todsystem.com\/en\/wp-json\/wp\/v2\/product_brand?post=1013607"},{"taxonomy":"product_cat","embeddable":true,"href":"https:\/\/store.todsystem.com\/en\/wp-json\/wp\/v2\/product_cat?post=1013607"},{"taxonomy":"product_tag","embeddable":true,"href":"https:\/\/store.todsystem.com\/en\/wp-json\/wp\/v2\/product_tag?post=1013607"}],"curies":[{"name":"wp","href":"https:\/\/api.w.org\/{rel}","templated":true}]}}