{"id":1013538,"date":"2025-07-03T07:50:04","date_gmt":"2025-07-03T07:50:04","guid":{"rendered":"https:\/\/store.todsystem.com\/?post_type=product&#038;p=1013538"},"modified":"2025-07-03T07:50:04","modified_gmt":"2025-07-03T07:50:04","slug":"pudu-cc1","status":"publish","type":"product","link":"https:\/\/store.todsystem.com\/en\/product\/pudu-cc1\/","title":{"rendered":"PUDU CC1"},"content":{"rendered":"<div class=\"vgblk-rw-wrapper limit-wrapper\">The robot <strong>Pudu CC1<\/strong> offre una pulizia <strong>quattro-in-uno<\/strong> che unisce le funzioni di spazzare, lavare, strofinare e aspirare, garantendo un\u2019igiene completa su vari tipi di pavimento. Con una potenza di aspirazione di 17.000 Pa, \u00e8 in grado di rimuovere le macchie pi\u00f9 ostinate senza lasciare tracce. Dotato di una spazzola laterale che permette la pulizia dei bordi in modo preciso, il Pudu CC1 \u00e8 progettato per garantire un\u2019igiene perfetta, anche negli angoli pi\u00f9 difficili da raggiungere.<\/p>\n<p>Main Technical Features:<\/p>\n<ul>\n<li><strong>Modalit\u00e0 di pulizia<\/strong>: Spazzare, Lavare, Strofinare, Aspirare<\/li>\n<li><strong>Capacit\u00e0 dei serbatoi<\/strong>:\n<ul>\n<li>Serbatoio acqua pulita: 15 litri<\/li>\n<li>Serbatoio acqua sporca: 15 litri<\/li>\n<\/ul>\n<\/li>\n<li><strong>Charging time<\/strong>: &lt; 3 ore<\/li>\n<li><strong>Battery life<\/strong>:\n<ul>\n<li>Scopatura: 5 ore<\/li>\n<li>Aspirazione + Lavaggio: 5 ore<\/li>\n<li>Aspirazione su tappeti: 4 ore<\/li>\n<li>Lavaggio silenzioso: 9 ore<\/li>\n<\/ul>\n<\/li>\n<li><strong>Rumore<\/strong>: &lt; 70 dB<\/li>\n<li><strong>Cruising speed<\/strong>: Fino a 1,2 m\/s<\/li>\n<li><strong>Aspirazione<\/strong>: 10.000 &#8211; 15.000 Pa<\/li>\n<li><strong>Cleaning efficiency<\/strong>: 720-1.200 m\u00b2\/h<\/li>\n<\/ul>\n<p>&nbsp;<\/p>\n<p>Funzionalit\u00e0 di Pulizia Intelligente<\/p>\n<p><strong>Pudu CC1<\/strong> utilizza il sistema di navigazione avanzato <strong>PUDU SLAM<\/strong>, che integra sia la tecnologia Visual SLAM che il Laser SLAM per consentire una mappatura precisa e una navigazione efficiente anche in ambienti complessi. Grazie alla funzionalit\u00e0 di <strong>ripresa dal punto di interruzione<\/strong>, il robot \u00e8 in grado di riprendere automaticamente l\u2019attivit\u00e0 di pulizia nel punto esatto in cui era stato interrotto in caso di batteria scarica.<\/p>\n<p>Funzionalit\u00e0 di Autonomia<\/p>\n<p>Il robot \u00e8 dotato di una <strong>stazione di lavoro esclusiva<\/strong> che permette l\u2019aggiunta e lo scarico automatico dell\u2019acqua, evitando l\u2019intervento manuale. La ricarica avviene automaticamente: quando la batteria si scarica, <strong>Pudu CC1<\/strong> torna autonomamente alla stazione per ricaricarsi.<\/p>\n<p>Impugnatura Allungabile<\/p>\n<p>L\u2019impugnatura allungabile rende la gestione di <strong>Pudu CC1<\/strong> pi\u00f9 ergonomica, facilitando sia la creazione delle mappe di pulizia che la gestione delle emergenze di pulizia.<\/p>\n<p>Controllo Digitale e Reportistica<\/p>\n<p><strong>Pudu CC1<\/strong> \u00e8 equipaggiato con un sistema di monitoraggio digitale che invia notifiche e report in tempo reale sulle prestazioni di pulizia, indicando l\u2019area pulita e il tempo impiegato. Questa funzione consente di monitorare l\u2019efficacia e l\u2019efficienza della pulizia, fornendo informazioni preziose per ottimizzare i processi.<\/p>\n<p>Why choose it<\/p>\n<p><strong>Pudu CC1<\/strong> \u00e8 la scelta ideale per spazi commerciali di grandi dimensioni che necessitano di una pulizia frequente e approfondita. Grazie alla sua capacit\u00e0 di gestire pi\u00f9 funzioni di pulizia in un\u2019unica soluzione, alla sua navigazione autonoma e alla gestione completamente automatica dell\u2019acqua e della ricarica, <strong>Pudu CC1<\/strong> offre un\u2019operativit\u00e0 continua e una manutenzione minima, massimizzando efficienza e risultati.<\/div>\n<p><!-- .vgblk-rw-wrapper --><\/p>","protected":false},"excerpt":{"rendered":"<p><strong>Pudu CC1<\/strong> \u00e8 un robot per pulizie commerciali intelligente e multifunzionale, progettato per offrire una soluzione di pulizia completa in un unico dispositivo. Con capacit\u00e0 di spazzare, lavare, strofinare e aspirare, Pudu CC1 \u00e8 in grado di rispondere a tutte le esigenze di pulizia in ambienti commerciali complessi, offrendo flessibilit\u00e0, autonomia e un\u2019elevata potenza di aspirazione.<\/p>\n<h3><\/h3>","protected":false},"featured_media":1013916,"template":"","meta":[],"pwb-brand":[],"product_brand":[],"product_cat":[634],"product_tag":[],"class_list":{"0":"post-1013538","1":"product","2":"type-product","3":"status-publish","4":"has-post-thumbnail","6":"product_cat-robot-per-reception-e-hospitality","8":"first","9":"instock","10":"shipping-taxable","11":"product-type-simple"},"brands":[],"_links":{"self":[{"href":"https:\/\/store.todsystem.com\/en\/wp-json\/wp\/v2\/product\/1013538","targetHints":{"allow":["GET"]}}],"collection":[{"href":"https:\/\/store.todsystem.com\/en\/wp-json\/wp\/v2\/product"}],"about":[{"href":"https:\/\/store.todsystem.com\/en\/wp-json\/wp\/v2\/types\/product"}],"version-history":[{"count":3,"href":"https:\/\/store.todsystem.com\/en\/wp-json\/wp\/v2\/product\/1013538\/revisions"}],"predecessor-version":[{"id":1017068,"href":"https:\/\/store.todsystem.com\/en\/wp-json\/wp\/v2\/product\/1013538\/revisions\/1017068"}],"wp:featuredmedia":[{"embeddable":true,"href":"https:\/\/store.todsystem.com\/en\/wp-json\/wp\/v2\/media\/1013916"}],"wp:attachment":[{"href":"https:\/\/store.todsystem.com\/en\/wp-json\/wp\/v2\/media?parent=1013538"}],"wp:term":[{"taxonomy":"pwb-brand","embeddable":true,"href":"https:\/\/store.todsystem.com\/en\/wp-json\/wp\/v2\/pwb-brand?post=1013538"},{"taxonomy":"product_brand","embeddable":true,"href":"https:\/\/store.todsystem.com\/en\/wp-json\/wp\/v2\/product_brand?post=1013538"},{"taxonomy":"product_cat","embeddable":true,"href":"https:\/\/store.todsystem.com\/en\/wp-json\/wp\/v2\/product_cat?post=1013538"},{"taxonomy":"product_tag","embeddable":true,"href":"https:\/\/store.todsystem.com\/en\/wp-json\/wp\/v2\/product_tag?post=1013538"}],"curies":[{"name":"wp","href":"https:\/\/api.w.org\/{rel}","templated":true}]}}