{"id":1013499,"date":"2025-07-03T07:50:06","date_gmt":"2025-07-03T07:50:06","guid":{"rendered":"https:\/\/store.todsystem.com\/?post_type=product&#038;p=1013499"},"modified":"2025-07-03T07:50:06","modified_gmt":"2025-07-03T07:50:06","slug":"pudu-holabot","status":"publish","type":"product","link":"https:\/\/store.todsystem.com\/en\/product\/pudu-holabot\/","title":{"rendered":"PUDU HolaBot"},"content":{"rendered":"<div class=\"vgblk-rw-wrapper limit-wrapper\">The <strong>Pudu HolaBot<\/strong> \u00e8 un robot progettato per ottimizzare la raccolta e il trasporto di oggetti in una vasta gamma di ambienti. Con un volume di carico eccezionale di 120 litri e una capacit\u00e0 massima di 60 kg, HolaBot \u00e8 perfetto per ambienti dinamici come ristoranti, uffici e ospedali. Dotato di tecnologia avanzata come il riconoscimento vocale e dei gesti, il robot rende il servizio pi\u00f9 veloce e igienico, eliminando la necessit\u00e0 di contatto fisico con i pulsanti.<\/p>\n<p>Main technical features:<\/p>\n<ul>\n<li><strong>Dimensions<\/strong>: 54.2 x 53.4 x 122.8 cm<\/li>\n<li><strong>Weight<\/strong>: 55 kg<\/li>\n<li><strong>Material<\/strong>: ABS e lega di alluminio aeronautico<\/li>\n<li><strong>Load capacity<\/strong>: Fino a 60 kg<\/li>\n<li><strong>Volume di carico<\/strong>: 120 litri<\/li>\n<li><strong>Battery life<\/strong>: 12 ore (senza carico)<\/li>\n<li><strong>Charging time<\/strong>: 4,5 ore<\/li>\n<li><strong>Cruising speed<\/strong>: Regolabile da 0,2 a 1,2 m\/s<\/li>\n<li><strong>Capacit\u00e0 di ogni ripiano<\/strong>: 15 kg<\/li>\n<li><strong>Schermo LCD<\/strong>: TFT da 1,3 pollici<\/li>\n<\/ul>\n<p>&nbsp;<\/p>\n<p>Performance<\/p>\n<p>Grazie alla capacit\u00e0 di carico di ben 60 kg e ai 4 vassoi regolabili, <strong>HolaBot<\/strong> pu\u00f2 raccogliere e trasportare diversi articoli in un solo viaggio, riducendo il numero di viaggi necessari e aumentando l\u2019efficienza operativa. \u00c8 ideale per la raccolta multiscenario, gestendo la consegna di pi\u00f9 ordini in un solo passaggio e ottimizzando la velocit\u00e0 del servizio.<\/p>\n<p>Technology and Security<\/p>\n<p>HolaBot \u00e8 equipaggiato con sensori avanzati e un modulo di riconoscimento dei gesti che consente di attivare il robot con semplici movimenti, rendendo il suo utilizzo intuitivo e senza contatto. Con il comando vocale &#8220;Hola Hola&#8221; e il microfono omnidirezionale a sei array, HolaBot riesce a identificare la direzione dei suoni e a rispondere in tempo reale. La cabina interna \u00e8 certificata IPX5 per resistere agli schizzi, garantendo una pulizia e igiene impeccabili durante l&#8217;operativit\u00e0.<\/p>\n<p>Funzione di Cercapersone e Connettivit\u00e0<\/p>\n<p>La funzione di cercapersone integrata permette agli utenti di richiamare HolaBot in qualsiasi momento per assegnargli nuove attivit\u00e0, massimizzando la flessibilit\u00e0 operativa. La comunicazione avviene tramite una rete LoRa ad hoc, consentendo al robot di operare in spazi fino a 3000 mq senza problemi di connessione. Il display LCD offre un\u2019interfaccia intuitiva e permette una facile gestione dei comandi e delle comunicazioni operative.<\/p>\n<p>Why choose it<\/p>\n<p>The <strong>Pudu HolaBot<\/strong> \u00e8 ideale per chi cerca un sistema di trasporto interno versatile e ad alte prestazioni. Con caratteristiche come la resistenza all\u2019acqua, la tecnologia di riconoscimento vocale e gestuale e una funzione cercapersone, HolaBot rende le operazioni di raccolta e trasporto pi\u00f9 efficienti e sicure. \u00c8 una soluzione perfetta per migliorare la produttivit\u00e0 e la soddisfazione dei clienti nei settori della ristorazione, della sanit\u00e0 e dell\u2019industria.<\/div>\n<p><!-- .vgblk-rw-wrapper --><\/p>","protected":false},"excerpt":{"rendered":"<p>Pudu HolaBot is Pudu's first multi-scenario collection robot designed to offer efficient solutions in the catering, office, hospital and industrial sectors. With a large load capacity, voice recognition, water resistance and a paging function, HolaBot is an innovative choice for optimizing internal logistics and improving speed of service.<\/p>\n<p>&nbsp;<\/p>","protected":false},"featured_media":1013544,"template":"","meta":[],"pwb-brand":[],"product_brand":[],"product_cat":[634],"product_tag":[],"class_list":{"0":"post-1013499","1":"product","2":"type-product","3":"status-publish","4":"has-post-thumbnail","6":"product_cat-robot-per-reception-e-hospitality","8":"first","9":"instock","10":"shipping-taxable","11":"product-type-simple"},"brands":[],"_links":{"self":[{"href":"https:\/\/store.todsystem.com\/en\/wp-json\/wp\/v2\/product\/1013499","targetHints":{"allow":["GET"]}}],"collection":[{"href":"https:\/\/store.todsystem.com\/en\/wp-json\/wp\/v2\/product"}],"about":[{"href":"https:\/\/store.todsystem.com\/en\/wp-json\/wp\/v2\/types\/product"}],"version-history":[{"count":3,"href":"https:\/\/store.todsystem.com\/en\/wp-json\/wp\/v2\/product\/1013499\/revisions"}],"predecessor-version":[{"id":1017073,"href":"https:\/\/store.todsystem.com\/en\/wp-json\/wp\/v2\/product\/1013499\/revisions\/1017073"}],"wp:featuredmedia":[{"embeddable":true,"href":"https:\/\/store.todsystem.com\/en\/wp-json\/wp\/v2\/media\/1013544"}],"wp:attachment":[{"href":"https:\/\/store.todsystem.com\/en\/wp-json\/wp\/v2\/media?parent=1013499"}],"wp:term":[{"taxonomy":"pwb-brand","embeddable":true,"href":"https:\/\/store.todsystem.com\/en\/wp-json\/wp\/v2\/pwb-brand?post=1013499"},{"taxonomy":"product_brand","embeddable":true,"href":"https:\/\/store.todsystem.com\/en\/wp-json\/wp\/v2\/product_brand?post=1013499"},{"taxonomy":"product_cat","embeddable":true,"href":"https:\/\/store.todsystem.com\/en\/wp-json\/wp\/v2\/product_cat?post=1013499"},{"taxonomy":"product_tag","embeddable":true,"href":"https:\/\/store.todsystem.com\/en\/wp-json\/wp\/v2\/product_tag?post=1013499"}],"curies":[{"name":"wp","href":"https:\/\/api.w.org\/{rel}","templated":true}]}}