{"id":1010611,"date":"2024-09-05T09:51:36","date_gmt":"2024-09-05T09:51:36","guid":{"rendered":"https:\/\/store.todsystem.com\/prodotto\/m42p-010-s260-r\/"},"modified":"2025-06-11T11:59:51","modified_gmt":"2025-06-11T11:59:51","slug":"servomotore-dynamixel-p-pm42-010-s260-r","status":"publish","type":"product","link":"https:\/\/store.todsystem.com\/en\/product\/servomotore-dynamixel-p-pm42-010-s260-r\/","title":{"rendered":"Servomotor Dynamixel-P PM42-010-S260-R"},"content":{"rendered":"<div class=\"vgblk-rw-wrapper limit-wrapper\">\n<h2>M42P-010-S260-R: Il Servomotore Dynamixel di Eccellenza per Applicazioni Professionali<\/h2>\n<p>The <b>servomotore Dynamixel-P M42P-010-S260-R<\/b> rappresenta la scelta ideale per ingegneri e professionisti nel campo della robotica. Completamente programmabile, questo servomotore \u00e8 dotato di un motore DC di alta qualit\u00e0, un riduttore, un controllore e un driver, tutti componenti che contribuiscono a prestazioni superiori.<\/p>\n<div class=\"container-video\" align=\"center\">\n<p style=\"text-align: left\">Grazie all&#8217;integrazione di un&#8217;innovativa tabella di controllo della <a class=\"catalogue\" title=\"Dynamixel X-Series\" href=\"https:\/\/www.generationrobots.com\/it\/355-dynamixel-serie-x\" rel=\"nofollow noopener\" target=\"_blank\">serie X<\/a>, l&#8217;M42P-010-S260-R consente un controllo preciso della coppia, della velocit\u00e0 e della posizione. L&#8217;uso combinato di un encoder assoluto senza contatto e di un encoder incrementale garantisce un&#8217;accuratezza ottimale, rendendo questo servomotore un asset fondamentale per ogni progetto robotico.<\/p>\n<h2 style=\"text-align: left\">Novit\u00e0 rispetto al Modello M42-010-S260-R<\/h2>\n<p style=\"text-align: left\">Questa versione migliorata dell&#8217;<a class=\"catalogue\" title=\"Dynamixel-P Servomotors M42-010-S260-R\" href=\"https:\/\/www.generationrobots.com\/it\/403391-servomotore-dynamixel-p-pm42-010-s260-r.html\" rel=\"nofollow noopener\" target=\"_blank\">M42-010-S260-R<\/a> introduce numerosi avanzamenti tecnici:<\/p>\n<ul>\n<li style=\"text-align: left\">Connessione tramite <a class=\"catalogue\" title=\"10 X4P Convertible cables for Dynamixel X-series (RS-485) - 180 mm\" href=\"https:\/\/www.generationrobots.com\/it\/403252-10-x4p-cavi-convertibili-per-dynamixel-serie-x-rs-485-180-mm.html\" rel=\"nofollow noopener\" target=\"_blank\">JST connector<\/a>, che offre maggiore affidabilit\u00e0 e compatibilit\u00e0 con i cavi robotici X4P.<\/li>\n<li style=\"text-align: left\">Design ottimizzato per resistenza alla polvere e agli agenti esterni, garantendo durata e prestazioni superiori.<\/li>\n<li style=\"text-align: left\">Materiale in lega di metalli preziosi, migliorando la dissipazione del calore e riducendo il rumore, per una vita operativa prolungata.<\/li>\n<\/ul>\n<p style=\"text-align: left\">Con un tempo di risposta ridotto, il servomotore Dynamixel M42P-010-S260-R \u00e8 ideale per una vasta gamma di applicazioni robotiche, dove velocit\u00e0, precisione e scalabilit\u00e0 sono fondamentali.<\/p>\n<h2 style=\"text-align: left\">Specifiche Tecniche del Servomotore M42P-010-S260-R<\/h2>\n<ul>\n<li style=\"text-align: left\">Controllore: Cortex-M4 (168 [MHz], 32 [bit])<\/li>\n<li style=\"text-align: left\">Supply voltage: 24 V<\/li>\n<li style=\"text-align: left\">No-load speed: 28 RPM<\/li>\n<li style=\"text-align: left\">No-load current: 0.52 A<\/li>\n<li style=\"text-align: left\">Coppia massima: 1,7 Nm<\/li>\n<li style=\"text-align: left\">Velocit\u00e0 operativa: 26 RPM<\/li>\n<li style=\"text-align: left\">Corrente operativa: 0,6 A<\/li>\n<li style=\"text-align: left\">Resolution: 0.0007 x 526.374 at 360\u00b0<\/li>\n<li style=\"text-align: left\">Sensori di posizione: encoder incrementale e encoder assoluto senza contatto<\/li>\n<li style=\"text-align: left\">Operating temperature: -5 to 55\u00b0C<\/li>\n<li style=\"text-align: left\">Motore: senza nucleo Maxon<\/li>\n<li style=\"text-align: left\">Transmission rate: 9600 to 10,500,000 Bds<\/li>\n<li style=\"text-align: left\">Control algorithm: PID<\/li>\n<li style=\"text-align: left\">Tipo di trasmissione: ciclodale<\/li>\n<li style=\"text-align: left\">Materiale alloggiamento e ingranaggi: lega di metalli preziosi<\/li>\n<li style=\"text-align: left\">Dimensioni: 42 x 72 x 42 mm<\/li>\n<li style=\"text-align: left\">Weight: 270 g<\/li>\n<li style=\"text-align: left\">Reduction ratio: 257:1<\/li>\n<li style=\"text-align: left\">Segnale digitale: pacchetto<\/li>\n<li style=\"text-align: left\">Comunicazione seriale: asincrona half duplex (8 bit, 1 stop, nessuna parit\u00e0)<\/li>\n<li style=\"text-align: left\">Physical connection: RS485 multidrop bus<\/li>\n<li style=\"text-align: left\">ID supportati: 0-252<\/li>\n<li style=\"text-align: left\">Retroazione disponibile: posizione, velocit\u00e0, corrente, temperatura, tensione, porta esterna, ecc.<\/li>\n<li style=\"text-align: left\">Protocol version: 2<\/li>\n<li style=\"text-align: left\">Output: 10 W<\/li>\n<li style=\"text-align: left\">Standby current: 30 mA<\/li>\n<\/ul>\n<\/div>\n<\/div>\n<p><!-- .vgblk-rw-wrapper --><\/p>","protected":false},"excerpt":{"rendered":"<p>The <strong>Dynamixel M42P-010-S260-R<\/strong> Is a top servo motor in the series <strong>Dynamixel-P<\/strong> by <strong>Robotis<\/strong>, designed to deliver outstanding performance.<\/p>\n<p>With a <strong>accuracy<\/strong> unparalleled and an <strong>couple<\/strong> high, this motor is ideal for robotic applications that require smooth and controlled movements.  Its robustness and durability make it perfect for long-term projects.<\/p>","protected":false},"featured_media":1012171,"template":"","meta":[],"pwb-brand":[],"product_brand":[],"product_cat":[622],"product_tag":[],"class_list":{"0":"post-1010611","1":"product","2":"type-product","3":"status-publish","4":"has-post-thumbnail","6":"product_cat-servomotori","8":"first","9":"instock","10":"shipping-taxable","11":"product-type-simple"},"brands":[],"_links":{"self":[{"href":"https:\/\/store.todsystem.com\/en\/wp-json\/wp\/v2\/product\/1010611","targetHints":{"allow":["GET"]}}],"collection":[{"href":"https:\/\/store.todsystem.com\/en\/wp-json\/wp\/v2\/product"}],"about":[{"href":"https:\/\/store.todsystem.com\/en\/wp-json\/wp\/v2\/types\/product"}],"version-history":[{"count":6,"href":"https:\/\/store.todsystem.com\/en\/wp-json\/wp\/v2\/product\/1010611\/revisions"}],"predecessor-version":[{"id":1015063,"href":"https:\/\/store.todsystem.com\/en\/wp-json\/wp\/v2\/product\/1010611\/revisions\/1015063"}],"wp:featuredmedia":[{"embeddable":true,"href":"https:\/\/store.todsystem.com\/en\/wp-json\/wp\/v2\/media\/1012171"}],"wp:attachment":[{"href":"https:\/\/store.todsystem.com\/en\/wp-json\/wp\/v2\/media?parent=1010611"}],"wp:term":[{"taxonomy":"pwb-brand","embeddable":true,"href":"https:\/\/store.todsystem.com\/en\/wp-json\/wp\/v2\/pwb-brand?post=1010611"},{"taxonomy":"product_brand","embeddable":true,"href":"https:\/\/store.todsystem.com\/en\/wp-json\/wp\/v2\/product_brand?post=1010611"},{"taxonomy":"product_cat","embeddable":true,"href":"https:\/\/store.todsystem.com\/en\/wp-json\/wp\/v2\/product_cat?post=1010611"},{"taxonomy":"product_tag","embeddable":true,"href":"https:\/\/store.todsystem.com\/en\/wp-json\/wp\/v2\/product_tag?post=1010611"}],"curies":[{"name":"wp","href":"https:\/\/api.w.org\/{rel}","templated":true}]}}