{"id":1010597,"date":"2024-09-05T09:51:36","date_gmt":"2024-09-05T09:51:36","guid":{"rendered":"https:\/\/store.todsystem.com\/prodotto\/mx-106t-6pcs-bulk\/"},"modified":"2025-06-11T11:59:51","modified_gmt":"2025-06-11T11:59:51","slug":"confezione-di-6-servomotori-dynamixel-mx-106t","status":"publish","type":"product","link":"https:\/\/store.todsystem.com\/en\/product\/confezione-di-6-servomotori-dynamixel-mx-106t\/","title":{"rendered":"Pack of 6 Dynamixel MX-106T servo motors"},"content":{"rendered":"<div class=\"vgblk-rw-wrapper limit-wrapper\">\n<h2>Servomotori Dynamixel MX-106T: Potenza e Precisione al Vostro Servizio<\/h2>\n<p>Scoprite il <a class=\"catalogue\" title=\"Dynamixel MX-106T servo motor\" href=\"https:\/\/www.generationrobots.com\/it\/401079-servomotore-dynamixel-mx-106t.html\" rel=\"nofollow noopener\" target=\"_blank\">servomotore Dynamixel MX-106T<\/a>, il cuore pulsante dei vostri progetti robotici! Con un robusto alloggiamento in alluminio progettato per resistere al surriscaldamento, questo servomotore offre torsioni elevate e rapporti di trasmissione senza precedenti. La sua avanzata capacit\u00e0 di controllo della velocit\u00e0 e della posizione vi permetter\u00e0 di realizzare applicazioni altamente precise e reattive.<\/p>\n<p>Questa confezione include 6 servomotori, tutti dotati di connessione seriale TTL, ideali per assemblaggi facili e veloci. Nota: la confezione non include accessori come <a class=\"catalogue\" title=\"Power supply for Dynamixel components and servomotors\" href=\"https:\/\/www.generationrobots.com\/it\/134-moduli-e-parti-dynamixel\" rel=\"nofollow noopener\" target=\"_blank\">screws, frames and spreaders<\/a>, per garantirvi un&#8217;esperienza d\u2019uso puramente dedicata ai servomotori.<\/p>\n<h2>Confezione di 6 Servomotori Robotis 902-0071-000: Costruisci il Tuo Robot Umanoide<\/h2>\n<p>Sogni di costruire il tuo robot umanoide all&#8217;avanguardia? Con i servomotori della serie MX, inclusi i potenti MX-106T, potete dare vita a bracci articolati e mani robotiche di alta precisione che porteranno i vostri progetti a un nuovo livello! Scoprite le infinite possibilit\u00e0 di innovazione robotica.<\/p>\n<h2>Specifiche Tecniche dei Servomotori MX-106T<\/h2>\n<ul>\n<li><strong>Weight:<\/strong> 153 g<\/li>\n<li><strong>Dimensions:<\/strong> 40,2 x 65,1 x 46 mm<\/li>\n<li><strong>Reduction ratio:<\/strong> 225 : 1<\/li>\n<li><strong>Coppia di stallo:<\/strong> 8 @ 10 V; 8,4 @ 12 V; 10 @ 14,8 V<\/li>\n<li><strong>Corrente di stallo:<\/strong> 4,8 @ 10 V; 5,2 @ 12 V; 6,3 @ 14,8 V<\/li>\n<li><strong>No-load speed:<\/strong> 41 @ 10 V; 45 @ 12 V; 55 @ 14,8 V<\/li>\n<li><strong>Motor:<\/strong> Maxon<\/li>\n<li><strong>Minimum control angle:<\/strong> ca. 0,088\u00b0 x 4,096<\/li>\n<li><strong>Field of operation:<\/strong><\/li>\n<li><strong>Modalit\u00e0 attuatore:<\/strong> 360\u00b0<\/li>\n<li><strong>Modalit\u00e0 servo:<\/strong> continuous rotation<\/li>\n<li><strong>Operating voltage:<\/strong> da 10 a 14,8 V (consigliata: 12 V)<\/li>\n<li><strong>Operating temperature:<\/strong> -5\u00b0C to 80\u00b0C<\/li>\n<li><strong>Control signal:<\/strong> digital package<\/li>\n<li><strong>Communication protocol:<\/strong> seriale asincrona (8 bit, 1 stop, nessuna parit\u00e0)<\/li>\n<li><strong>Link:<\/strong> Bus TTL Multi Drop (connettore a margherita)<\/li>\n<li><strong>Available IDs:<\/strong> 254 (0-253)<\/li>\n<li><strong>Tasso di trasmissione:<\/strong> 8000 bps a ca. 4,5 Mbps<\/li>\n<li><strong>Feedback functions:<\/strong> position, temperature, load, supply voltage, etc.<\/li>\n<li><strong>Case:<\/strong> industrial plastic<\/li>\n<li><strong>Gears:<\/strong> in metallo<\/li>\n<li><strong>Position sensor:<\/strong> AMS absolute non-contact encoder<\/li>\n<li><strong>Default position:<\/strong> ID#1 - 57600 bps<\/li>\n<\/ul>\n<\/div>\n<p><!-- .vgblk-rw-wrapper --><\/p>","protected":false},"excerpt":{"rendered":"<p>Develop high-end robotic projects with the Dynamixel MX-106T servo motors.  This 6-pack, equipped with TTL communication, offers the maximum power of the MX series, ideal for making robust joints and precise movements.  Perfect for creating robotic arms, prehensile hands, and more.<\/p>","protected":false},"featured_media":1012200,"template":"","meta":[],"pwb-brand":[],"product_brand":[],"product_cat":[622],"product_tag":[],"class_list":{"0":"post-1010597","1":"product","2":"type-product","3":"status-publish","4":"has-post-thumbnail","6":"product_cat-servomotori","8":"first","9":"instock","10":"shipping-taxable","11":"product-type-simple"},"brands":[],"_links":{"self":[{"href":"https:\/\/store.todsystem.com\/en\/wp-json\/wp\/v2\/product\/1010597","targetHints":{"allow":["GET"]}}],"collection":[{"href":"https:\/\/store.todsystem.com\/en\/wp-json\/wp\/v2\/product"}],"about":[{"href":"https:\/\/store.todsystem.com\/en\/wp-json\/wp\/v2\/types\/product"}],"version-history":[{"count":5,"href":"https:\/\/store.todsystem.com\/en\/wp-json\/wp\/v2\/product\/1010597\/revisions"}],"predecessor-version":[{"id":1015049,"href":"https:\/\/store.todsystem.com\/en\/wp-json\/wp\/v2\/product\/1010597\/revisions\/1015049"}],"wp:featuredmedia":[{"embeddable":true,"href":"https:\/\/store.todsystem.com\/en\/wp-json\/wp\/v2\/media\/1012200"}],"wp:attachment":[{"href":"https:\/\/store.todsystem.com\/en\/wp-json\/wp\/v2\/media?parent=1010597"}],"wp:term":[{"taxonomy":"pwb-brand","embeddable":true,"href":"https:\/\/store.todsystem.com\/en\/wp-json\/wp\/v2\/pwb-brand?post=1010597"},{"taxonomy":"product_brand","embeddable":true,"href":"https:\/\/store.todsystem.com\/en\/wp-json\/wp\/v2\/product_brand?post=1010597"},{"taxonomy":"product_cat","embeddable":true,"href":"https:\/\/store.todsystem.com\/en\/wp-json\/wp\/v2\/product_cat?post=1010597"},{"taxonomy":"product_tag","embeddable":true,"href":"https:\/\/store.todsystem.com\/en\/wp-json\/wp\/v2\/product_tag?post=1010597"}],"curies":[{"name":"wp","href":"https:\/\/api.w.org\/{rel}","templated":true}]}}